{"id":13238,"date":"2025-12-04T17:13:04","date_gmt":"2025-12-04T09:13:04","guid":{"rendered":"https:\/\/www.cnxiangfu.com\/product\/sac-fourre-tout-bagsmart-pour-femmes-sac-fourre-tout-avec-fermeture-eclair-fourre-tout-de-travail-avec-compartiments-sac-a-epaule-dinfirmiere-pour-voyage-salle-de-sport\/"},"modified":"2025-12-04T17:13:04","modified_gmt":"2025-12-04T09:13:04","slug":"sac-fourre-tout-bagsmart-pour-femmes-sac-fourre-tout-avec-fermeture-eclair-fourre-tout-de-travail-avec-compartiments-sac-a-epaule-dinfirmiere-pour-voyage-salle-de-sport","status":"publish","type":"product","link":"https:\/\/www.cnxiangfu.com\/fr\/produit\/sac-fourre-tout-bagsmart-pour-femmes-sac-fourre-tout-avec-fermeture-eclair-fourre-tout-de-travail-avec-compartiments-sac-a-epaule-dinfirmiere-pour-voyage-salle-de-sport\/","title":{"rendered":"Sac fourre-tout BAGSMART pour femmes, sac fourre-tout avec fermeture \u00e9clair, fourre-tout de travail avec compartiments, sac \u00e0 \u00e9paule d\u2019infirmi\u00e8re pour voyage, salle de sport"},"content":{"rendered":"","protected":false},"excerpt":{"rendered":"<p>Nom du produit : Sac en toile Mat\u00e9riau : toile<\/p>\n<p>Taille : 35*40*12 cm<\/p>\n<p>Style : Mode<\/p>\n<p>Province : Zhejiang, Chine<\/p>\n<p>Saison : Quatre saisons<\/p>\n<p> \u00bb Application : Voyage<\/p>\n","protected":false},"featured_media":13035,"comment_status":"closed","ping_status":"closed","template":"","meta":{"_acf_changed":false},"product_brand":[],"product_cat":[67,97],"product_tag":[],"class_list":{"0":"post-13238","1":"product","2":"type-product","3":"status-publish","4":"has-post-thumbnail","6":"product_cat-non-categorise","7":"product_cat-sacs-en-toile-personnalises","9":"first","10":"onbackorder","11":"shipping-taxable","12":"purchasable","13":"product-type-simple"},"acf":[],"_links":{"self":[{"href":"https:\/\/www.cnxiangfu.com\/fr\/wp-json\/wp\/v2\/product\/13238","targetHints":{"allow":["GET"]}}],"collection":[{"href":"https:\/\/www.cnxiangfu.com\/fr\/wp-json\/wp\/v2\/product"}],"about":[{"href":"https:\/\/www.cnxiangfu.com\/fr\/wp-json\/wp\/v2\/types\/product"}],"replies":[{"embeddable":true,"href":"https:\/\/www.cnxiangfu.com\/fr\/wp-json\/wp\/v2\/comments?post=13238"}],"version-history":[{"count":0,"href":"https:\/\/www.cnxiangfu.com\/fr\/wp-json\/wp\/v2\/product\/13238\/revisions"}],"wp:featuredmedia":[{"embeddable":true,"href":"https:\/\/www.cnxiangfu.com\/fr\/wp-json\/wp\/v2\/media\/13035"}],"wp:attachment":[{"href":"https:\/\/www.cnxiangfu.com\/fr\/wp-json\/wp\/v2\/media?parent=13238"}],"wp:term":[{"taxonomy":"product_brand","embeddable":true,"href":"https:\/\/www.cnxiangfu.com\/fr\/wp-json\/wp\/v2\/product_brand?post=13238"},{"taxonomy":"product_cat","embeddable":true,"href":"https:\/\/www.cnxiangfu.com\/fr\/wp-json\/wp\/v2\/product_cat?post=13238"},{"taxonomy":"product_tag","embeddable":true,"href":"https:\/\/www.cnxiangfu.com\/fr\/wp-json\/wp\/v2\/product_tag?post=13238"}],"curies":[{"name":"wp","href":"https:\/\/api.w.org\/{rel}","templated":true}]}}