{"id":13432,"date":"2025-12-04T17:46:19","date_gmt":"2025-12-04T09:46:19","guid":{"rendered":"https:\/\/www.cnxiangfu.com\/product\/sanwuta-24-pieces-sacs-fourre-tout-en-toile-en-vrac-avec-fermeture-eclair-sacs-cosmetiques-en-coton-en-toile-de-185-avec-poignees-sacs-de-courses-reutilisables\/"},"modified":"2025-12-04T17:46:19","modified_gmt":"2025-12-04T09:46:19","slug":"sanwuta-24-pieces-sacs-fourre-tout-en-toile-en-vrac-avec-fermeture-eclair-sacs-cosmetiques-en-coton-en-toile-de-185-avec-poignees-sacs-de-courses-reutilisables","status":"publish","type":"product","link":"https:\/\/www.cnxiangfu.com\/fr\/produit\/sanwuta-24-pieces-sacs-fourre-tout-en-toile-en-vrac-avec-fermeture-eclair-sacs-cosmetiques-en-coton-en-toile-de-185-avec-poignees-sacs-de-courses-reutilisables\/","title":{"rendered":"Sanwuta 24 pi\u00e8ces sacs fourre-tout en toile en vrac avec fermeture \u00e9clair sacs cosm\u00e9tiques en coton en toile de 18,5&Prime; avec poign\u00e9es sacs de courses r\u00e9utilisables"},"content":{"rendered":"","protected":false},"excerpt":{"rendered":"<p>Nom du produit : Sac en toile Mat\u00e9riau : toile<\/p>\n<p>Taille : 35*40*12 cm<\/p>\n<p>Style : Mode<\/p>\n<p>Province : Zhejiang, Chine<\/p>\n<p>Saison : Quatre saisons<\/p>\n<p> \u00bb Application : Voyage<\/p>\n","protected":false},"featured_media":13080,"comment_status":"closed","ping_status":"closed","template":"","meta":{"_acf_changed":false},"product_brand":[],"product_cat":[67,97],"product_tag":[],"class_list":{"0":"post-13432","1":"product","2":"type-product","3":"status-publish","4":"has-post-thumbnail","6":"product_cat-non-categorise","7":"product_cat-sacs-en-toile-personnalises","9":"first","10":"onbackorder","11":"shipping-taxable","12":"purchasable","13":"product-type-simple"},"acf":[],"_links":{"self":[{"href":"https:\/\/www.cnxiangfu.com\/fr\/wp-json\/wp\/v2\/product\/13432","targetHints":{"allow":["GET"]}}],"collection":[{"href":"https:\/\/www.cnxiangfu.com\/fr\/wp-json\/wp\/v2\/product"}],"about":[{"href":"https:\/\/www.cnxiangfu.com\/fr\/wp-json\/wp\/v2\/types\/product"}],"replies":[{"embeddable":true,"href":"https:\/\/www.cnxiangfu.com\/fr\/wp-json\/wp\/v2\/comments?post=13432"}],"version-history":[{"count":0,"href":"https:\/\/www.cnxiangfu.com\/fr\/wp-json\/wp\/v2\/product\/13432\/revisions"}],"wp:featuredmedia":[{"embeddable":true,"href":"https:\/\/www.cnxiangfu.com\/fr\/wp-json\/wp\/v2\/media\/13080"}],"wp:attachment":[{"href":"https:\/\/www.cnxiangfu.com\/fr\/wp-json\/wp\/v2\/media?parent=13432"}],"wp:term":[{"taxonomy":"product_brand","embeddable":true,"href":"https:\/\/www.cnxiangfu.com\/fr\/wp-json\/wp\/v2\/product_brand?post=13432"},{"taxonomy":"product_cat","embeddable":true,"href":"https:\/\/www.cnxiangfu.com\/fr\/wp-json\/wp\/v2\/product_cat?post=13432"},{"taxonomy":"product_tag","embeddable":true,"href":"https:\/\/www.cnxiangfu.com\/fr\/wp-json\/wp\/v2\/product_tag?post=13432"}],"curies":[{"name":"wp","href":"https:\/\/api.w.org\/{rel}","templated":true}]}}