{"id":1387,"date":"2025-10-16T09:35:01","date_gmt":"2025-10-16T01:35:01","guid":{"rendered":"https:\/\/www.cnxiangfu.com\/product\/sac-isotherme\/"},"modified":"2025-10-30T14:16:21","modified_gmt":"2025-10-30T06:16:21","slug":"sac-isotherme","status":"publish","type":"product","link":"https:\/\/www.cnxiangfu.com\/fr\/produit\/sac-isotherme\/","title":{"rendered":"Sac isotherme"},"content":{"rendered":"\t\t<div data-elementor-type=\"product-post\" data-elementor-id=\"1387\" class=\"elementor elementor-1387 elementor-462\" data-elementor-post-type=\"product\">\n\t\t\t\t<div class=\"elementor-element elementor-element-31f5d34 e-flex e-con-boxed e-con e-parent\" data-id=\"31f5d34\" data-element_type=\"container\" data-e-type=\"container\">\n\t\t\t\t\t<div class=\"e-con-inner\">\n\t\t\t\t<div class=\"elementor-element elementor-element-8de0144 elementor-widget elementor-widget-image\" data-id=\"8de0144\" data-element_type=\"widget\" data-e-type=\"widget\" data-widget_type=\"image.default\">\n\t\t\t\t\t\t\t\t\t\t\t\t\t\t\t<img fetchpriority=\"high\" decoding=\"async\" width=\"800\" height=\"1235\" src=\"https:\/\/www.cnxiangfu.com\/wp-content\/uploads\/2025\/10\/\u8be6\u60c5\u9875A2.png\" class=\"attachment-full size-full wp-image-1405\" alt=\"\" srcset=\"https:\/\/www.cnxiangfu.com\/wp-content\/uploads\/2025\/10\/\u8be6\u60c5\u9875A2.png 800w, https:\/\/www.cnxiangfu.com\/wp-content\/uploads\/2025\/10\/\u8be6\u60c5\u9875A2-194x300.png 194w, https:\/\/www.cnxiangfu.com\/wp-content\/uploads\/2025\/10\/\u8be6\u60c5\u9875A2-663x1024.png 663w, https:\/\/www.cnxiangfu.com\/wp-content\/uploads\/2025\/10\/\u8be6\u60c5\u9875A2-768x1186.png 768w, https:\/\/www.cnxiangfu.com\/wp-content\/uploads\/2025\/10\/\u8be6\u60c5\u9875A2-600x926.png 600w\" sizes=\"(max-width: 800px) 100vw, 800px\" title=\"\">\t\t\t\t\t\t\t\t\t\t\t\t\t\t\t<\/div>\n\t\t\t\t<div class=\"elementor-element elementor-element-c0ce038 elementor-widget elementor-widget-image\" data-id=\"c0ce038\" data-element_type=\"widget\" data-e-type=\"widget\" data-widget_type=\"image.default\">\n\t\t\t\t\t\t\t\t\t\t\t\t\t\t\t<img decoding=\"async\" width=\"800\" height=\"1055\" src=\"https:\/\/www.cnxiangfu.com\/wp-content\/uploads\/2025\/10\/\u8be6\u60c5\u9875A1.png\" class=\"attachment-full size-full wp-image-1404\" alt=\"\" srcset=\"https:\/\/www.cnxiangfu.com\/wp-content\/uploads\/2025\/10\/\u8be6\u60c5\u9875A1.png 800w, https:\/\/www.cnxiangfu.com\/wp-content\/uploads\/2025\/10\/\u8be6\u60c5\u9875A1-227x300.png 227w, https:\/\/www.cnxiangfu.com\/wp-content\/uploads\/2025\/10\/\u8be6\u60c5\u9875A1-776x1024.png 776w, https:\/\/www.cnxiangfu.com\/wp-content\/uploads\/2025\/10\/\u8be6\u60c5\u9875A1-768x1013.png 768w, https:\/\/www.cnxiangfu.com\/wp-content\/uploads\/2025\/10\/\u8be6\u60c5\u9875A1-600x791.png 600w\" sizes=\"(max-width: 800px) 100vw, 800px\" title=\"\">\t\t\t\t\t\t\t\t\t\t\t\t\t\t\t<\/div>\n\t\t\t\t<div class=\"elementor-element elementor-element-94d938f elementor-widget elementor-widget-image\" data-id=\"94d938f\" data-element_type=\"widget\" data-e-type=\"widget\" data-widget_type=\"image.default\">\n\t\t\t\t\t\t\t\t\t\t\t\t\t\t\t<img decoding=\"async\" width=\"790\" height=\"789\" src=\"https:\/\/www.cnxiangfu.com\/wp-content\/uploads\/2025\/10\/\u8be6\u60c5\u9875B1.jpg\" class=\"attachment-full size-full wp-image-1406\" alt=\"\" srcset=\"https:\/\/www.cnxiangfu.com\/wp-content\/uploads\/2025\/10\/\u8be6\u60c5\u9875B1.jpg 790w, https:\/\/www.cnxiangfu.com\/wp-content\/uploads\/2025\/10\/\u8be6\u60c5\u9875B1-300x300.jpg 300w, https:\/\/www.cnxiangfu.com\/wp-content\/uploads\/2025\/10\/\u8be6\u60c5\u9875B1-150x150.jpg 150w, https:\/\/www.cnxiangfu.com\/wp-content\/uploads\/2025\/10\/\u8be6\u60c5\u9875B1-768x767.jpg 768w, https:\/\/www.cnxiangfu.com\/wp-content\/uploads\/2025\/10\/\u8be6\u60c5\u9875B1-650x650.jpg 650w, https:\/\/www.cnxiangfu.com\/wp-content\/uploads\/2025\/10\/\u8be6\u60c5\u9875B1-600x599.jpg 600w, https:\/\/www.cnxiangfu.com\/wp-content\/uploads\/2025\/10\/\u8be6\u60c5\u9875B1-100x100.jpg 100w\" sizes=\"(max-width: 790px) 100vw, 790px\" title=\"\">\t\t\t\t\t\t\t\t\t\t\t\t\t\t\t<\/div>\n\t\t\t\t<div class=\"elementor-element elementor-element-ca76c3a elementor-widget elementor-widget-image\" data-id=\"ca76c3a\" data-element_type=\"widget\" data-e-type=\"widget\" data-widget_type=\"image.default\">\n\t\t\t\t\t\t\t\t\t\t\t\t\t\t\t<img loading=\"lazy\" decoding=\"async\" width=\"790\" height=\"789\" src=\"https:\/\/www.cnxiangfu.com\/wp-content\/uploads\/2025\/10\/\u8be6\u60c5\u9875B2.jpg\" class=\"attachment-full size-full wp-image-1407\" alt=\"\" srcset=\"https:\/\/www.cnxiangfu.com\/wp-content\/uploads\/2025\/10\/\u8be6\u60c5\u9875B2.jpg 790w, https:\/\/www.cnxiangfu.com\/wp-content\/uploads\/2025\/10\/\u8be6\u60c5\u9875B2-300x300.jpg 300w, https:\/\/www.cnxiangfu.com\/wp-content\/uploads\/2025\/10\/\u8be6\u60c5\u9875B2-150x150.jpg 150w, https:\/\/www.cnxiangfu.com\/wp-content\/uploads\/2025\/10\/\u8be6\u60c5\u9875B2-768x767.jpg 768w, https:\/\/www.cnxiangfu.com\/wp-content\/uploads\/2025\/10\/\u8be6\u60c5\u9875B2-650x650.jpg 650w, https:\/\/www.cnxiangfu.com\/wp-content\/uploads\/2025\/10\/\u8be6\u60c5\u9875B2-600x599.jpg 600w, https:\/\/www.cnxiangfu.com\/wp-content\/uploads\/2025\/10\/\u8be6\u60c5\u9875B2-100x100.jpg 100w\" sizes=\"(max-width: 790px) 100vw, 790px\" title=\"\">\t\t\t\t\t\t\t\t\t\t\t\t\t\t\t<\/div>\n\t\t\t\t<div class=\"elementor-element elementor-element-c55fcd3 elementor-widget elementor-widget-image\" data-id=\"c55fcd3\" data-element_type=\"widget\" data-e-type=\"widget\" data-widget_type=\"image.default\">\n\t\t\t\t\t\t\t\t\t\t\t\t\t\t\t<img loading=\"lazy\" decoding=\"async\" width=\"790\" height=\"990\" src=\"https:\/\/www.cnxiangfu.com\/wp-content\/uploads\/2025\/10\/\u8be6\u60c5\u9875B3.png\" class=\"attachment-full size-full wp-image-1408\" alt=\"\" srcset=\"https:\/\/www.cnxiangfu.com\/wp-content\/uploads\/2025\/10\/\u8be6\u60c5\u9875B3.png 790w, https:\/\/www.cnxiangfu.com\/wp-content\/uploads\/2025\/10\/\u8be6\u60c5\u9875B3-239x300.png 239w, https:\/\/www.cnxiangfu.com\/wp-content\/uploads\/2025\/10\/\u8be6\u60c5\u9875B3-768x962.png 768w, https:\/\/www.cnxiangfu.com\/wp-content\/uploads\/2025\/10\/\u8be6\u60c5\u9875B3-600x752.png 600w\" sizes=\"(max-width: 790px) 100vw, 790px\" title=\"\">\t\t\t\t\t\t\t\t\t\t\t\t\t\t\t<\/div>\n\t\t\t\t<div class=\"elementor-element elementor-element-bdf7d3c elementor-widget elementor-widget-image\" data-id=\"bdf7d3c\" data-element_type=\"widget\" data-e-type=\"widget\" data-widget_type=\"image.default\">\n\t\t\t\t\t\t\t\t\t\t\t\t\t\t\t<img loading=\"lazy\" decoding=\"async\" width=\"790\" height=\"990\" src=\"https:\/\/www.cnxiangfu.com\/wp-content\/uploads\/2025\/10\/\u8be6\u60c5\u9875B4.png\" class=\"attachment-full size-full wp-image-1409\" alt=\"\" srcset=\"https:\/\/www.cnxiangfu.com\/wp-content\/uploads\/2025\/10\/\u8be6\u60c5\u9875B4.png 790w, https:\/\/www.cnxiangfu.com\/wp-content\/uploads\/2025\/10\/\u8be6\u60c5\u9875B4-239x300.png 239w, https:\/\/www.cnxiangfu.com\/wp-content\/uploads\/2025\/10\/\u8be6\u60c5\u9875B4-768x962.png 768w, https:\/\/www.cnxiangfu.com\/wp-content\/uploads\/2025\/10\/\u8be6\u60c5\u9875B4-600x752.png 600w\" sizes=\"(max-width: 790px) 100vw, 790px\" title=\"\">\t\t\t\t\t\t\t\t\t\t\t\t\t\t\t<\/div>\n\t\t\t\t<div class=\"elementor-element elementor-element-38d3e8f elementor-widget elementor-widget-image\" data-id=\"38d3e8f\" data-element_type=\"widget\" data-e-type=\"widget\" data-widget_type=\"image.default\">\n\t\t\t\t\t\t\t\t\t\t\t\t\t\t\t<img loading=\"lazy\" decoding=\"async\" width=\"790\" height=\"1023\" src=\"https:\/\/www.cnxiangfu.com\/wp-content\/uploads\/2025\/10\/\u8be6\u60c5\u9875B5.jpg\" class=\"attachment-full size-full wp-image-1410\" alt=\"\" srcset=\"https:\/\/www.cnxiangfu.com\/wp-content\/uploads\/2025\/10\/\u8be6\u60c5\u9875B5.jpg 790w, https:\/\/www.cnxiangfu.com\/wp-content\/uploads\/2025\/10\/\u8be6\u60c5\u9875B5-232x300.jpg 232w, https:\/\/www.cnxiangfu.com\/wp-content\/uploads\/2025\/10\/\u8be6\u60c5\u9875B5-768x995.jpg 768w, https:\/\/www.cnxiangfu.com\/wp-content\/uploads\/2025\/10\/\u8be6\u60c5\u9875B5-600x777.jpg 600w\" sizes=\"(max-width: 790px) 100vw, 790px\" title=\"\">\t\t\t\t\t\t\t\t\t\t\t\t\t\t\t<\/div>\n\t\t\t\t<div class=\"elementor-element elementor-element-8aefc95 elementor-widget elementor-widget-image\" data-id=\"8aefc95\" data-element_type=\"widget\" data-e-type=\"widget\" data-widget_type=\"image.default\">\n\t\t\t\t\t\t\t\t\t\t\t\t\t\t\t<img loading=\"lazy\" decoding=\"async\" width=\"750\" height=\"764\" src=\"https:\/\/www.cnxiangfu.com\/wp-content\/uploads\/2025\/10\/\u8be6\u60c5\u9875C1.png\" class=\"attachment-full size-full wp-image-1411\" alt=\"\" srcset=\"https:\/\/www.cnxiangfu.com\/wp-content\/uploads\/2025\/10\/\u8be6\u60c5\u9875C1.png 750w, https:\/\/www.cnxiangfu.com\/wp-content\/uploads\/2025\/10\/\u8be6\u60c5\u9875C1-295x300.png 295w, https:\/\/www.cnxiangfu.com\/wp-content\/uploads\/2025\/10\/\u8be6\u60c5\u9875C1-600x611.png 600w\" sizes=\"(max-width: 750px) 100vw, 750px\" title=\"\">\t\t\t\t\t\t\t\t\t\t\t\t\t\t\t<\/div>\n\t\t\t\t<div class=\"elementor-element elementor-element-575d232 elementor-widget elementor-widget-image\" data-id=\"575d232\" data-element_type=\"widget\" data-e-type=\"widget\" data-widget_type=\"image.default\">\n\t\t\t\t\t\t\t\t\t\t\t\t\t\t\t<img loading=\"lazy\" decoding=\"async\" width=\"790\" height=\"1612\" src=\"https:\/\/www.cnxiangfu.com\/wp-content\/uploads\/2025\/10\/\u8be6\u60c5\u9875C2.jpg\" class=\"attachment-full size-full wp-image-1412\" alt=\"\" srcset=\"https:\/\/www.cnxiangfu.com\/wp-content\/uploads\/2025\/10\/\u8be6\u60c5\u9875C2.jpg 790w, https:\/\/www.cnxiangfu.com\/wp-content\/uploads\/2025\/10\/\u8be6\u60c5\u9875C2-147x300.jpg 147w, https:\/\/www.cnxiangfu.com\/wp-content\/uploads\/2025\/10\/\u8be6\u60c5\u9875C2-502x1024.jpg 502w, https:\/\/www.cnxiangfu.com\/wp-content\/uploads\/2025\/10\/\u8be6\u60c5\u9875C2-768x1567.jpg 768w, https:\/\/www.cnxiangfu.com\/wp-content\/uploads\/2025\/10\/\u8be6\u60c5\u9875C2-753x1536.jpg 753w, https:\/\/www.cnxiangfu.com\/wp-content\/uploads\/2025\/10\/\u8be6\u60c5\u9875C2-600x1224.jpg 600w\" sizes=\"(max-width: 790px) 100vw, 790px\" title=\"\">\t\t\t\t\t\t\t\t\t\t\t\t\t\t\t<\/div>\n\t\t\t\t<div class=\"elementor-element elementor-element-c5f55bc elementor-widget elementor-widget-image\" data-id=\"c5f55bc\" data-element_type=\"widget\" data-e-type=\"widget\" data-widget_type=\"image.default\">\n\t\t\t\t\t\t\t\t\t\t\t\t\t\t\t<img loading=\"lazy\" decoding=\"async\" width=\"628\" height=\"786\" src=\"https:\/\/www.cnxiangfu.com\/wp-content\/uploads\/2025\/10\/\u8be6\u60c5\u9875C3.png\" class=\"attachment-full size-full wp-image-1413\" alt=\"\" srcset=\"https:\/\/www.cnxiangfu.com\/wp-content\/uploads\/2025\/10\/\u8be6\u60c5\u9875C3.png 628w, https:\/\/www.cnxiangfu.com\/wp-content\/uploads\/2025\/10\/\u8be6\u60c5\u9875C3-240x300.png 240w, https:\/\/www.cnxiangfu.com\/wp-content\/uploads\/2025\/10\/\u8be6\u60c5\u9875C3-600x751.png 600w\" sizes=\"(max-width: 628px) 100vw, 628px\" title=\"\">\t\t\t\t\t\t\t\t\t\t\t\t\t\t\t<\/div>\n\t\t\t\t<div class=\"elementor-element elementor-element-64a909d elementor-widget elementor-widget-image\" data-id=\"64a909d\" data-element_type=\"widget\" data-e-type=\"widget\" data-widget_type=\"image.default\">\n\t\t\t\t\t\t\t\t\t\t\t\t\t\t\t<img loading=\"lazy\" decoding=\"async\" width=\"790\" height=\"1227\" src=\"https:\/\/www.cnxiangfu.com\/wp-content\/uploads\/2025\/10\/\u8be6\u60c5\u9875C4.png\" class=\"attachment-full size-full wp-image-1414\" alt=\"\" srcset=\"https:\/\/www.cnxiangfu.com\/wp-content\/uploads\/2025\/10\/\u8be6\u60c5\u9875C4.png 790w, https:\/\/www.cnxiangfu.com\/wp-content\/uploads\/2025\/10\/\u8be6\u60c5\u9875C4-193x300.png 193w, https:\/\/www.cnxiangfu.com\/wp-content\/uploads\/2025\/10\/\u8be6\u60c5\u9875C4-659x1024.png 659w, https:\/\/www.cnxiangfu.com\/wp-content\/uploads\/2025\/10\/\u8be6\u60c5\u9875C4-768x1193.png 768w, https:\/\/www.cnxiangfu.com\/wp-content\/uploads\/2025\/10\/\u8be6\u60c5\u9875C4-600x932.png 600w\" sizes=\"(max-width: 790px) 100vw, 790px\" title=\"\">\t\t\t\t\t\t\t\t\t\t\t\t\t\t\t<\/div>\n\t\t\t\t\t<\/div>\n\t\t\t\t<\/div>\n\t\t\t\t<\/div>\n\t\t","protected":false},"excerpt":{"rendered":"<p><strong>N\u00b0 A1<\/strong><\/p>\n<p>Nom du produit&nbsp;:Sac isotherme \u00e9tanche<\/p>\n<p>Taille du produit&nbsp;: Largeur 21cm x Hauteur 26cm x Largeur inf\u00e9rieure 11cm (unit\u00e9&nbsp;: centim\u00e8tres)<\/p>\n<p>Tissu du sac : Non-tiss\u00e9<\/p>\n<p>Poign\u00e9e&nbsp;: Sangle en coton \u00e9pais, avec une forte capacit\u00e9 de charge<\/p>\n<p>Utilisation&nbsp;: Sac \u00e0 lunch, stockage des aliments en peu de temps<\/p>\n<p><strong>B1<\/strong><\/p>\n<p>Nom du produit&nbsp;: Sac d\u2019isolation thermique \u00e0 motif de lavage d\u2019encre<\/p>\n<p>Taille du produit&nbsp;: Largeur 23cm x Hauteur 14 cm x Largeur inf\u00e9rieure 20cm (unit\u00e9&nbsp;: centim\u00e8tres)<\/p>\n<p>Tissu du sac : Polyester<\/p>\n<p>Poign\u00e9e&nbsp;: Sangle en coton \u00e9pais, avec une forte capacit\u00e9 de charge<\/p>\n<p>Utilisation&nbsp;: Sac \u00e0 lunch, stockage des aliments en peu de temps<\/p>\n<p><strong>C1<\/strong><\/p>\n<p>Nom du produit&nbsp;:Sac isotherme \u00e9tanche<\/p>\n<p>Taille du produit&nbsp;: Largeur 25cm x Hauteur 16cm x Largeur inf\u00e9rieure 20cm (unit\u00e9&nbsp;: centim\u00e8tres)<\/p>\n<p>Tissu du sac : PVC combin\u00e9 \u00e0 du tissu Oxford<\/p>\n<p>Poign\u00e9e&nbsp;: Sangle en coton \u00e9pais, avec une forte capacit\u00e9 de charge<\/p>\n<p>Utilisation&nbsp;: Sac \u00e0 lunch, stockage des aliments en peu de temps<\/p>\n","protected":false},"featured_media":1388,"comment_status":"open","ping_status":"closed","template":"","meta":{"_acf_changed":false},"product_brand":[],"product_cat":[72],"product_tag":[],"class_list":{"0":"post-1387","1":"product","2":"type-product","3":"status-publish","4":"has-post-thumbnail","6":"product_cat-sac-thermique","8":"first","9":"instock","10":"shipping-taxable","11":"product-type-simple"},"acf":[],"_links":{"self":[{"href":"https:\/\/www.cnxiangfu.com\/fr\/wp-json\/wp\/v2\/product\/1387","targetHints":{"allow":["GET"]}}],"collection":[{"href":"https:\/\/www.cnxiangfu.com\/fr\/wp-json\/wp\/v2\/product"}],"about":[{"href":"https:\/\/www.cnxiangfu.com\/fr\/wp-json\/wp\/v2\/types\/product"}],"replies":[{"embeddable":true,"href":"https:\/\/www.cnxiangfu.com\/fr\/wp-json\/wp\/v2\/comments?post=1387"}],"version-history":[{"count":1,"href":"https:\/\/www.cnxiangfu.com\/fr\/wp-json\/wp\/v2\/product\/1387\/revisions"}],"predecessor-version":[{"id":1415,"href":"https:\/\/www.cnxiangfu.com\/fr\/wp-json\/wp\/v2\/product\/1387\/revisions\/1415"}],"wp:featuredmedia":[{"embeddable":true,"href":"https:\/\/www.cnxiangfu.com\/fr\/wp-json\/wp\/v2\/media\/1388"}],"wp:attachment":[{"href":"https:\/\/www.cnxiangfu.com\/fr\/wp-json\/wp\/v2\/media?parent=1387"}],"wp:term":[{"taxonomy":"product_brand","embeddable":true,"href":"https:\/\/www.cnxiangfu.com\/fr\/wp-json\/wp\/v2\/product_brand?post=1387"},{"taxonomy":"product_cat","embeddable":true,"href":"https:\/\/www.cnxiangfu.com\/fr\/wp-json\/wp\/v2\/product_cat?post=1387"},{"taxonomy":"product_tag","embeddable":true,"href":"https:\/\/www.cnxiangfu.com\/fr\/wp-json\/wp\/v2\/product_tag?post=1387"}],"curies":[{"name":"wp","href":"https:\/\/api.w.org\/{rel}","templated":true}]}}