{"id":16533,"date":"2025-12-11T09:26:17","date_gmt":"2025-12-11T01:26:17","guid":{"rendered":"https:\/\/www.cnxiangfu.com\/?post_type=product&#038;p=16533"},"modified":"2025-12-11T12:31:45","modified_gmt":"2025-12-11T04:31:45","slug":"sac-fourre-tout-en-toile-de-jute-de-12-pieces-mini-sac-reutilisable-en-jute-avec-poignees-petit-cadeau-en-toile-vierge-impermeable-pour-le-mariage-a-la-plage-diy-%e5%a4%8d%e5%88%b6-%e5%a4%8d","status":"publish","type":"product","link":"https:\/\/www.cnxiangfu.com\/fr\/produit\/sac-fourre-tout-en-toile-de-jute-de-12-pieces-mini-sac-reutilisable-en-jute-avec-poignees-petit-cadeau-en-toile-vierge-impermeable-pour-le-mariage-a-la-plage-diy-%e5%a4%8d%e5%88%b6-%e5%a4%8d\/","title":{"rendered":"Sacs fourre-tout en coton en toile vierge, 2 sacs en tissu r\u00e9utilisables pour faire des courses de 2 pi\u00e8ces en pi\u00e8ces pour le bricolage, les cadeaux, les activit\u00e9s"},"content":{"rendered":"\t\t<div data-elementor-type=\"product-post\" data-elementor-id=\"16533\" class=\"elementor elementor-16533 elementor-16531\" data-elementor-post-type=\"product\">\n\t\t\t\t<div class=\"elementor-element elementor-element-31f5d34 e-flex e-con-boxed e-con e-parent\" data-id=\"31f5d34\" data-element_type=\"container\" data-e-type=\"container\">\n\t\t\t\t\t<div class=\"e-con-inner\">\n\t\t\t\t<div class=\"elementor-element elementor-element-b6f4965 elementor-widget elementor-widget-image\" data-id=\"b6f4965\" data-element_type=\"widget\" data-e-type=\"widget\" data-widget_type=\"image.default\">\n\t\t\t\t\t\t\t\t\t\t\t\t\t\t\t<img fetchpriority=\"high\" decoding=\"async\" width=\"1500\" height=\"1022\" src=\"https:\/\/www.cnxiangfu.com\/wp-content\/uploads\/2025\/12\/4-5-27.jpg\" class=\"attachment-full size-full wp-image-16718\" alt=\"\" srcset=\"https:\/\/www.cnxiangfu.com\/wp-content\/uploads\/2025\/12\/4-5-27.jpg 1500w, https:\/\/www.cnxiangfu.com\/wp-content\/uploads\/2025\/12\/4-5-27-300x204.jpg 300w, https:\/\/www.cnxiangfu.com\/wp-content\/uploads\/2025\/12\/4-5-27-1024x698.jpg 1024w, https:\/\/www.cnxiangfu.com\/wp-content\/uploads\/2025\/12\/4-5-27-768x523.jpg 768w, https:\/\/www.cnxiangfu.com\/wp-content\/uploads\/2025\/12\/4-5-27-600x409.jpg 600w\" sizes=\"(max-width: 1500px) 100vw, 1500px\" title=\"\">\t\t\t\t\t\t\t\t\t\t\t\t\t\t\t<\/div>\n\t\t\t\t<div class=\"elementor-element elementor-element-d35bcd5 elementor-widget elementor-widget-image\" data-id=\"d35bcd5\" data-element_type=\"widget\" data-e-type=\"widget\" data-widget_type=\"image.default\">\n\t\t\t\t\t\t\t\t\t\t\t\t\t\t\t<img decoding=\"async\" width=\"433\" height=\"1500\" src=\"https:\/\/www.cnxiangfu.com\/wp-content\/uploads\/2025\/12\/4-6-28.jpg\" class=\"attachment-full size-full wp-image-16719\" alt=\"\" srcset=\"https:\/\/www.cnxiangfu.com\/wp-content\/uploads\/2025\/12\/4-6-28.jpg 433w, https:\/\/www.cnxiangfu.com\/wp-content\/uploads\/2025\/12\/4-6-28-87x300.jpg 87w, https:\/\/www.cnxiangfu.com\/wp-content\/uploads\/2025\/12\/4-6-28-296x1024.jpg 296w\" sizes=\"(max-width: 433px) 100vw, 433px\" title=\"\">\t\t\t\t\t\t\t\t\t\t\t\t\t\t\t<\/div>\n\t\t\t\t<div class=\"elementor-element elementor-element-cfa581b elementor-widget elementor-widget-image\" data-id=\"cfa581b\" data-element_type=\"widget\" data-e-type=\"widget\" data-widget_type=\"image.default\">\n\t\t\t\t\t\t\t\t\t\t\t\t\t\t\t<img decoding=\"async\" width=\"1098\" height=\"1500\" src=\"https:\/\/www.cnxiangfu.com\/wp-content\/uploads\/2025\/12\/4-7-23.jpg\" class=\"attachment-full size-full wp-image-16720\" alt=\"\" srcset=\"https:\/\/www.cnxiangfu.com\/wp-content\/uploads\/2025\/12\/4-7-23.jpg 1098w, https:\/\/www.cnxiangfu.com\/wp-content\/uploads\/2025\/12\/4-7-23-220x300.jpg 220w, https:\/\/www.cnxiangfu.com\/wp-content\/uploads\/2025\/12\/4-7-23-750x1024.jpg 750w, https:\/\/www.cnxiangfu.com\/wp-content\/uploads\/2025\/12\/4-7-23-768x1049.jpg 768w, https:\/\/www.cnxiangfu.com\/wp-content\/uploads\/2025\/12\/4-7-23-600x820.jpg 600w\" sizes=\"(max-width: 1098px) 100vw, 1098px\" title=\"\">\t\t\t\t\t\t\t\t\t\t\t\t\t\t\t<\/div>\n\t\t\t\t\t<\/div>\n\t\t\t\t<\/div>\n\t\t\t\t<\/div>\n\t\t","protected":false},"excerpt":{"rendered":"<p>Nom du produit : Sac<\/p>\n<p>en toile Taille du produit : 17,7*13,7*5,9 pouces<\/p>\n<p>Sac Tissu : Toile<\/p>\n<p>Poign\u00e9e : Sangle en coton, avec une grande capacit\u00e9 portante<\/p>\n<p>Utilisation : Voyages, Shopping, Usage quotidien<\/p>\n","protected":false},"featured_media":6077,"comment_status":"open","ping_status":"closed","template":"","meta":{"_acf_changed":false},"product_brand":[],"product_cat":[67,97],"product_tag":[916,1009,919,920,921,918,915,917],"class_list":{"0":"post-16533","1":"product","2":"type-product","3":"status-publish","4":"has-post-thumbnail","6":"product_cat-non-categorise","7":"product_cat-sacs-en-toile-personnalises","8":"product_tag-sac-fourre-tout-en-toile-de-jute","9":"product_tag-sac-fourre-tout-en-toile-de-jute-2","10":"product_tag-sac-fourre-tout-en-toile-de-jute-avec-poignees-en-cuir","11":"product_tag-sacs-cadeaux-en-toile-de-jute","12":"product_tag-sacs-fourre-tout-en-toile-de-jute-a-vendre","13":"product_tag-sacs-fourre-tout-en-toile-de-jute-en-gros","14":"product_tag-sacs-fourre-tout-en-toile-de-jute-en-vrac","15":"product_tag-sacs-fourre-tout-en-toile-de-jute-ustom","17":"first","18":"onbackorder","19":"shipping-taxable","20":"purchasable","21":"product-type-simple"},"acf":[],"_links":{"self":[{"href":"https:\/\/www.cnxiangfu.com\/fr\/wp-json\/wp\/v2\/product\/16533","targetHints":{"allow":["GET"]}}],"collection":[{"href":"https:\/\/www.cnxiangfu.com\/fr\/wp-json\/wp\/v2\/product"}],"about":[{"href":"https:\/\/www.cnxiangfu.com\/fr\/wp-json\/wp\/v2\/types\/product"}],"replies":[{"embeddable":true,"href":"https:\/\/www.cnxiangfu.com\/fr\/wp-json\/wp\/v2\/comments?post=16533"}],"version-history":[{"count":3,"href":"https:\/\/www.cnxiangfu.com\/fr\/wp-json\/wp\/v2\/product\/16533\/revisions"}],"predecessor-version":[{"id":16723,"href":"https:\/\/www.cnxiangfu.com\/fr\/wp-json\/wp\/v2\/product\/16533\/revisions\/16723"}],"wp:featuredmedia":[{"embeddable":true,"href":"https:\/\/www.cnxiangfu.com\/fr\/wp-json\/wp\/v2\/media\/6077"}],"wp:attachment":[{"href":"https:\/\/www.cnxiangfu.com\/fr\/wp-json\/wp\/v2\/media?parent=16533"}],"wp:term":[{"taxonomy":"product_brand","embeddable":true,"href":"https:\/\/www.cnxiangfu.com\/fr\/wp-json\/wp\/v2\/product_brand?post=16533"},{"taxonomy":"product_cat","embeddable":true,"href":"https:\/\/www.cnxiangfu.com\/fr\/wp-json\/wp\/v2\/product_cat?post=16533"},{"taxonomy":"product_tag","embeddable":true,"href":"https:\/\/www.cnxiangfu.com\/fr\/wp-json\/wp\/v2\/product_tag?post=16533"}],"curies":[{"name":"wp","href":"https:\/\/api.w.org\/{rel}","templated":true}]}}