{"id":16577,"date":"2025-12-11T09:56:26","date_gmt":"2025-12-11T01:56:26","guid":{"rendered":"https:\/\/www.cnxiangfu.com\/?post_type=product&#038;p=16577"},"modified":"2025-12-11T13:27:18","modified_gmt":"2025-12-11T05:27:18","slug":"sac-fourre-tout-en-toile-de-jute-de-12-pieces-mini-sac-reutilisable-en-jute-avec-poignees-petit-cadeau-en-toile-vierge-impermeable-pour-le-mariage-a-la-plage-diy-%e5%a4%8d%e5%88%b6-%e5%a4%8d-2","status":"publish","type":"product","link":"https:\/\/www.cnxiangfu.com\/fr\/produit\/sac-fourre-tout-en-toile-de-jute-de-12-pieces-mini-sac-reutilisable-en-jute-avec-poignees-petit-cadeau-en-toile-vierge-impermeable-pour-le-mariage-a-la-plage-diy-%e5%a4%8d%e5%88%b6-%e5%a4%8d-2\/","title":{"rendered":"Sacs fourre-tout en coton en toile vierge, 2 sacs en tissu r\u00e9utilisables pour faire des courses de 2 pi\u00e8ces en pi\u00e8ces pour le bricolage, les cadeaux, les activit\u00e9s"},"content":{"rendered":"\t\t<div data-elementor-type=\"product-post\" data-elementor-id=\"16577\" class=\"elementor elementor-16577 elementor-16575\" data-elementor-post-type=\"product\">\n\t\t\t\t<div class=\"elementor-element elementor-element-31f5d34 e-flex e-con-boxed e-con e-parent\" data-id=\"31f5d34\" data-element_type=\"container\" data-e-type=\"container\">\n\t\t\t\t\t<div class=\"e-con-inner\">\n\t\t\t\t<div class=\"elementor-element elementor-element-b6f4965 elementor-widget elementor-widget-image\" data-id=\"b6f4965\" data-element_type=\"widget\" data-e-type=\"widget\" data-widget_type=\"image.default\">\n\t\t\t\t\t\t\t\t\t\t\t\t\t\t\t<img fetchpriority=\"high\" decoding=\"async\" width=\"1105\" height=\"1500\" src=\"https:\/\/www.cnxiangfu.com\/wp-content\/uploads\/2025\/12\/4-12-10.jpg\" class=\"attachment-full size-full wp-image-16820\" alt=\"\" srcset=\"https:\/\/www.cnxiangfu.com\/wp-content\/uploads\/2025\/12\/4-12-10.jpg 1105w, https:\/\/www.cnxiangfu.com\/wp-content\/uploads\/2025\/12\/4-12-10-221x300.jpg 221w, https:\/\/www.cnxiangfu.com\/wp-content\/uploads\/2025\/12\/4-12-10-754x1024.jpg 754w, https:\/\/www.cnxiangfu.com\/wp-content\/uploads\/2025\/12\/4-12-10-768x1043.jpg 768w, https:\/\/www.cnxiangfu.com\/wp-content\/uploads\/2025\/12\/4-12-10-600x814.jpg 600w\" sizes=\"(max-width: 1105px) 100vw, 1105px\" title=\"\">\t\t\t\t\t\t\t\t\t\t\t\t\t\t\t<\/div>\n\t\t\t\t<div class=\"elementor-element elementor-element-d35bcd5 elementor-widget elementor-widget-image\" data-id=\"d35bcd5\" data-element_type=\"widget\" data-e-type=\"widget\" data-widget_type=\"image.default\">\n\t\t\t\t\t\t\t\t\t\t\t\t\t\t\t<img decoding=\"async\" width=\"498\" height=\"1500\" src=\"https:\/\/www.cnxiangfu.com\/wp-content\/uploads\/2025\/12\/4-13-9.jpg\" class=\"attachment-full size-full wp-image-16821\" alt=\"\" srcset=\"https:\/\/www.cnxiangfu.com\/wp-content\/uploads\/2025\/12\/4-13-9.jpg 498w, https:\/\/www.cnxiangfu.com\/wp-content\/uploads\/2025\/12\/4-13-9-100x300.jpg 100w, https:\/\/www.cnxiangfu.com\/wp-content\/uploads\/2025\/12\/4-13-9-340x1024.jpg 340w\" sizes=\"(max-width: 498px) 100vw, 498px\" title=\"\">\t\t\t\t\t\t\t\t\t\t\t\t\t\t\t<\/div>\n\t\t\t\t<div class=\"elementor-element elementor-element-cfa581b elementor-widget elementor-widget-image\" data-id=\"cfa581b\" data-element_type=\"widget\" data-e-type=\"widget\" data-widget_type=\"image.default\">\n\t\t\t\t\t\t\t\t\t\t\t\t\t\t\t<img decoding=\"async\" width=\"1500\" height=\"1053\" src=\"https:\/\/www.cnxiangfu.com\/wp-content\/uploads\/2025\/12\/4-14-9.jpg\" class=\"attachment-full size-full wp-image-16822\" alt=\"\" srcset=\"https:\/\/www.cnxiangfu.com\/wp-content\/uploads\/2025\/12\/4-14-9.jpg 1500w, https:\/\/www.cnxiangfu.com\/wp-content\/uploads\/2025\/12\/4-14-9-300x211.jpg 300w, https:\/\/www.cnxiangfu.com\/wp-content\/uploads\/2025\/12\/4-14-9-1024x719.jpg 1024w, https:\/\/www.cnxiangfu.com\/wp-content\/uploads\/2025\/12\/4-14-9-768x539.jpg 768w, https:\/\/www.cnxiangfu.com\/wp-content\/uploads\/2025\/12\/4-14-9-600x421.jpg 600w\" sizes=\"(max-width: 1500px) 100vw, 1500px\" title=\"\">\t\t\t\t\t\t\t\t\t\t\t\t\t\t\t<\/div>\n\t\t\t\t\t<\/div>\n\t\t\t\t<\/div>\n\t\t\t\t<\/div>\n\t\t","protected":false},"excerpt":{"rendered":"<p>Nom du produit : Sac<\/p>\n<p>en toile Taille du produit : 17,7*13,7*5,9 pouces<\/p>\n<p>Sac Tissu : Toile<\/p>\n<p>Poign\u00e9e : Sangle en coton, avec une grande capacit\u00e9 portante<\/p>\n<p>Utilisation : Voyages, Shopping, Usage quotidien<\/p>\n","protected":false},"featured_media":6077,"comment_status":"open","ping_status":"closed","template":"","meta":{"_acf_changed":false},"product_brand":[],"product_cat":[67,97],"product_tag":[1115,1117,1114,1113,920,1116,1118],"class_list":{"0":"post-16577","1":"product","2":"type-product","3":"status-publish","4":"has-post-thumbnail","6":"product_cat-non-categorise","7":"product_cat-sacs-en-toile-personnalises","8":"product_tag-fabricant-de-sacs-fourre-tout-en-toile-en-coton","9":"product_tag-fournisseurs-de-sacs-fourre-tout-en-toile-en-coton","10":"product_tag-sac-fourre-tout-en-coton-en-toile","11":"product_tag-sac-fourre-tout-en-toile-en-coton","12":"product_tag-sacs-cadeaux-en-toile-de-jute","13":"product_tag-sacs-fourre-tout-en-toile-en-coton","14":"product_tag-sacs-fourre-tout-en-toile-en-coton-de-chine","16":"first","17":"onbackorder","18":"shipping-taxable","19":"purchasable","20":"product-type-simple"},"acf":[],"_links":{"self":[{"href":"https:\/\/www.cnxiangfu.com\/fr\/wp-json\/wp\/v2\/product\/16577","targetHints":{"allow":["GET"]}}],"collection":[{"href":"https:\/\/www.cnxiangfu.com\/fr\/wp-json\/wp\/v2\/product"}],"about":[{"href":"https:\/\/www.cnxiangfu.com\/fr\/wp-json\/wp\/v2\/types\/product"}],"replies":[{"embeddable":true,"href":"https:\/\/www.cnxiangfu.com\/fr\/wp-json\/wp\/v2\/comments?post=16577"}],"version-history":[{"count":4,"href":"https:\/\/www.cnxiangfu.com\/fr\/wp-json\/wp\/v2\/product\/16577\/revisions"}],"predecessor-version":[{"id":16991,"href":"https:\/\/www.cnxiangfu.com\/fr\/wp-json\/wp\/v2\/product\/16577\/revisions\/16991"}],"wp:featuredmedia":[{"embeddable":true,"href":"https:\/\/www.cnxiangfu.com\/fr\/wp-json\/wp\/v2\/media\/6077"}],"wp:attachment":[{"href":"https:\/\/www.cnxiangfu.com\/fr\/wp-json\/wp\/v2\/media?parent=16577"}],"wp:term":[{"taxonomy":"product_brand","embeddable":true,"href":"https:\/\/www.cnxiangfu.com\/fr\/wp-json\/wp\/v2\/product_brand?post=16577"},{"taxonomy":"product_cat","embeddable":true,"href":"https:\/\/www.cnxiangfu.com\/fr\/wp-json\/wp\/v2\/product_cat?post=16577"},{"taxonomy":"product_tag","embeddable":true,"href":"https:\/\/www.cnxiangfu.com\/fr\/wp-json\/wp\/v2\/product_tag?post=16577"}],"curies":[{"name":"wp","href":"https:\/\/api.w.org\/{rel}","templated":true}]}}