{"id":16605,"date":"2025-12-11T10:09:24","date_gmt":"2025-12-11T02:09:24","guid":{"rendered":"https:\/\/www.cnxiangfu.com\/?post_type=product&#038;p=16605"},"modified":"2025-12-11T13:04:05","modified_gmt":"2025-12-11T05:04:05","slug":"sac-fourre-tout-en-toile-de-jute-de-12-pieces-mini-sac-reutilisable-en-jute-avec-poignees-petit-cadeau-en-toile-vierge-impermeable-pour-le-mariage-a-la-plage-diy-%e5%a4%8d%e5%88%b6-%e5%a4%8d-3","status":"publish","type":"product","link":"https:\/\/www.cnxiangfu.com\/fr\/produit\/sac-fourre-tout-en-toile-de-jute-de-12-pieces-mini-sac-reutilisable-en-jute-avec-poignees-petit-cadeau-en-toile-vierge-impermeable-pour-le-mariage-a-la-plage-diy-%e5%a4%8d%e5%88%b6-%e5%a4%8d-3\/","title":{"rendered":"Des porte-bouteilles de bi\u00e8re et de vin en tissu non tiss\u00e9 r\u00e9utilisables personnalis\u00e9s, ainsi que des sacs de courses r\u00e9utilisables, adapt\u00e9s \u00e0 6 bouteilles."},"content":{"rendered":"\t\t<div data-elementor-type=\"product-post\" data-elementor-id=\"16605\" class=\"elementor elementor-16605 elementor-16603\" data-elementor-post-type=\"product\">\n\t\t\t\t<div class=\"elementor-element elementor-element-31f5d34 e-flex e-con-boxed e-con e-parent\" data-id=\"31f5d34\" data-element_type=\"container\" data-e-type=\"container\">\n\t\t\t\t\t<div class=\"e-con-inner\">\n\t\t\t\t<div class=\"elementor-element elementor-element-b6f4965 elementor-widget elementor-widget-image\" data-id=\"b6f4965\" data-element_type=\"widget\" data-e-type=\"widget\" data-widget_type=\"image.default\">\n\t\t\t\t\t\t\t\t\t\t\t\t\t\t\t<img fetchpriority=\"high\" decoding=\"async\" width=\"750\" height=\"750\" src=\"https:\/\/www.cnxiangfu.com\/wp-content\/uploads\/2025\/12\/4-3-30.jpg\" class=\"attachment-full size-full wp-image-16811\" alt=\"\" srcset=\"https:\/\/www.cnxiangfu.com\/wp-content\/uploads\/2025\/12\/4-3-30.jpg 750w, https:\/\/www.cnxiangfu.com\/wp-content\/uploads\/2025\/12\/4-3-30-300x300.jpg 300w, https:\/\/www.cnxiangfu.com\/wp-content\/uploads\/2025\/12\/4-3-30-150x150.jpg 150w, https:\/\/www.cnxiangfu.com\/wp-content\/uploads\/2025\/12\/4-3-30-650x650.jpg 650w, https:\/\/www.cnxiangfu.com\/wp-content\/uploads\/2025\/12\/4-3-30-600x600.jpg 600w, https:\/\/www.cnxiangfu.com\/wp-content\/uploads\/2025\/12\/4-3-30-100x100.jpg 100w\" sizes=\"(max-width: 750px) 100vw, 750px\" title=\"\">\t\t\t\t\t\t\t\t\t\t\t\t\t\t\t<\/div>\n\t\t\t\t<div class=\"elementor-element elementor-element-d35bcd5 elementor-widget elementor-widget-image\" data-id=\"d35bcd5\" data-element_type=\"widget\" data-e-type=\"widget\" data-widget_type=\"image.default\">\n\t\t\t\t\t\t\t\t\t\t\t\t\t\t\t<img decoding=\"async\" width=\"750\" height=\"750\" src=\"https:\/\/www.cnxiangfu.com\/wp-content\/uploads\/2025\/12\/4-3-1.png\" class=\"attachment-full size-full wp-image-16812\" alt=\"\" srcset=\"https:\/\/www.cnxiangfu.com\/wp-content\/uploads\/2025\/12\/4-3-1.png 750w, https:\/\/www.cnxiangfu.com\/wp-content\/uploads\/2025\/12\/4-3-1-300x300.png 300w, https:\/\/www.cnxiangfu.com\/wp-content\/uploads\/2025\/12\/4-3-1-150x150.png 150w, https:\/\/www.cnxiangfu.com\/wp-content\/uploads\/2025\/12\/4-3-1-650x650.png 650w, https:\/\/www.cnxiangfu.com\/wp-content\/uploads\/2025\/12\/4-3-1-600x600.png 600w, https:\/\/www.cnxiangfu.com\/wp-content\/uploads\/2025\/12\/4-3-1-100x100.png 100w\" sizes=\"(max-width: 750px) 100vw, 750px\" title=\"\">\t\t\t\t\t\t\t\t\t\t\t\t\t\t\t<\/div>\n\t\t\t\t<div class=\"elementor-element elementor-element-cfa581b elementor-widget elementor-widget-image\" data-id=\"cfa581b\" data-element_type=\"widget\" data-e-type=\"widget\" data-widget_type=\"image.default\">\n\t\t\t\t\t\t\t\t\t\t\t\t\t\t\t<img decoding=\"async\" width=\"800\" height=\"800\" src=\"https:\/\/www.cnxiangfu.com\/wp-content\/uploads\/2025\/12\/4-4-28.jpg\" class=\"attachment-full size-full wp-image-16813\" alt=\"\" srcset=\"https:\/\/www.cnxiangfu.com\/wp-content\/uploads\/2025\/12\/4-4-28.jpg 800w, https:\/\/www.cnxiangfu.com\/wp-content\/uploads\/2025\/12\/4-4-28-300x300.jpg 300w, https:\/\/www.cnxiangfu.com\/wp-content\/uploads\/2025\/12\/4-4-28-150x150.jpg 150w, https:\/\/www.cnxiangfu.com\/wp-content\/uploads\/2025\/12\/4-4-28-768x768.jpg 768w, https:\/\/www.cnxiangfu.com\/wp-content\/uploads\/2025\/12\/4-4-28-650x650.jpg 650w, https:\/\/www.cnxiangfu.com\/wp-content\/uploads\/2025\/12\/4-4-28-600x600.jpg 600w, https:\/\/www.cnxiangfu.com\/wp-content\/uploads\/2025\/12\/4-4-28-100x100.jpg 100w\" sizes=\"(max-width: 800px) 100vw, 800px\" title=\"\">\t\t\t\t\t\t\t\t\t\t\t\t\t\t\t<\/div>\n\t\t\t\t<div class=\"elementor-element elementor-element-ac2ac44 elementor-widget elementor-widget-image\" data-id=\"ac2ac44\" data-element_type=\"widget\" data-e-type=\"widget\" data-widget_type=\"image.default\">\n\t\t\t\t\t\t\t\t\t\t\t\t\t\t\t<img loading=\"lazy\" decoding=\"async\" width=\"750\" height=\"750\" src=\"https:\/\/www.cnxiangfu.com\/wp-content\/uploads\/2025\/12\/4-5.png\" class=\"attachment-full size-full wp-image-16814\" alt=\"\" srcset=\"https:\/\/www.cnxiangfu.com\/wp-content\/uploads\/2025\/12\/4-5.png 750w, https:\/\/www.cnxiangfu.com\/wp-content\/uploads\/2025\/12\/4-5-300x300.png 300w, https:\/\/www.cnxiangfu.com\/wp-content\/uploads\/2025\/12\/4-5-150x150.png 150w, https:\/\/www.cnxiangfu.com\/wp-content\/uploads\/2025\/12\/4-5-650x650.png 650w, https:\/\/www.cnxiangfu.com\/wp-content\/uploads\/2025\/12\/4-5-600x600.png 600w, https:\/\/www.cnxiangfu.com\/wp-content\/uploads\/2025\/12\/4-5-100x100.png 100w\" sizes=\"(max-width: 750px) 100vw, 750px\" title=\"\">\t\t\t\t\t\t\t\t\t\t\t\t\t\t\t<\/div>\n\t\t\t\t\t<\/div>\n\t\t\t\t<\/div>\n\t\t\t\t<\/div>\n\t\t","protected":false},"excerpt":{"rendered":"<p>Nom du produit : Sac<\/p>\n<p>non tiss\u00e9 Taille du produit : 17,7*13,7*5,9 pouces<\/p>\n<p>Tissu du sac : Non tiss\u00e9<\/p>\n<p>Poign\u00e9e : Non tiss\u00e9e<\/p>\n<p>Utilisation : Voyages, shopping, usage quotidien<\/p>\n","protected":false},"featured_media":6077,"comment_status":"open","ping_status":"closed","template":"","meta":{"_acf_changed":false},"product_brand":[],"product_cat":[633,114],"product_tag":[1071,1067,916,1068,1070,1069,724,349],"class_list":{"0":"post-16605","1":"product","2":"type-product","3":"status-publish","4":"has-post-thumbnail","6":"product_cat-sac-non-tisse","7":"product_cat-sac-non-tisse-personnalise","8":"product_tag-bouteilles-de-vin-de-chine-en-jute","9":"product_tag-sac-de-biere","10":"product_tag-sac-fourre-tout-en-toile-de-jute","11":"product_tag-sac-porte-bouteilles-de-vin","12":"product_tag-sachets-de-bouteilles-de-vin-en-gros","13":"product_tag-sacs-a-bouteilles-de-vin","14":"product_tag-sacs-de-courses-reutilisables-2","15":"product_tag-sacs-de-courses-reutilisables-sur-mesure","17":"first","18":"onbackorder","19":"shipping-taxable","20":"purchasable","21":"product-type-simple"},"acf":[],"_links":{"self":[{"href":"https:\/\/www.cnxiangfu.com\/fr\/wp-json\/wp\/v2\/product\/16605","targetHints":{"allow":["GET"]}}],"collection":[{"href":"https:\/\/www.cnxiangfu.com\/fr\/wp-json\/wp\/v2\/product"}],"about":[{"href":"https:\/\/www.cnxiangfu.com\/fr\/wp-json\/wp\/v2\/types\/product"}],"replies":[{"embeddable":true,"href":"https:\/\/www.cnxiangfu.com\/fr\/wp-json\/wp\/v2\/comments?post=16605"}],"version-history":[{"count":4,"href":"https:\/\/www.cnxiangfu.com\/fr\/wp-json\/wp\/v2\/product\/16605\/revisions"}],"predecessor-version":[{"id":16951,"href":"https:\/\/www.cnxiangfu.com\/fr\/wp-json\/wp\/v2\/product\/16605\/revisions\/16951"}],"wp:featuredmedia":[{"embeddable":true,"href":"https:\/\/www.cnxiangfu.com\/fr\/wp-json\/wp\/v2\/media\/6077"}],"wp:attachment":[{"href":"https:\/\/www.cnxiangfu.com\/fr\/wp-json\/wp\/v2\/media?parent=16605"}],"wp:term":[{"taxonomy":"product_brand","embeddable":true,"href":"https:\/\/www.cnxiangfu.com\/fr\/wp-json\/wp\/v2\/product_brand?post=16605"},{"taxonomy":"product_cat","embeddable":true,"href":"https:\/\/www.cnxiangfu.com\/fr\/wp-json\/wp\/v2\/product_cat?post=16605"},{"taxonomy":"product_tag","embeddable":true,"href":"https:\/\/www.cnxiangfu.com\/fr\/wp-json\/wp\/v2\/product_tag?post=16605"}],"curies":[{"name":"wp","href":"https:\/\/api.w.org\/{rel}","templated":true}]}}