{"id":16852,"date":"2025-12-11T09:59:14","date_gmt":"2025-12-11T01:59:14","guid":{"rendered":"https:\/\/www.cnxiangfu.com\/product\/sac-a-linge-en-toile-robuste-de-40-pouces-x-50-pouces-fabrique-aux-etats-unis\/"},"modified":"2025-12-11T13:13:25","modified_gmt":"2025-12-11T05:13:25","slug":"sac-a-linge-en-toile-robuste-de-40-pouces-x-50-pouces-fabrique-aux-etats-unis","status":"publish","type":"product","link":"https:\/\/www.cnxiangfu.com\/fr\/produit\/sac-a-linge-en-toile-robuste-de-40-pouces-x-50-pouces-fabrique-aux-etats-unis\/","title":{"rendered":"Sac \u00e0 linge en toile robuste de 40 pouces x 50 pouces &#8211; fabriqu\u00e9 aux \u00c9tats-Unis"},"content":{"rendered":"","protected":false},"excerpt":{"rendered":"<p>Nom du produit : Sac en toile Mat\u00e9riau : toile<\/p>\n<p>Taille : 35*40*12 cm<\/p>\n<p>Style : Mode<\/p>\n<p>Province : Zhejiang, Chine<\/p>\n<p>Saison : Quatre saisons<\/p>\n<p> \u00bb Application : Voyage<\/p>\n","protected":false},"featured_media":16857,"comment_status":"closed","ping_status":"closed","template":"","meta":{"_acf_changed":false},"product_brand":[],"product_cat":[67,97],"product_tag":[1083,1087,1086,1084,1085,1088],"class_list":{"0":"post-16852","1":"product","2":"type-product","3":"status-publish","4":"has-post-thumbnail","6":"product_cat-non-categorise","7":"product_cat-sacs-en-toile-personnalises","8":"product_tag-sac-a-linge-en-toile","9":"product_tag-sac-a-linge-en-toile-aux-etats-unis-en-gros","10":"product_tag-sac-a-linge-en-toile-en-gros","11":"product_tag-sac-en-toile-de-lessive","12":"product_tag-sacs-fourre-tout-en-toile-2","13":"product_tag-vente-de-sac-a-linge-en-toile-aux-etats-unis","15":"first","16":"onbackorder","17":"shipping-taxable","18":"purchasable","19":"product-type-simple"},"acf":[],"_links":{"self":[{"href":"https:\/\/www.cnxiangfu.com\/fr\/wp-json\/wp\/v2\/product\/16852","targetHints":{"allow":["GET"]}}],"collection":[{"href":"https:\/\/www.cnxiangfu.com\/fr\/wp-json\/wp\/v2\/product"}],"about":[{"href":"https:\/\/www.cnxiangfu.com\/fr\/wp-json\/wp\/v2\/types\/product"}],"replies":[{"embeddable":true,"href":"https:\/\/www.cnxiangfu.com\/fr\/wp-json\/wp\/v2\/comments?post=16852"}],"version-history":[{"count":1,"href":"https:\/\/www.cnxiangfu.com\/fr\/wp-json\/wp\/v2\/product\/16852\/revisions"}],"predecessor-version":[{"id":16953,"href":"https:\/\/www.cnxiangfu.com\/fr\/wp-json\/wp\/v2\/product\/16852\/revisions\/16953"}],"wp:featuredmedia":[{"embeddable":true,"href":"https:\/\/www.cnxiangfu.com\/fr\/wp-json\/wp\/v2\/media\/16857"}],"wp:attachment":[{"href":"https:\/\/www.cnxiangfu.com\/fr\/wp-json\/wp\/v2\/media?parent=16852"}],"wp:term":[{"taxonomy":"product_brand","embeddable":true,"href":"https:\/\/www.cnxiangfu.com\/fr\/wp-json\/wp\/v2\/product_brand?post=16852"},{"taxonomy":"product_cat","embeddable":true,"href":"https:\/\/www.cnxiangfu.com\/fr\/wp-json\/wp\/v2\/product_cat?post=16852"},{"taxonomy":"product_tag","embeddable":true,"href":"https:\/\/www.cnxiangfu.com\/fr\/wp-json\/wp\/v2\/product_tag?post=16852"}],"curies":[{"name":"wp","href":"https:\/\/api.w.org\/{rel}","templated":true}]}}