{"id":16861,"date":"2025-12-11T09:40:25","date_gmt":"2025-12-11T01:40:25","guid":{"rendered":"https:\/\/www.cnxiangfu.com\/product\/sac-de-travail-pour-femmes-avec-compartiment-pour-ordinateur-portable-poches-a-fermeture-eclair-sacs-a-bourses-pour-professeurs\/"},"modified":"2025-12-11T13:37:36","modified_gmt":"2025-12-11T05:37:36","slug":"sac-de-travail-pour-femmes-avec-compartiment-pour-ordinateur-portable-poches-a-fermeture-eclair-sacs-a-bourses-pour-professeurs","status":"publish","type":"product","link":"https:\/\/www.cnxiangfu.com\/fr\/produit\/sac-de-travail-pour-femmes-avec-compartiment-pour-ordinateur-portable-poches-a-fermeture-eclair-sacs-a-bourses-pour-professeurs\/","title":{"rendered":"Sac de travail pour femmes avec compartiment pour ordinateur portable, poches \u00e0 fermeture \u00e9clair, sacs \u00e0 bourses pour professeurs"},"content":{"rendered":"\t\t<div data-elementor-type=\"product-post\" data-elementor-id=\"16861\" class=\"elementor elementor-16861 elementor-16551\" data-elementor-post-type=\"product\">\n\t\t\t\t<div class=\"elementor-element elementor-element-99bbcc6 e-flex e-con-boxed e-con e-parent\" data-id=\"99bbcc6\" data-element_type=\"container\" data-e-type=\"container\">\n\t\t\t\t\t<div class=\"e-con-inner\">\n\t\t\t\t<div class=\"elementor-element elementor-element-2ffa211 elementor-widget elementor-widget-image\" data-id=\"2ffa211\" data-element_type=\"widget\" data-e-type=\"widget\" data-widget_type=\"image.default\">\n\t\t\t\t\t\t\t\t\t\t\t\t\t\t\t<img fetchpriority=\"high\" decoding=\"async\" width=\"800\" height=\"800\" src=\"https:\/\/www.cnxiangfu.com\/wp-content\/uploads\/2025\/12\/5_71MsMOuSihL._AC_SL1500_-1024x1024.jpg\" class=\"attachment-large size-large wp-image-16869\" alt=\"\" srcset=\"https:\/\/www.cnxiangfu.com\/wp-content\/uploads\/2025\/12\/5_71MsMOuSihL._AC_SL1500_-1024x1024.jpg 1024w, https:\/\/www.cnxiangfu.com\/wp-content\/uploads\/2025\/12\/5_71MsMOuSihL._AC_SL1500_-300x300.jpg 300w, https:\/\/www.cnxiangfu.com\/wp-content\/uploads\/2025\/12\/5_71MsMOuSihL._AC_SL1500_-150x150.jpg 150w, https:\/\/www.cnxiangfu.com\/wp-content\/uploads\/2025\/12\/5_71MsMOuSihL._AC_SL1500_-768x768.jpg 768w, https:\/\/www.cnxiangfu.com\/wp-content\/uploads\/2025\/12\/5_71MsMOuSihL._AC_SL1500_-650x650.jpg 650w, https:\/\/www.cnxiangfu.com\/wp-content\/uploads\/2025\/12\/5_71MsMOuSihL._AC_SL1500_-1300x1300.jpg 1300w, https:\/\/www.cnxiangfu.com\/wp-content\/uploads\/2025\/12\/5_71MsMOuSihL._AC_SL1500_-600x600.jpg 600w, https:\/\/www.cnxiangfu.com\/wp-content\/uploads\/2025\/12\/5_71MsMOuSihL._AC_SL1500_-100x100.jpg 100w, https:\/\/www.cnxiangfu.com\/wp-content\/uploads\/2025\/12\/5_71MsMOuSihL._AC_SL1500_.jpg 1500w\" sizes=\"(max-width: 800px) 100vw, 800px\" title=\"\">\t\t\t\t\t\t\t\t\t\t\t\t\t\t\t<\/div>\n\t\t\t\t\t<\/div>\n\t\t\t\t<\/div>\n\t\t\t\t<\/div>\n\t\t","protected":false},"excerpt":{"rendered":"<p>Nom du produit : Sac en toile Mat\u00e9riau : toile<\/p>\n<p>Taille : 35*40*12 cm<\/p>\n<p>Style : Mode<\/p>\n<p>Province : Zhejiang, Chine<\/p>\n<p>Saison : Quatre saisons<\/p>\n<p> \u00bb Application : Voyage<\/p>\n","protected":false},"featured_media":16863,"comment_status":"closed","ping_status":"closed","template":"","meta":{"_acf_changed":false},"product_brand":[],"product_cat":[67,97],"product_tag":[1142,1143,1145,1141,326,1140,1144,1146],"class_list":{"0":"post-16861","1":"product","2":"type-product","3":"status-publish","4":"has-post-thumbnail","6":"product_cat-non-categorise","7":"product_cat-sacs-en-toile-personnalises","8":"product_tag-femmes-porte-tout","9":"product_tag-sac-de-travail","10":"product_tag-sac-de-voyage-pour-ordinateur-portable","11":"product_tag-sac-fourre-tout","12":"product_tag-sac-fourre-tout-en-toile","13":"product_tag-sac-fourre-tout-pour-femmes-2","14":"product_tag-sacs-pour-ordinateurs-portables","15":"product_tag-vente-en-ligne-de-sacs-ote","17":"first","18":"onbackorder","19":"shipping-taxable","20":"purchasable","21":"product-type-simple"},"acf":[],"_links":{"self":[{"href":"https:\/\/www.cnxiangfu.com\/fr\/wp-json\/wp\/v2\/product\/16861","targetHints":{"allow":["GET"]}}],"collection":[{"href":"https:\/\/www.cnxiangfu.com\/fr\/wp-json\/wp\/v2\/product"}],"about":[{"href":"https:\/\/www.cnxiangfu.com\/fr\/wp-json\/wp\/v2\/types\/product"}],"replies":[{"embeddable":true,"href":"https:\/\/www.cnxiangfu.com\/fr\/wp-json\/wp\/v2\/comments?post=16861"}],"version-history":[{"count":2,"href":"https:\/\/www.cnxiangfu.com\/fr\/wp-json\/wp\/v2\/product\/16861\/revisions"}],"predecessor-version":[{"id":17019,"href":"https:\/\/www.cnxiangfu.com\/fr\/wp-json\/wp\/v2\/product\/16861\/revisions\/17019"}],"wp:featuredmedia":[{"embeddable":true,"href":"https:\/\/www.cnxiangfu.com\/fr\/wp-json\/wp\/v2\/media\/16863"}],"wp:attachment":[{"href":"https:\/\/www.cnxiangfu.com\/fr\/wp-json\/wp\/v2\/media?parent=16861"}],"wp:term":[{"taxonomy":"product_brand","embeddable":true,"href":"https:\/\/www.cnxiangfu.com\/fr\/wp-json\/wp\/v2\/product_brand?post=16861"},{"taxonomy":"product_cat","embeddable":true,"href":"https:\/\/www.cnxiangfu.com\/fr\/wp-json\/wp\/v2\/product_cat?post=16861"},{"taxonomy":"product_tag","embeddable":true,"href":"https:\/\/www.cnxiangfu.com\/fr\/wp-json\/wp\/v2\/product_tag?post=16861"}],"curies":[{"name":"wp","href":"https:\/\/api.w.org\/{rel}","templated":true}]}}