{"id":16900,"date":"2025-12-11T09:30:31","date_gmt":"2025-12-11T01:30:31","guid":{"rendered":"https:\/\/www.cnxiangfu.com\/product\/jeilink-sac-tote-en-toile-mignon-maquillage-pour-salle-de-sport-bibliotheque-de-remise-des-diplomes-voyage-travail-shopping-anniversaire-amitie-noel\/"},"modified":"2025-12-11T13:48:48","modified_gmt":"2025-12-11T05:48:48","slug":"jeilink-sac-tote-en-toile-mignon-maquillage-pour-salle-de-sport-bibliotheque-de-remise-des-diplomes-voyage-travail-shopping-anniversaire-amitie-noel","status":"publish","type":"product","link":"https:\/\/www.cnxiangfu.com\/fr\/produit\/jeilink-sac-tote-en-toile-mignon-maquillage-pour-salle-de-sport-bibliotheque-de-remise-des-diplomes-voyage-travail-shopping-anniversaire-amitie-noel\/","title":{"rendered":"jeilink Sac tote en toile mignon maquillage pour salle de sport Biblioth\u00e8que de remise des dipl\u00f4mes Voyage Travail Shopping Anniversaire Amiti\u00e9 No\u00ebl"},"content":{"rendered":"\t\t<div data-elementor-type=\"product-post\" data-elementor-id=\"16900\" class=\"elementor elementor-16900 elementor-16497\" data-elementor-post-type=\"product\">\n\t\t\t\t<div class=\"elementor-element elementor-element-5a64d80 e-flex e-con-boxed e-con e-parent\" data-id=\"5a64d80\" data-element_type=\"container\" data-e-type=\"container\">\n\t\t\t\t\t<div class=\"e-con-inner\">\n\t\t\t\t<div class=\"elementor-element elementor-element-503bb76 elementor-widget elementor-widget-image\" data-id=\"503bb76\" data-element_type=\"widget\" data-e-type=\"widget\" data-widget_type=\"image.default\">\n\t\t\t\t\t\t\t\t\t\t\t\t\t\t\t<img fetchpriority=\"high\" decoding=\"async\" width=\"800\" height=\"859\" src=\"https:\/\/www.cnxiangfu.com\/wp-content\/uploads\/2025\/12\/38_61OJk7t01zL._AC_SL1200_-954x1024.jpg\" class=\"attachment-large size-large wp-image-16909\" alt=\"\" srcset=\"https:\/\/www.cnxiangfu.com\/wp-content\/uploads\/2025\/12\/38_61OJk7t01zL._AC_SL1200_-954x1024.jpg 954w, https:\/\/www.cnxiangfu.com\/wp-content\/uploads\/2025\/12\/38_61OJk7t01zL._AC_SL1200_-279x300.jpg 279w, https:\/\/www.cnxiangfu.com\/wp-content\/uploads\/2025\/12\/38_61OJk7t01zL._AC_SL1200_-768x824.jpg 768w, https:\/\/www.cnxiangfu.com\/wp-content\/uploads\/2025\/12\/38_61OJk7t01zL._AC_SL1200_-600x644.jpg 600w, https:\/\/www.cnxiangfu.com\/wp-content\/uploads\/2025\/12\/38_61OJk7t01zL._AC_SL1200_.jpg 1103w\" sizes=\"(max-width: 800px) 100vw, 800px\" title=\"\">\t\t\t\t\t\t\t\t\t\t\t\t\t\t\t<\/div>\n\t\t\t\t\t<\/div>\n\t\t\t\t<\/div>\n\t\t\t\t<\/div>\n\t\t","protected":false},"excerpt":{"rendered":"<p>Nom du produit : Sac en toile Mat\u00e9riau : toile<\/p>\n<p>Taille : 35*40*12 cm<\/p>\n<p>Style : Mode<\/p>\n<p>Province : Zhejiang, Chine<\/p>\n<p>Saison : Quatre saisons<\/p>\n<p> \u00bb Application : Voyage<\/p>\n","protected":false},"featured_media":16906,"comment_status":"closed","ping_status":"closed","template":"","meta":{"_acf_changed":false},"product_brand":[],"product_cat":[67,97],"product_tag":[1165,1166,1169,1168,1170,462,1167],"class_list":{"0":"post-16900","1":"product","2":"type-product","3":"status-publish","4":"has-post-thumbnail","6":"product_cat-non-categorise","7":"product_cat-sacs-en-toile-personnalises","8":"product_tag-joli-sac-fourre-tout-en-toile","9":"product_tag-joli-sac-tote-en-toile-pour-femmes","10":"product_tag-magnifiques-sacs-en-cuir","11":"product_tag-sac-en-toile-en-cuir","12":"product_tag-sacs-fourre-tout-a-vendre","13":"product_tag-sacs-fourre-tout-en-cuir-pour-femmes","14":"product_tag-sacs-fourre-tout-pour-femmes-pour-le-travail","16":"first","17":"onbackorder","18":"shipping-taxable","19":"purchasable","20":"product-type-simple"},"acf":[],"_links":{"self":[{"href":"https:\/\/www.cnxiangfu.com\/fr\/wp-json\/wp\/v2\/product\/16900","targetHints":{"allow":["GET"]}}],"collection":[{"href":"https:\/\/www.cnxiangfu.com\/fr\/wp-json\/wp\/v2\/product"}],"about":[{"href":"https:\/\/www.cnxiangfu.com\/fr\/wp-json\/wp\/v2\/types\/product"}],"replies":[{"embeddable":true,"href":"https:\/\/www.cnxiangfu.com\/fr\/wp-json\/wp\/v2\/comments?post=16900"}],"version-history":[{"count":2,"href":"https:\/\/www.cnxiangfu.com\/fr\/wp-json\/wp\/v2\/product\/16900\/revisions"}],"predecessor-version":[{"id":17023,"href":"https:\/\/www.cnxiangfu.com\/fr\/wp-json\/wp\/v2\/product\/16900\/revisions\/17023"}],"wp:featuredmedia":[{"embeddable":true,"href":"https:\/\/www.cnxiangfu.com\/fr\/wp-json\/wp\/v2\/media\/16906"}],"wp:attachment":[{"href":"https:\/\/www.cnxiangfu.com\/fr\/wp-json\/wp\/v2\/media?parent=16900"}],"wp:term":[{"taxonomy":"product_brand","embeddable":true,"href":"https:\/\/www.cnxiangfu.com\/fr\/wp-json\/wp\/v2\/product_brand?post=16900"},{"taxonomy":"product_cat","embeddable":true,"href":"https:\/\/www.cnxiangfu.com\/fr\/wp-json\/wp\/v2\/product_cat?post=16900"},{"taxonomy":"product_tag","embeddable":true,"href":"https:\/\/www.cnxiangfu.com\/fr\/wp-json\/wp\/v2\/product_tag?post=16900"}],"curies":[{"name":"wp","href":"https:\/\/api.w.org\/{rel}","templated":true}]}}