{"id":17778,"date":"2025-12-15T09:08:24","date_gmt":"2025-12-15T01:08:24","guid":{"rendered":"https:\/\/www.cnxiangfu.com\/product\/sac-fourre-tout-en-toile-mignon-avec-poche-interieure-pour-femmes-sac-noir-en-tissu-en-coton-reutilisable-avec-motif-et-queue-de-chat-pour-le-dejeuner-les-courses-la-salle-de-sport-et-la-plage\/"},"modified":"2025-12-15T09:08:24","modified_gmt":"2025-12-15T01:08:24","slug":"sac-fourre-tout-en-toile-mignon-avec-poche-interieure-pour-femmes-sac-noir-en-tissu-en-coton-reutilisable-avec-motif-et-queue-de-chat-pour-le-dejeuner-les-courses-la-salle-de-sport-et-la-plage","status":"publish","type":"product","link":"https:\/\/www.cnxiangfu.com\/fr\/produit\/sac-fourre-tout-en-toile-mignon-avec-poche-interieure-pour-femmes-sac-noir-en-tissu-en-coton-reutilisable-avec-motif-et-queue-de-chat-pour-le-dejeuner-les-courses-la-salle-de-sport-et-la-plage\/","title":{"rendered":"Sac fourre-tout en toile mignon avec poche int\u00e9rieure pour femmes : sac noir en tissu en coton r\u00e9utilisable avec motif et queue de chat pour le d\u00e9jeuner, les courses, la salle de sport et la plage"},"content":{"rendered":"","protected":false},"excerpt":{"rendered":"<p>Nom du produit : Sac en toile Mat\u00e9riau : toile<\/p>\n<p>Taille : 35*40*12 cm<\/p>\n<p>Style : Mode<\/p>\n<p>Province : Zhejiang, Chine<\/p>\n<p>Saison : Quatre saisons<\/p>\n<p> \u00bb Application : Voyage<\/p>\n","protected":false},"featured_media":17783,"comment_status":"closed","ping_status":"closed","template":"","meta":{"_acf_changed":false},"product_brand":[],"product_cat":[67,97],"product_tag":[],"class_list":{"0":"post-17778","1":"product","2":"type-product","3":"status-publish","4":"has-post-thumbnail","6":"product_cat-non-categorise","7":"product_cat-sacs-en-toile-personnalises","9":"first","10":"onbackorder","11":"shipping-taxable","12":"purchasable","13":"product-type-simple"},"acf":[],"_links":{"self":[{"href":"https:\/\/www.cnxiangfu.com\/fr\/wp-json\/wp\/v2\/product\/17778","targetHints":{"allow":["GET"]}}],"collection":[{"href":"https:\/\/www.cnxiangfu.com\/fr\/wp-json\/wp\/v2\/product"}],"about":[{"href":"https:\/\/www.cnxiangfu.com\/fr\/wp-json\/wp\/v2\/types\/product"}],"replies":[{"embeddable":true,"href":"https:\/\/www.cnxiangfu.com\/fr\/wp-json\/wp\/v2\/comments?post=17778"}],"version-history":[{"count":0,"href":"https:\/\/www.cnxiangfu.com\/fr\/wp-json\/wp\/v2\/product\/17778\/revisions"}],"wp:featuredmedia":[{"embeddable":true,"href":"https:\/\/www.cnxiangfu.com\/fr\/wp-json\/wp\/v2\/media\/17783"}],"wp:attachment":[{"href":"https:\/\/www.cnxiangfu.com\/fr\/wp-json\/wp\/v2\/media?parent=17778"}],"wp:term":[{"taxonomy":"product_brand","embeddable":true,"href":"https:\/\/www.cnxiangfu.com\/fr\/wp-json\/wp\/v2\/product_brand?post=17778"},{"taxonomy":"product_cat","embeddable":true,"href":"https:\/\/www.cnxiangfu.com\/fr\/wp-json\/wp\/v2\/product_cat?post=17778"},{"taxonomy":"product_tag","embeddable":true,"href":"https:\/\/www.cnxiangfu.com\/fr\/wp-json\/wp\/v2\/product_tag?post=17778"}],"curies":[{"name":"wp","href":"https:\/\/api.w.org\/{rel}","templated":true}]}}