{"id":18232,"date":"2025-12-16T14:11:34","date_gmt":"2025-12-16T06:11:34","guid":{"rendered":"https:\/\/www.cnxiangfu.com\/?post_type=product&#038;p=18232"},"modified":"2025-12-16T16:46:09","modified_gmt":"2025-12-16T08:46:09","slug":"sac-de-courses-en-toile-3-pieces-xl-avec-de-vraies-poches-longue-sangle-depaule-et-poignee-courte-robuste-pliable-lavable-%e5%a4%8d%e5%88%b6","status":"publish","type":"product","link":"https:\/\/www.cnxiangfu.com\/fr\/produit\/sac-de-courses-en-toile-3-pieces-xl-avec-de-vraies-poches-longue-sangle-depaule-et-poignee-courte-robuste-pliable-lavable-%e5%a4%8d%e5%88%b6\/","title":{"rendered":"Sac fourre-tout en toile avec poche ext\u00e9rieure, sac de courses r\u00e9utilisable, fermeture \u00e9clair sur le dessus, essentiels quotidiens (naturel)"},"content":{"rendered":"\t\t<div data-elementor-type=\"product-post\" data-elementor-id=\"18232\" class=\"elementor elementor-18232 elementor-18230\" data-elementor-post-type=\"product\">\n\t\t\t\t<div class=\"elementor-element elementor-element-31f5d34 e-flex e-con-boxed e-con e-parent\" data-id=\"31f5d34\" data-element_type=\"container\" data-e-type=\"container\">\n\t\t\t\t\t<div class=\"e-con-inner\">\n\t\t\t\t<div class=\"elementor-element elementor-element-b6f4965 elementor-widget elementor-widget-image\" data-id=\"b6f4965\" data-element_type=\"widget\" data-e-type=\"widget\" data-widget_type=\"image.default\">\n\t\t\t\t\t\t\t\t\t\t\t\t\t\t\t<img fetchpriority=\"high\" decoding=\"async\" width=\"1500\" height=\"1500\" src=\"https:\/\/www.cnxiangfu.com\/wp-content\/uploads\/2025\/12\/3-5-9.jpg\" class=\"attachment-full size-full wp-image-18486\" alt=\"\" srcset=\"https:\/\/www.cnxiangfu.com\/wp-content\/uploads\/2025\/12\/3-5-9.jpg 1500w, https:\/\/www.cnxiangfu.com\/wp-content\/uploads\/2025\/12\/3-5-9-300x300.jpg 300w, https:\/\/www.cnxiangfu.com\/wp-content\/uploads\/2025\/12\/3-5-9-1024x1024.jpg 1024w, https:\/\/www.cnxiangfu.com\/wp-content\/uploads\/2025\/12\/3-5-9-150x150.jpg 150w, https:\/\/www.cnxiangfu.com\/wp-content\/uploads\/2025\/12\/3-5-9-768x768.jpg 768w, https:\/\/www.cnxiangfu.com\/wp-content\/uploads\/2025\/12\/3-5-9-650x650.jpg 650w, https:\/\/www.cnxiangfu.com\/wp-content\/uploads\/2025\/12\/3-5-9-1300x1300.jpg 1300w, https:\/\/www.cnxiangfu.com\/wp-content\/uploads\/2025\/12\/3-5-9-600x600.jpg 600w, https:\/\/www.cnxiangfu.com\/wp-content\/uploads\/2025\/12\/3-5-9-100x100.jpg 100w\" sizes=\"(max-width: 1500px) 100vw, 1500px\" title=\"\">\t\t\t\t\t\t\t\t\t\t\t\t\t\t\t<\/div>\n\t\t\t\t\t<\/div>\n\t\t\t\t<\/div>\n\t\t\t\t<\/div>\n\t\t","protected":false},"excerpt":{"rendered":"<p>Nom du produit : Sac en toile Taille du produit : 27*15*7 pouces<\/p>\n<p>Sac Tissu : Toile<\/p>\n<p>Poign\u00e9e : Toile<\/p>\n<p>Utilisation : Voyages, shopping, usage quotidien<\/p>\n","protected":false},"featured_media":6077,"comment_status":"open","ping_status":"closed","template":"","meta":{"_acf_changed":false},"product_brand":[],"product_cat":[67,97],"product_tag":[916,1009,919,920,921,918,915,917],"class_list":{"0":"post-18232","1":"product","2":"type-product","3":"status-publish","4":"has-post-thumbnail","6":"product_cat-non-categorise","7":"product_cat-sacs-en-toile-personnalises","8":"product_tag-sac-fourre-tout-en-toile-de-jute","9":"product_tag-sac-fourre-tout-en-toile-de-jute-2","10":"product_tag-sac-fourre-tout-en-toile-de-jute-avec-poignees-en-cuir","11":"product_tag-sacs-cadeaux-en-toile-de-jute","12":"product_tag-sacs-fourre-tout-en-toile-de-jute-a-vendre","13":"product_tag-sacs-fourre-tout-en-toile-de-jute-en-gros","14":"product_tag-sacs-fourre-tout-en-toile-de-jute-en-vrac","15":"product_tag-sacs-fourre-tout-en-toile-de-jute-ustom","17":"first","18":"onbackorder","19":"shipping-taxable","20":"purchasable","21":"product-type-simple"},"acf":[],"_links":{"self":[{"href":"https:\/\/www.cnxiangfu.com\/fr\/wp-json\/wp\/v2\/product\/18232","targetHints":{"allow":["GET"]}}],"collection":[{"href":"https:\/\/www.cnxiangfu.com\/fr\/wp-json\/wp\/v2\/product"}],"about":[{"href":"https:\/\/www.cnxiangfu.com\/fr\/wp-json\/wp\/v2\/types\/product"}],"replies":[{"embeddable":true,"href":"https:\/\/www.cnxiangfu.com\/fr\/wp-json\/wp\/v2\/comments?post=18232"}],"version-history":[{"count":3,"href":"https:\/\/www.cnxiangfu.com\/fr\/wp-json\/wp\/v2\/product\/18232\/revisions"}],"predecessor-version":[{"id":18499,"href":"https:\/\/www.cnxiangfu.com\/fr\/wp-json\/wp\/v2\/product\/18232\/revisions\/18499"}],"wp:featuredmedia":[{"embeddable":true,"href":"https:\/\/www.cnxiangfu.com\/fr\/wp-json\/wp\/v2\/media\/6077"}],"wp:attachment":[{"href":"https:\/\/www.cnxiangfu.com\/fr\/wp-json\/wp\/v2\/media?parent=18232"}],"wp:term":[{"taxonomy":"product_brand","embeddable":true,"href":"https:\/\/www.cnxiangfu.com\/fr\/wp-json\/wp\/v2\/product_brand?post=18232"},{"taxonomy":"product_cat","embeddable":true,"href":"https:\/\/www.cnxiangfu.com\/fr\/wp-json\/wp\/v2\/product_cat?post=18232"},{"taxonomy":"product_tag","embeddable":true,"href":"https:\/\/www.cnxiangfu.com\/fr\/wp-json\/wp\/v2\/product_tag?post=18232"}],"curies":[{"name":"wp","href":"https:\/\/api.w.org\/{rel}","templated":true}]}}