{"id":18374,"date":"2025-12-16T15:09:17","date_gmt":"2025-12-16T07:09:17","guid":{"rendered":"https:\/\/www.cnxiangfu.com\/?post_type=product&#038;p=18374"},"modified":"2025-12-16T16:46:30","modified_gmt":"2025-12-16T08:46:30","slug":"sac-de-courses-en-toile-3-pieces-xl-avec-de-vraies-poches-longue-sangle-depaule-et-poignee-courte-robuste-pliable-lavable-%e5%a4%8d%e5%88%b6-%e5%a4%8d%e5%88%b6-%e5%a4%8d%e5%88%b6-4","status":"publish","type":"product","link":"https:\/\/www.cnxiangfu.com\/fr\/produit\/sac-de-courses-en-toile-3-pieces-xl-avec-de-vraies-poches-longue-sangle-depaule-et-poignee-courte-robuste-pliable-lavable-%e5%a4%8d%e5%88%b6-%e5%a4%8d%e5%88%b6-%e5%a4%8d%e5%88%b6-4\/","title":{"rendered":"Sacs fourre-tout en jute en toile de jute de 12 pi\u00e8ces avec poign\u00e9e, sacs cadeaux vierges r\u00e9utilisables pour les achats de mariage DIY, 12x12x7,7 pouces (jute)"},"content":{"rendered":"\t\t<div data-elementor-type=\"product-post\" data-elementor-id=\"18374\" class=\"elementor elementor-18374 elementor-18372\" data-elementor-post-type=\"product\">\n\t\t\t\t<div class=\"elementor-element elementor-element-31f5d34 e-flex e-con-boxed e-con e-parent\" data-id=\"31f5d34\" data-element_type=\"container\" data-e-type=\"container\">\n\t\t\t\t\t<div class=\"e-con-inner\">\n\t\t\t\t<div class=\"elementor-element elementor-element-b6f4965 elementor-widget elementor-widget-image\" data-id=\"b6f4965\" data-element_type=\"widget\" data-e-type=\"widget\" data-widget_type=\"image.default\">\n\t\t\t\t\t\t\t\t\t\t\t\t\t\t\t<img fetchpriority=\"high\" decoding=\"async\" width=\"1500\" height=\"1500\" src=\"https:\/\/www.cnxiangfu.com\/wp-content\/uploads\/2025\/12\/4-9-21.jpg\" class=\"attachment-full size-full wp-image-18646\" alt=\"\" srcset=\"https:\/\/www.cnxiangfu.com\/wp-content\/uploads\/2025\/12\/4-9-21.jpg 1500w, https:\/\/www.cnxiangfu.com\/wp-content\/uploads\/2025\/12\/4-9-21-300x300.jpg 300w, https:\/\/www.cnxiangfu.com\/wp-content\/uploads\/2025\/12\/4-9-21-1024x1024.jpg 1024w, https:\/\/www.cnxiangfu.com\/wp-content\/uploads\/2025\/12\/4-9-21-150x150.jpg 150w, https:\/\/www.cnxiangfu.com\/wp-content\/uploads\/2025\/12\/4-9-21-768x768.jpg 768w, https:\/\/www.cnxiangfu.com\/wp-content\/uploads\/2025\/12\/4-9-21-650x650.jpg 650w, https:\/\/www.cnxiangfu.com\/wp-content\/uploads\/2025\/12\/4-9-21-1300x1300.jpg 1300w, https:\/\/www.cnxiangfu.com\/wp-content\/uploads\/2025\/12\/4-9-21-600x600.jpg 600w, https:\/\/www.cnxiangfu.com\/wp-content\/uploads\/2025\/12\/4-9-21-100x100.jpg 100w\" sizes=\"(max-width: 1500px) 100vw, 1500px\" title=\"\">\t\t\t\t\t\t\t\t\t\t\t\t\t\t\t<\/div>\n\t\t\t\t<div class=\"elementor-element elementor-element-beb0370 elementor-widget elementor-widget-image\" data-id=\"beb0370\" data-element_type=\"widget\" data-e-type=\"widget\" data-widget_type=\"image.default\">\n\t\t\t\t\t\t\t\t\t\t\t\t\t\t\t<img decoding=\"async\" width=\"1500\" height=\"1500\" src=\"https:\/\/www.cnxiangfu.com\/wp-content\/uploads\/2025\/12\/4-12-12.jpg\" class=\"attachment-full size-full wp-image-18647\" alt=\"\" srcset=\"https:\/\/www.cnxiangfu.com\/wp-content\/uploads\/2025\/12\/4-12-12.jpg 1500w, https:\/\/www.cnxiangfu.com\/wp-content\/uploads\/2025\/12\/4-12-12-300x300.jpg 300w, https:\/\/www.cnxiangfu.com\/wp-content\/uploads\/2025\/12\/4-12-12-1024x1024.jpg 1024w, https:\/\/www.cnxiangfu.com\/wp-content\/uploads\/2025\/12\/4-12-12-150x150.jpg 150w, https:\/\/www.cnxiangfu.com\/wp-content\/uploads\/2025\/12\/4-12-12-768x768.jpg 768w, https:\/\/www.cnxiangfu.com\/wp-content\/uploads\/2025\/12\/4-12-12-650x650.jpg 650w, https:\/\/www.cnxiangfu.com\/wp-content\/uploads\/2025\/12\/4-12-12-1300x1300.jpg 1300w, https:\/\/www.cnxiangfu.com\/wp-content\/uploads\/2025\/12\/4-12-12-600x600.jpg 600w, https:\/\/www.cnxiangfu.com\/wp-content\/uploads\/2025\/12\/4-12-12-100x100.jpg 100w\" sizes=\"(max-width: 1500px) 100vw, 1500px\" title=\"\">\t\t\t\t\t\t\t\t\t\t\t\t\t\t\t<\/div>\n\t\t\t\t\t<\/div>\n\t\t\t\t<\/div>\n\t\t\t\t<\/div>\n\t\t","protected":false},"excerpt":{"rendered":"<p>Nom du produit : Sac en jute Taille du produit : personnalisable<\/p>\n<p>Sac Tissu : Jute<\/p>\n<p>Poign\u00e9e : Coton<\/p>\n<p>Utilisation : Voyages, shopping, usage quotidien<\/p>\n","protected":false},"featured_media":6077,"comment_status":"open","ping_status":"closed","template":"","meta":{"_acf_changed":false},"product_brand":[],"product_cat":[475,106],"product_tag":[1009,916,919,920,921,918,915,917],"class_list":{"0":"post-18374","1":"product","2":"type-product","3":"status-publish","4":"has-post-thumbnail","6":"product_cat-sac-en-jute","7":"product_cat-sac-en-jute-personnalise","8":"product_tag-sac-fourre-tout-en-toile-de-jute-2","9":"product_tag-sac-fourre-tout-en-toile-de-jute","10":"product_tag-sac-fourre-tout-en-toile-de-jute-avec-poignees-en-cuir","11":"product_tag-sacs-cadeaux-en-toile-de-jute","12":"product_tag-sacs-fourre-tout-en-toile-de-jute-a-vendre","13":"product_tag-sacs-fourre-tout-en-toile-de-jute-en-gros","14":"product_tag-sacs-fourre-tout-en-toile-de-jute-en-vrac","15":"product_tag-sacs-fourre-tout-en-toile-de-jute-ustom","17":"first","18":"onbackorder","19":"shipping-taxable","20":"purchasable","21":"product-type-simple"},"acf":[],"_links":{"self":[{"href":"https:\/\/www.cnxiangfu.com\/fr\/wp-json\/wp\/v2\/product\/18374","targetHints":{"allow":["GET"]}}],"collection":[{"href":"https:\/\/www.cnxiangfu.com\/fr\/wp-json\/wp\/v2\/product"}],"about":[{"href":"https:\/\/www.cnxiangfu.com\/fr\/wp-json\/wp\/v2\/types\/product"}],"replies":[{"embeddable":true,"href":"https:\/\/www.cnxiangfu.com\/fr\/wp-json\/wp\/v2\/comments?post=18374"}],"version-history":[{"count":3,"href":"https:\/\/www.cnxiangfu.com\/fr\/wp-json\/wp\/v2\/product\/18374\/revisions"}],"predecessor-version":[{"id":18658,"href":"https:\/\/www.cnxiangfu.com\/fr\/wp-json\/wp\/v2\/product\/18374\/revisions\/18658"}],"wp:featuredmedia":[{"embeddable":true,"href":"https:\/\/www.cnxiangfu.com\/fr\/wp-json\/wp\/v2\/media\/6077"}],"wp:attachment":[{"href":"https:\/\/www.cnxiangfu.com\/fr\/wp-json\/wp\/v2\/media?parent=18374"}],"wp:term":[{"taxonomy":"product_brand","embeddable":true,"href":"https:\/\/www.cnxiangfu.com\/fr\/wp-json\/wp\/v2\/product_brand?post=18374"},{"taxonomy":"product_cat","embeddable":true,"href":"https:\/\/www.cnxiangfu.com\/fr\/wp-json\/wp\/v2\/product_cat?post=18374"},{"taxonomy":"product_tag","embeddable":true,"href":"https:\/\/www.cnxiangfu.com\/fr\/wp-json\/wp\/v2\/product_tag?post=18374"}],"curies":[{"name":"wp","href":"https:\/\/api.w.org\/{rel}","templated":true}]}}