{"id":18919,"date":"2025-12-17T10:31:15","date_gmt":"2025-12-17T02:31:15","guid":{"rendered":"https:\/\/www.cnxiangfu.com\/?post_type=product&#038;p=18919"},"modified":"2025-12-19T10:47:30","modified_gmt":"2025-12-19T02:47:30","slug":"sac-fourre-tout-avec-fermeture-eclair-sac-de-maquillage-en-toile-de-coton-pochette-reutilisable-de-cuisine-bacs-en-toile-blanche-avec-poignees-%e5%a4%8d%e5%88%b6","status":"publish","type":"product","link":"https:\/\/www.cnxiangfu.com\/fr\/produit\/sac-fourre-tout-avec-fermeture-eclair-sac-de-maquillage-en-toile-de-coton-pochette-reutilisable-de-cuisine-bacs-en-toile-blanche-avec-poignees-%e5%a4%8d%e5%88%b6\/","title":{"rendered":"Sac fourre-tout en toile avec poche ext\u00e9rieure, sac de courses r\u00e9utilisable, fermeture \u00e9clair sur le dessus, essentiels quotidiens"},"content":{"rendered":"\t\t<div data-elementor-type=\"product-post\" data-elementor-id=\"18919\" class=\"elementor elementor-18919 elementor-18917\" data-elementor-post-type=\"product\">\n\t\t\t\t<div class=\"elementor-element elementor-element-31f5d34 e-flex e-con-boxed e-con e-parent\" data-id=\"31f5d34\" data-element_type=\"container\" data-e-type=\"container\">\n\t\t\t\t\t<div class=\"e-con-inner\">\n\t\t\t\t<div class=\"elementor-element elementor-element-b6f4965 elementor-widget elementor-widget-image\" data-id=\"b6f4965\" data-element_type=\"widget\" data-e-type=\"widget\" data-widget_type=\"image.default\">\n\t\t\t\t\t\t\t\t\t\t\t\t\t\t\t<img fetchpriority=\"high\" decoding=\"async\" width=\"1473\" height=\"1500\" src=\"https:\/\/www.cnxiangfu.com\/wp-content\/uploads\/2025\/12\/4-1-41.jpg\" class=\"attachment-full size-full wp-image-19118\" alt=\"\" srcset=\"https:\/\/www.cnxiangfu.com\/wp-content\/uploads\/2025\/12\/4-1-41.jpg 1473w, https:\/\/www.cnxiangfu.com\/wp-content\/uploads\/2025\/12\/4-1-41-295x300.jpg 295w, https:\/\/www.cnxiangfu.com\/wp-content\/uploads\/2025\/12\/4-1-41-1006x1024.jpg 1006w, https:\/\/www.cnxiangfu.com\/wp-content\/uploads\/2025\/12\/4-1-41-768x782.jpg 768w, https:\/\/www.cnxiangfu.com\/wp-content\/uploads\/2025\/12\/4-1-41-600x611.jpg 600w\" sizes=\"(max-width: 1473px) 100vw, 1473px\" title=\"\">\t\t\t\t\t\t\t\t\t\t\t\t\t\t\t<\/div>\n\t\t\t\t<div class=\"elementor-element elementor-element-beb0370 elementor-widget elementor-widget-image\" data-id=\"beb0370\" data-element_type=\"widget\" data-e-type=\"widget\" data-widget_type=\"image.default\">\n\t\t\t\t\t\t\t\t\t\t\t\t\t\t\t<img decoding=\"async\" width=\"1200\" height=\"1500\" src=\"https:\/\/www.cnxiangfu.com\/wp-content\/uploads\/2025\/12\/4-2-44.jpg\" class=\"attachment-full size-full wp-image-19119\" alt=\"\" srcset=\"https:\/\/www.cnxiangfu.com\/wp-content\/uploads\/2025\/12\/4-2-44.jpg 1200w, https:\/\/www.cnxiangfu.com\/wp-content\/uploads\/2025\/12\/4-2-44-240x300.jpg 240w, https:\/\/www.cnxiangfu.com\/wp-content\/uploads\/2025\/12\/4-2-44-819x1024.jpg 819w, https:\/\/www.cnxiangfu.com\/wp-content\/uploads\/2025\/12\/4-2-44-768x960.jpg 768w, https:\/\/www.cnxiangfu.com\/wp-content\/uploads\/2025\/12\/4-2-44-600x750.jpg 600w\" sizes=\"(max-width: 1200px) 100vw, 1200px\" title=\"\">\t\t\t\t\t\t\t\t\t\t\t\t\t\t\t<\/div>\n\t\t\t\t\t<\/div>\n\t\t\t\t<\/div>\n\t\t\t\t<\/div>\n\t\t","protected":false},"excerpt":{"rendered":"<p>Nom du produit : Sac en toile Taille du produit : personnalisable<\/p>\n<p>Sac Tissu : Toile<\/p>\n<p>Poign\u00e9e : Toile<\/p>\n<p>Utilisation : Voyages, shopping, usage quotidien<\/p>\n","protected":false},"featured_media":6077,"comment_status":"open","ping_status":"closed","template":"","meta":{"_acf_changed":false},"product_brand":[],"product_cat":[67,97],"product_tag":[1009,916,919,920,921,918,915,917],"class_list":{"0":"post-18919","1":"product","2":"type-product","3":"status-publish","4":"has-post-thumbnail","6":"product_cat-non-categorise","7":"product_cat-sacs-en-toile-personnalises","8":"product_tag-sac-fourre-tout-en-toile-de-jute-2","9":"product_tag-sac-fourre-tout-en-toile-de-jute","10":"product_tag-sac-fourre-tout-en-toile-de-jute-avec-poignees-en-cuir","11":"product_tag-sacs-cadeaux-en-toile-de-jute","12":"product_tag-sacs-fourre-tout-en-toile-de-jute-a-vendre","13":"product_tag-sacs-fourre-tout-en-toile-de-jute-en-gros","14":"product_tag-sacs-fourre-tout-en-toile-de-jute-en-vrac","15":"product_tag-sacs-fourre-tout-en-toile-de-jute-ustom","17":"first","18":"onbackorder","19":"shipping-taxable","20":"purchasable","21":"product-type-simple"},"acf":[],"_links":{"self":[{"href":"https:\/\/www.cnxiangfu.com\/fr\/wp-json\/wp\/v2\/product\/18919","targetHints":{"allow":["GET"]}}],"collection":[{"href":"https:\/\/www.cnxiangfu.com\/fr\/wp-json\/wp\/v2\/product"}],"about":[{"href":"https:\/\/www.cnxiangfu.com\/fr\/wp-json\/wp\/v2\/types\/product"}],"replies":[{"embeddable":true,"href":"https:\/\/www.cnxiangfu.com\/fr\/wp-json\/wp\/v2\/comments?post=18919"}],"version-history":[{"count":3,"href":"https:\/\/www.cnxiangfu.com\/fr\/wp-json\/wp\/v2\/product\/18919\/revisions"}],"predecessor-version":[{"id":19739,"href":"https:\/\/www.cnxiangfu.com\/fr\/wp-json\/wp\/v2\/product\/18919\/revisions\/19739"}],"wp:featuredmedia":[{"embeddable":true,"href":"https:\/\/www.cnxiangfu.com\/fr\/wp-json\/wp\/v2\/media\/6077"}],"wp:attachment":[{"href":"https:\/\/www.cnxiangfu.com\/fr\/wp-json\/wp\/v2\/media?parent=18919"}],"wp:term":[{"taxonomy":"product_brand","embeddable":true,"href":"https:\/\/www.cnxiangfu.com\/fr\/wp-json\/wp\/v2\/product_brand?post=18919"},{"taxonomy":"product_cat","embeddable":true,"href":"https:\/\/www.cnxiangfu.com\/fr\/wp-json\/wp\/v2\/product_cat?post=18919"},{"taxonomy":"product_tag","embeddable":true,"href":"https:\/\/www.cnxiangfu.com\/fr\/wp-json\/wp\/v2\/product_tag?post=18919"}],"curies":[{"name":"wp","href":"https:\/\/api.w.org\/{rel}","templated":true}]}}