{"id":19183,"date":"2025-12-18T15:04:46","date_gmt":"2025-12-18T07:04:46","guid":{"rendered":"https:\/\/www.cnxiangfu.com\/?post_type=product&#038;p=19183"},"modified":"2025-12-19T09:13:55","modified_gmt":"2025-12-19T01:13:55","slug":"grands-sacs-fourre-tout-en-toile-sac-de-courses-reutilisable-de-20x15-pouces-sac-de-courses-en-tissu-blanc-naturel-robuste-avec-gousset-inferieur-et-epaule-pour-la-decoration-bricoliere-diy","status":"publish","type":"product","link":"https:\/\/www.cnxiangfu.com\/fr\/produit\/grands-sacs-fourre-tout-en-toile-sac-de-courses-reutilisable-de-20x15-pouces-sac-de-courses-en-tissu-blanc-naturel-robuste-avec-gousset-inferieur-et-epaule-pour-la-decoration-bricoliere-diy\/","title":{"rendered":"Grands sacs fourre-tout en toile, sac de courses r\u00e9utilisable de 20&#215;15 pouces, bac de courses en tissu blanc naturel robuste avec gousset et \u00e9paule inf\u00e9rieures pour la d\u00e9coration bricolage (\u590d\u5236)"},"content":{"rendered":"\t\t<div data-elementor-type=\"product-post\" data-elementor-id=\"19183\" class=\"elementor elementor-19183 elementor-19181\" data-elementor-post-type=\"product\">\n\t\t\t\t<div class=\"elementor-element elementor-element-31f5d34 e-flex e-con-boxed e-con e-parent\" data-id=\"31f5d34\" data-element_type=\"container\" data-e-type=\"container\">\n\t\t\t\t\t<div class=\"e-con-inner\">\n\t\t\t\t<div class=\"elementor-element elementor-element-b6f4965 elementor-widget elementor-widget-image\" data-id=\"b6f4965\" data-element_type=\"widget\" data-e-type=\"widget\" data-widget_type=\"image.default\">\n\t\t\t\t\t\t\t\t\t\t\t\t\t\t\t<img fetchpriority=\"high\" decoding=\"async\" width=\"1415\" height=\"1500\" src=\"https:\/\/www.cnxiangfu.com\/wp-content\/uploads\/2025\/12\/4-4-41.jpg\" class=\"attachment-full size-full wp-image-19169\" alt=\"\" srcset=\"https:\/\/www.cnxiangfu.com\/wp-content\/uploads\/2025\/12\/4-4-41.jpg 1415w, https:\/\/www.cnxiangfu.com\/wp-content\/uploads\/2025\/12\/4-4-41-283x300.jpg 283w, https:\/\/www.cnxiangfu.com\/wp-content\/uploads\/2025\/12\/4-4-41-966x1024.jpg 966w, https:\/\/www.cnxiangfu.com\/wp-content\/uploads\/2025\/12\/4-4-41-768x814.jpg 768w, https:\/\/www.cnxiangfu.com\/wp-content\/uploads\/2025\/12\/4-4-41-600x636.jpg 600w\" sizes=\"(max-width: 1415px) 100vw, 1415px\" title=\"\">\t\t\t\t\t\t\t\t\t\t\t\t\t\t\t<\/div>\n\t\t\t\t<div class=\"elementor-element elementor-element-beb0370 elementor-widget elementor-widget-image\" data-id=\"beb0370\" data-element_type=\"widget\" data-e-type=\"widget\" data-widget_type=\"image.default\">\n\t\t\t\t\t\t\t\t\t\t\t\t\t\t\t<img decoding=\"async\" width=\"1500\" height=\"1490\" src=\"https:\/\/www.cnxiangfu.com\/wp-content\/uploads\/2025\/12\/4-5-39.jpg\" class=\"attachment-full size-full wp-image-19170\" alt=\"\" srcset=\"https:\/\/www.cnxiangfu.com\/wp-content\/uploads\/2025\/12\/4-5-39.jpg 1500w, https:\/\/www.cnxiangfu.com\/wp-content\/uploads\/2025\/12\/4-5-39-300x298.jpg 300w, https:\/\/www.cnxiangfu.com\/wp-content\/uploads\/2025\/12\/4-5-39-1024x1017.jpg 1024w, https:\/\/www.cnxiangfu.com\/wp-content\/uploads\/2025\/12\/4-5-39-150x150.jpg 150w, https:\/\/www.cnxiangfu.com\/wp-content\/uploads\/2025\/12\/4-5-39-768x763.jpg 768w, https:\/\/www.cnxiangfu.com\/wp-content\/uploads\/2025\/12\/4-5-39-600x596.jpg 600w, https:\/\/www.cnxiangfu.com\/wp-content\/uploads\/2025\/12\/4-5-39-100x100.jpg 100w\" sizes=\"(max-width: 1500px) 100vw, 1500px\" title=\"\">\t\t\t\t\t\t\t\t\t\t\t\t\t\t\t<\/div>\n\t\t\t\t<div class=\"elementor-element elementor-element-0e122e3 elementor-widget elementor-widget-image\" data-id=\"0e122e3\" data-element_type=\"widget\" data-e-type=\"widget\" data-widget_type=\"image.default\">\n\t\t\t\t\t\t\t\t\t\t\t\t\t\t\t<img decoding=\"async\" width=\"1500\" height=\"1491\" src=\"https:\/\/www.cnxiangfu.com\/wp-content\/uploads\/2025\/12\/4-6-40.jpg\" class=\"attachment-full size-full wp-image-19171\" alt=\"\" srcset=\"https:\/\/www.cnxiangfu.com\/wp-content\/uploads\/2025\/12\/4-6-40.jpg 1500w, https:\/\/www.cnxiangfu.com\/wp-content\/uploads\/2025\/12\/4-6-40-300x298.jpg 300w, https:\/\/www.cnxiangfu.com\/wp-content\/uploads\/2025\/12\/4-6-40-1024x1018.jpg 1024w, https:\/\/www.cnxiangfu.com\/wp-content\/uploads\/2025\/12\/4-6-40-150x150.jpg 150w, https:\/\/www.cnxiangfu.com\/wp-content\/uploads\/2025\/12\/4-6-40-768x763.jpg 768w, https:\/\/www.cnxiangfu.com\/wp-content\/uploads\/2025\/12\/4-6-40-600x596.jpg 600w, https:\/\/www.cnxiangfu.com\/wp-content\/uploads\/2025\/12\/4-6-40-100x100.jpg 100w\" sizes=\"(max-width: 1500px) 100vw, 1500px\" title=\"\">\t\t\t\t\t\t\t\t\t\t\t\t\t\t\t<\/div>\n\t\t\t\t<div class=\"elementor-element elementor-element-06cbc6b elementor-widget elementor-widget-image\" data-id=\"06cbc6b\" data-element_type=\"widget\" data-e-type=\"widget\" data-widget_type=\"image.default\">\n\t\t\t\t\t\t\t\t\t\t\t\t\t\t\t<img loading=\"lazy\" decoding=\"async\" width=\"1500\" height=\"1492\" src=\"https:\/\/www.cnxiangfu.com\/wp-content\/uploads\/2025\/12\/4-7-34.jpg\" class=\"attachment-full size-full wp-image-19172\" alt=\"\" srcset=\"https:\/\/www.cnxiangfu.com\/wp-content\/uploads\/2025\/12\/4-7-34.jpg 1500w, https:\/\/www.cnxiangfu.com\/wp-content\/uploads\/2025\/12\/4-7-34-300x298.jpg 300w, https:\/\/www.cnxiangfu.com\/wp-content\/uploads\/2025\/12\/4-7-34-1024x1019.jpg 1024w, https:\/\/www.cnxiangfu.com\/wp-content\/uploads\/2025\/12\/4-7-34-150x150.jpg 150w, https:\/\/www.cnxiangfu.com\/wp-content\/uploads\/2025\/12\/4-7-34-768x764.jpg 768w, https:\/\/www.cnxiangfu.com\/wp-content\/uploads\/2025\/12\/4-7-34-600x597.jpg 600w, https:\/\/www.cnxiangfu.com\/wp-content\/uploads\/2025\/12\/4-7-34-100x100.jpg 100w\" sizes=\"(max-width: 1500px) 100vw, 1500px\" title=\"\">\t\t\t\t\t\t\t\t\t\t\t\t\t\t\t<\/div>\n\t\t\t\t\t<\/div>\n\t\t\t\t<\/div>\n\t\t\t\t<\/div>\n\t\t","protected":false},"excerpt":{"rendered":"<p>Nom du produit : Sac en toile Taille du produit : personnalisable<\/p>\n<p>Sac Tissu : Toile<\/p>\n<p>Poign\u00e9e : Toile<\/p>\n<p>Utilisation : Voyages, shopping, usage quotidien<\/p>\n","protected":false},"featured_media":6077,"comment_status":"open","ping_status":"closed","template":"","meta":{"_acf_changed":false},"product_brand":[],"product_cat":[67,97],"product_tag":[916,1009,919,920,921,918,915,917],"class_list":{"0":"post-19183","1":"product","2":"type-product","3":"status-publish","4":"has-post-thumbnail","6":"product_cat-non-categorise","7":"product_cat-sacs-en-toile-personnalises","8":"product_tag-sac-fourre-tout-en-toile-de-jute","9":"product_tag-sac-fourre-tout-en-toile-de-jute-2","10":"product_tag-sac-fourre-tout-en-toile-de-jute-avec-poignees-en-cuir","11":"product_tag-sacs-cadeaux-en-toile-de-jute","12":"product_tag-sacs-fourre-tout-en-toile-de-jute-a-vendre","13":"product_tag-sacs-fourre-tout-en-toile-de-jute-en-gros","14":"product_tag-sacs-fourre-tout-en-toile-de-jute-en-vrac","15":"product_tag-sacs-fourre-tout-en-toile-de-jute-ustom","17":"first","18":"onbackorder","19":"shipping-taxable","20":"purchasable","21":"product-type-simple"},"acf":[],"_links":{"self":[{"href":"https:\/\/www.cnxiangfu.com\/fr\/wp-json\/wp\/v2\/product\/19183","targetHints":{"allow":["GET"]}}],"collection":[{"href":"https:\/\/www.cnxiangfu.com\/fr\/wp-json\/wp\/v2\/product"}],"about":[{"href":"https:\/\/www.cnxiangfu.com\/fr\/wp-json\/wp\/v2\/types\/product"}],"replies":[{"embeddable":true,"href":"https:\/\/www.cnxiangfu.com\/fr\/wp-json\/wp\/v2\/comments?post=19183"}],"version-history":[{"count":3,"href":"https:\/\/www.cnxiangfu.com\/fr\/wp-json\/wp\/v2\/product\/19183\/revisions"}],"predecessor-version":[{"id":19476,"href":"https:\/\/www.cnxiangfu.com\/fr\/wp-json\/wp\/v2\/product\/19183\/revisions\/19476"}],"wp:featuredmedia":[{"embeddable":true,"href":"https:\/\/www.cnxiangfu.com\/fr\/wp-json\/wp\/v2\/media\/6077"}],"wp:attachment":[{"href":"https:\/\/www.cnxiangfu.com\/fr\/wp-json\/wp\/v2\/media?parent=19183"}],"wp:term":[{"taxonomy":"product_brand","embeddable":true,"href":"https:\/\/www.cnxiangfu.com\/fr\/wp-json\/wp\/v2\/product_brand?post=19183"},{"taxonomy":"product_cat","embeddable":true,"href":"https:\/\/www.cnxiangfu.com\/fr\/wp-json\/wp\/v2\/product_cat?post=19183"},{"taxonomy":"product_tag","embeddable":true,"href":"https:\/\/www.cnxiangfu.com\/fr\/wp-json\/wp\/v2\/product_tag?post=19183"}],"curies":[{"name":"wp","href":"https:\/\/api.w.org\/{rel}","templated":true}]}}