{"id":20056,"date":"2025-12-20T13:51:29","date_gmt":"2025-12-20T05:51:29","guid":{"rendered":"https:\/\/www.cnxiangfu.com\/?post_type=product&#038;p=20056"},"modified":"2025-12-23T17:43:24","modified_gmt":"2025-12-23T09:43:24","slug":"sac-fourre-tout-en-toile-extra-large-pour-femmes-sac-reutilisable-de-courses-avec-doublure-bretelles-plus-larges-fermeture-eclair-%e5%a4%8d%e5%88%b6-%e5%a4%8d%e5%88%b6-%e5%a4%8d%e5%88%b6-4","status":"publish","type":"product","link":"https:\/\/www.cnxiangfu.com\/fr\/produit\/sac-fourre-tout-en-toile-extra-large-pour-femmes-sac-reutilisable-de-courses-avec-doublure-bretelles-plus-larges-fermeture-eclair-%e5%a4%8d%e5%88%b6-%e5%a4%8d%e5%88%b6-%e5%a4%8d%e5%88%b6-4\/","title":{"rendered":"Sac \u00e0 main f\u00e9minin \u00e0 la mode pour les achats quotidiens et les voyages, grand cylindre, sac ray\u00e9 en toile au design simple"},"content":{"rendered":"\t\t<div data-elementor-type=\"product-post\" data-elementor-id=\"20056\" class=\"elementor elementor-20056 elementor-20054\" data-elementor-post-type=\"product\">\n\t\t\t\t<div class=\"elementor-element elementor-element-31f5d34 e-flex e-con-boxed e-con e-parent\" data-id=\"31f5d34\" data-element_type=\"container\" data-e-type=\"container\">\n\t\t\t\t\t<div class=\"e-con-inner\">\n\t\t\t\t\t<\/div>\n\t\t\t\t<\/div>\n\t\t\t\t<\/div>\n\t\t","protected":false},"excerpt":{"rendered":"<p>Nom du produit : Sac en toile Taille du produit : personnalisable<\/p>\n<p>Sac Tissu : Toile<\/p>\n<p>Poign\u00e9e : Toile<\/p>\n<p>Utilisation : Voyages, shopping, usage quotidien<\/p>\n","protected":false},"featured_media":6077,"comment_status":"open","ping_status":"closed","template":"","meta":{"_acf_changed":false},"product_brand":[],"product_cat":[67,97],"product_tag":[1564,1563,1009,1562,1565,1566],"class_list":{"0":"post-20056","1":"product","2":"type-product","3":"status-publish","4":"has-post-thumbnail","6":"product_cat-non-categorise","7":"product_cat-sacs-en-toile-personnalises","8":"product_tag-sac-a-main-raye-en-toile","9":"product_tag-sac-de-shopping-mode","10":"product_tag-sac-fourre-tout-en-toile-de-jute-2","11":"product_tag-sacs-de-courses-a-la-mode","12":"product_tag-sacs-de-courses-mode-en-gros","13":"product_tag-sacs-de-courses-reutilisables-a-la-mode-a-vendre","15":"first","16":"onbackorder","17":"shipping-taxable","18":"purchasable","19":"product-type-simple"},"acf":[],"_links":{"self":[{"href":"https:\/\/www.cnxiangfu.com\/fr\/wp-json\/wp\/v2\/product\/20056","targetHints":{"allow":["GET"]}}],"collection":[{"href":"https:\/\/www.cnxiangfu.com\/fr\/wp-json\/wp\/v2\/product"}],"about":[{"href":"https:\/\/www.cnxiangfu.com\/fr\/wp-json\/wp\/v2\/types\/product"}],"replies":[{"embeddable":true,"href":"https:\/\/www.cnxiangfu.com\/fr\/wp-json\/wp\/v2\/comments?post=20056"}],"version-history":[{"count":2,"href":"https:\/\/www.cnxiangfu.com\/fr\/wp-json\/wp\/v2\/product\/20056\/revisions"}],"predecessor-version":[{"id":20169,"href":"https:\/\/www.cnxiangfu.com\/fr\/wp-json\/wp\/v2\/product\/20056\/revisions\/20169"}],"wp:featuredmedia":[{"embeddable":true,"href":"https:\/\/www.cnxiangfu.com\/fr\/wp-json\/wp\/v2\/media\/6077"}],"wp:attachment":[{"href":"https:\/\/www.cnxiangfu.com\/fr\/wp-json\/wp\/v2\/media?parent=20056"}],"wp:term":[{"taxonomy":"product_brand","embeddable":true,"href":"https:\/\/www.cnxiangfu.com\/fr\/wp-json\/wp\/v2\/product_brand?post=20056"},{"taxonomy":"product_cat","embeddable":true,"href":"https:\/\/www.cnxiangfu.com\/fr\/wp-json\/wp\/v2\/product_cat?post=20056"},{"taxonomy":"product_tag","embeddable":true,"href":"https:\/\/www.cnxiangfu.com\/fr\/wp-json\/wp\/v2\/product_tag?post=20056"}],"curies":[{"name":"wp","href":"https:\/\/api.w.org\/{rel}","templated":true}]}}