{"id":20086,"date":"2025-12-20T13:59:44","date_gmt":"2025-12-20T05:59:44","guid":{"rendered":"https:\/\/www.cnxiangfu.com\/?post_type=product&#038;p=20086"},"modified":"2025-12-23T17:35:58","modified_gmt":"2025-12-23T09:35:58","slug":"sac-fourre-tout-en-toile-extra-large-pour-femmes-sac-reutilisable-de-courses-avec-doublure-bretelles-plus-larges-fermeture-eclair-%e5%a4%8d%e5%88%b6-%e5%a4%8d%e5%88%b6-%e5%a4%8d%e5%88%b6-6","status":"publish","type":"product","link":"https:\/\/www.cnxiangfu.com\/fr\/produit\/sac-fourre-tout-en-toile-extra-large-pour-femmes-sac-reutilisable-de-courses-avec-doublure-bretelles-plus-larges-fermeture-eclair-%e5%a4%8d%e5%88%b6-%e5%a4%8d%e5%88%b6-%e5%a4%8d%e5%88%b6-6\/","title":{"rendered":"Meilleurs sacs d\u2019\u00e9picerie en toile avec poign\u00e9es et manchons pour bouteilles &#8211; Bacs d\u2019\u00e9picerie en tissu en coton bio, lavables et \u00e9cologiques &#8211; Sacs de courses r\u00e9utilisables (3 sacs)"},"content":{"rendered":"\t\t<div data-elementor-type=\"product-post\" data-elementor-id=\"20086\" class=\"elementor elementor-20086 elementor-20084\" data-elementor-post-type=\"product\">\n\t\t\t\t<div class=\"elementor-element elementor-element-31f5d34 e-flex e-con-boxed e-con e-parent\" data-id=\"31f5d34\" data-element_type=\"container\" data-e-type=\"container\">\n\t\t\t\t\t<div class=\"e-con-inner\">\n\t\t\t\t\t<\/div>\n\t\t\t\t<\/div>\n\t\t\t\t<\/div>\n\t\t","protected":false},"excerpt":{"rendered":"<p>Nom du produit : Sac en toile Taille du produit : personnalisable<\/p>\n<p>Sac Tissu : Toile<\/p>\n<p>Poign\u00e9e : Toile<\/p>\n<p>Utilisation : Voyages, shopping, usage quotidien<\/p>\n","protected":false},"featured_media":6077,"comment_status":"open","ping_status":"closed","template":"","meta":{"_acf_changed":false},"product_brand":[],"product_cat":[67,97],"product_tag":[1529,995,1530,916,919,1528],"class_list":{"0":"post-20086","1":"product","2":"type-product","3":"status-publish","4":"has-post-thumbnail","6":"product_cat-non-categorise","7":"product_cat-sacs-en-toile-personnalises","8":"product_tag-fabricant-de-sacs-depicerie","9":"product_tag-meilleurs-sacs-de-courses","10":"product_tag-meilleurs-sacs-de-courses-a-vendre","11":"product_tag-sac-fourre-tout-en-toile-de-jute","12":"product_tag-sac-fourre-tout-en-toile-de-jute-avec-poignees-en-cuir","13":"product_tag-sacs-de-courses-en-gros","15":"first","16":"onbackorder","17":"shipping-taxable","18":"purchasable","19":"product-type-simple"},"acf":[],"_links":{"self":[{"href":"https:\/\/www.cnxiangfu.com\/fr\/wp-json\/wp\/v2\/product\/20086","targetHints":{"allow":["GET"]}}],"collection":[{"href":"https:\/\/www.cnxiangfu.com\/fr\/wp-json\/wp\/v2\/product"}],"about":[{"href":"https:\/\/www.cnxiangfu.com\/fr\/wp-json\/wp\/v2\/types\/product"}],"replies":[{"embeddable":true,"href":"https:\/\/www.cnxiangfu.com\/fr\/wp-json\/wp\/v2\/comments?post=20086"}],"version-history":[{"count":2,"href":"https:\/\/www.cnxiangfu.com\/fr\/wp-json\/wp\/v2\/product\/20086\/revisions"}],"predecessor-version":[{"id":20153,"href":"https:\/\/www.cnxiangfu.com\/fr\/wp-json\/wp\/v2\/product\/20086\/revisions\/20153"}],"wp:featuredmedia":[{"embeddable":true,"href":"https:\/\/www.cnxiangfu.com\/fr\/wp-json\/wp\/v2\/media\/6077"}],"wp:attachment":[{"href":"https:\/\/www.cnxiangfu.com\/fr\/wp-json\/wp\/v2\/media?parent=20086"}],"wp:term":[{"taxonomy":"product_brand","embeddable":true,"href":"https:\/\/www.cnxiangfu.com\/fr\/wp-json\/wp\/v2\/product_brand?post=20086"},{"taxonomy":"product_cat","embeddable":true,"href":"https:\/\/www.cnxiangfu.com\/fr\/wp-json\/wp\/v2\/product_cat?post=20086"},{"taxonomy":"product_tag","embeddable":true,"href":"https:\/\/www.cnxiangfu.com\/fr\/wp-json\/wp\/v2\/product_tag?post=20086"}],"curies":[{"name":"wp","href":"https:\/\/api.w.org\/{rel}","templated":true}]}}