{"id":20698,"date":"2025-12-22T10:30:30","date_gmt":"2025-12-22T02:30:30","guid":{"rendered":"https:\/\/www.cnxiangfu.com\/?post_type=product&#038;p=20698"},"modified":"2025-12-23T13:59:18","modified_gmt":"2025-12-23T05:59:18","slug":"sacs-fourre-tout-en-toile-de-jute-sacs-cadeaux-de-jeunes-demoiselles-dhonneur-en-jute-avec-poignees-voyage-de-loisirs-vacances-125x5x98-pouces-m-%e5%a4%8d%e5%88%b6-%e5%a4%8d-3","status":"publish","type":"product","link":"https:\/\/www.cnxiangfu.com\/fr\/produit\/sacs-fourre-tout-en-toile-de-jute-sacs-cadeaux-de-jeunes-demoiselles-dhonneur-en-jute-avec-poignees-voyage-de-loisirs-vacances-125x5x98-pouces-m-%e5%a4%8d%e5%88%b6-%e5%a4%8d-3\/","title":{"rendered":"Sac tote de jute avec poign\u00e9e Ruban en jute Sac d\u2019\u00e9picerie brod\u00e9 pour femmes No\u00ebl Cadeau de demoiselle d\u2019honneur de No\u00ebl"},"content":{"rendered":"\t\t<div data-elementor-type=\"product-post\" data-elementor-id=\"20698\" class=\"elementor elementor-20698 elementor-20696\" data-elementor-post-type=\"product\">\n\t\t\t\t<div class=\"elementor-element elementor-element-31f5d34 e-flex e-con-boxed e-con e-parent\" data-id=\"31f5d34\" data-element_type=\"container\" data-e-type=\"container\">\n\t\t\t\t\t<div class=\"e-con-inner\">\n\t\t\t\t\t<\/div>\n\t\t\t\t<\/div>\n\t\t\t\t<\/div>\n\t\t","protected":false},"excerpt":{"rendered":"<p>Nom du produit : Sac<\/p>\n<p>en jute Taille du produit : personnalisable<\/p>\n<p>Tissu du sac : jute<\/p>\n<p>Poign\u00e9e : coton<\/p>\n<p>Utilisation : Voyages, shopping, usage quotidien<\/p>\n","protected":false},"featured_media":6077,"comment_status":"open","ping_status":"closed","template":"","meta":{"_acf_changed":false},"product_brand":[],"product_cat":[475,106],"product_tag":[1009,916,919,920,921,918,915,917],"class_list":{"0":"post-20698","1":"product","2":"type-product","3":"status-publish","4":"has-post-thumbnail","6":"product_cat-sac-en-jute","7":"product_cat-sac-en-jute-personnalise","8":"product_tag-sac-fourre-tout-en-toile-de-jute-2","9":"product_tag-sac-fourre-tout-en-toile-de-jute","10":"product_tag-sac-fourre-tout-en-toile-de-jute-avec-poignees-en-cuir","11":"product_tag-sacs-cadeaux-en-toile-de-jute","12":"product_tag-sacs-fourre-tout-en-toile-de-jute-a-vendre","13":"product_tag-sacs-fourre-tout-en-toile-de-jute-en-gros","14":"product_tag-sacs-fourre-tout-en-toile-de-jute-en-vrac","15":"product_tag-sacs-fourre-tout-en-toile-de-jute-ustom","17":"first","18":"onbackorder","19":"shipping-taxable","20":"purchasable","21":"product-type-simple"},"acf":[],"_links":{"self":[{"href":"https:\/\/www.cnxiangfu.com\/fr\/wp-json\/wp\/v2\/product\/20698","targetHints":{"allow":["GET"]}}],"collection":[{"href":"https:\/\/www.cnxiangfu.com\/fr\/wp-json\/wp\/v2\/product"}],"about":[{"href":"https:\/\/www.cnxiangfu.com\/fr\/wp-json\/wp\/v2\/types\/product"}],"replies":[{"embeddable":true,"href":"https:\/\/www.cnxiangfu.com\/fr\/wp-json\/wp\/v2\/comments?post=20698"}],"version-history":[{"count":2,"href":"https:\/\/www.cnxiangfu.com\/fr\/wp-json\/wp\/v2\/product\/20698\/revisions"}],"predecessor-version":[{"id":20836,"href":"https:\/\/www.cnxiangfu.com\/fr\/wp-json\/wp\/v2\/product\/20698\/revisions\/20836"}],"wp:featuredmedia":[{"embeddable":true,"href":"https:\/\/www.cnxiangfu.com\/fr\/wp-json\/wp\/v2\/media\/6077"}],"wp:attachment":[{"href":"https:\/\/www.cnxiangfu.com\/fr\/wp-json\/wp\/v2\/media?parent=20698"}],"wp:term":[{"taxonomy":"product_brand","embeddable":true,"href":"https:\/\/www.cnxiangfu.com\/fr\/wp-json\/wp\/v2\/product_brand?post=20698"},{"taxonomy":"product_cat","embeddable":true,"href":"https:\/\/www.cnxiangfu.com\/fr\/wp-json\/wp\/v2\/product_cat?post=20698"},{"taxonomy":"product_tag","embeddable":true,"href":"https:\/\/www.cnxiangfu.com\/fr\/wp-json\/wp\/v2\/product_tag?post=20698"}],"curies":[{"name":"wp","href":"https:\/\/api.w.org\/{rel}","templated":true}]}}