{"id":21404,"date":"2025-12-23T17:19:12","date_gmt":"2025-12-23T09:19:12","guid":{"rendered":"https:\/\/www.cnxiangfu.com\/?post_type=product&#038;p=21404"},"modified":"2025-12-23T17:36:00","modified_gmt":"2025-12-23T09:36:00","slug":"sac-fourre-tout-en-toile-extra-large-pour-femmes-hommes-sacs-utilitaires-de-travail-avec-fermeture-eclair-%e5%a4%8d%e5%88%b6","status":"publish","type":"product","link":"https:\/\/www.cnxiangfu.com\/fr\/produit\/sac-fourre-tout-en-toile-extra-large-pour-femmes-hommes-sacs-utilitaires-de-travail-avec-fermeture-eclair-%e5%a4%8d%e5%88%b6\/","title":{"rendered":"Sac fourre-tout en toile avec poign\u00e9es pour femmes, sac en tissu r\u00e9utilisable pour les courses et les courses &#8211; Sac fourre-tout en coton vierge, adapt\u00e9 aux projets DIY \u2013 TR\u00c8S R\u00c9SISTANT \u2013 16&nbsp;\u00bb x 14,5&nbsp;\u00bb avec gousset de 4&nbsp;\u00bb, rouge"},"content":{"rendered":"\t\t<div data-elementor-type=\"product-post\" data-elementor-id=\"21404\" class=\"elementor elementor-21404 elementor-21402\" data-elementor-post-type=\"product\">\n\t\t\t\t<div class=\"elementor-element elementor-element-31f5d34 e-flex e-con-boxed e-con e-parent\" data-id=\"31f5d34\" data-element_type=\"container\" data-e-type=\"container\">\n\t\t\t\t\t<div class=\"e-con-inner\">\n\t\t\t\t\t<\/div>\n\t\t\t\t<\/div>\n\t\t\t\t<\/div>\n\t\t","protected":false},"excerpt":{"rendered":"<p>Nom du produit : Sac en toile Taille du produit : personnalisable<\/p>\n<p>Sac Tissu : Toile<\/p>\n<p>Poign\u00e9e : Toile<\/p>\n<p>Utilisation : Voyages, shopping, usage quotidien<\/p>\n","protected":false},"featured_media":6077,"comment_status":"open","ping_status":"closed","template":"","meta":{"_acf_changed":false},"product_brand":[],"product_cat":[67,97],"product_tag":[916,1009,919,920,921,918,915,917],"class_list":{"0":"post-21404","1":"product","2":"type-product","3":"status-publish","4":"has-post-thumbnail","6":"product_cat-non-categorise","7":"product_cat-sacs-en-toile-personnalises","8":"product_tag-sac-fourre-tout-en-toile-de-jute","9":"product_tag-sac-fourre-tout-en-toile-de-jute-2","10":"product_tag-sac-fourre-tout-en-toile-de-jute-avec-poignees-en-cuir","11":"product_tag-sacs-cadeaux-en-toile-de-jute","12":"product_tag-sacs-fourre-tout-en-toile-de-jute-a-vendre","13":"product_tag-sacs-fourre-tout-en-toile-de-jute-en-gros","14":"product_tag-sacs-fourre-tout-en-toile-de-jute-en-vrac","15":"product_tag-sacs-fourre-tout-en-toile-de-jute-ustom","17":"first","18":"onbackorder","19":"shipping-taxable","20":"purchasable","21":"product-type-simple"},"acf":[],"_links":{"self":[{"href":"https:\/\/www.cnxiangfu.com\/fr\/wp-json\/wp\/v2\/product\/21404","targetHints":{"allow":["GET"]}}],"collection":[{"href":"https:\/\/www.cnxiangfu.com\/fr\/wp-json\/wp\/v2\/product"}],"about":[{"href":"https:\/\/www.cnxiangfu.com\/fr\/wp-json\/wp\/v2\/types\/product"}],"replies":[{"embeddable":true,"href":"https:\/\/www.cnxiangfu.com\/fr\/wp-json\/wp\/v2\/comments?post=21404"}],"version-history":[{"count":2,"href":"https:\/\/www.cnxiangfu.com\/fr\/wp-json\/wp\/v2\/product\/21404\/revisions"}],"predecessor-version":[{"id":21485,"href":"https:\/\/www.cnxiangfu.com\/fr\/wp-json\/wp\/v2\/product\/21404\/revisions\/21485"}],"wp:featuredmedia":[{"embeddable":true,"href":"https:\/\/www.cnxiangfu.com\/fr\/wp-json\/wp\/v2\/media\/6077"}],"wp:attachment":[{"href":"https:\/\/www.cnxiangfu.com\/fr\/wp-json\/wp\/v2\/media?parent=21404"}],"wp:term":[{"taxonomy":"product_brand","embeddable":true,"href":"https:\/\/www.cnxiangfu.com\/fr\/wp-json\/wp\/v2\/product_brand?post=21404"},{"taxonomy":"product_cat","embeddable":true,"href":"https:\/\/www.cnxiangfu.com\/fr\/wp-json\/wp\/v2\/product_cat?post=21404"},{"taxonomy":"product_tag","embeddable":true,"href":"https:\/\/www.cnxiangfu.com\/fr\/wp-json\/wp\/v2\/product_tag?post=21404"}],"curies":[{"name":"wp","href":"https:\/\/api.w.org\/{rel}","templated":true}]}}