{"id":22373,"date":"2025-12-25T16:10:02","date_gmt":"2025-12-25T08:10:02","guid":{"rendered":"https:\/\/www.cnxiangfu.com\/?post_type=product&#038;p=22373"},"modified":"2025-12-25T16:13:40","modified_gmt":"2025-12-25T08:13:40","slug":"sacs-tote-personnalises-en-jute-avec-poignees-et-fermeture-eclair-sacs-de-courses-reutilisables-sur-mesure-sacs-en-toile-de-jute-avec-poche-avant-en-toile-de-mariage-sacs-cadeaux-pour-mariage-12nb-4","status":"publish","type":"product","link":"https:\/\/www.cnxiangfu.com\/fr\/produit\/sacs-tote-personnalises-en-jute-avec-poignees-et-fermeture-eclair-sacs-de-courses-reutilisables-sur-mesure-sacs-en-toile-de-jute-avec-poche-avant-en-toile-de-mariage-sacs-cadeaux-pour-mariage-12nb-4\/","title":{"rendered":"Sac tote de jute avec poign\u00e9e, sacs cadeaux en jute r\u00e9utilisables, int\u00e9rieur en stamifi\u00e9 petit fourreau de plage, sac de courses doubl\u00e9 pour demoiselle d\u2019honneur, bricolage, mariage, 9,8\u00a0\u00bbx11,8\u00a0\u00bbx3,9\u00a0\u00bb, noir"},"content":{"rendered":"\t\t<div data-elementor-type=\"product-post\" data-elementor-id=\"22373\" class=\"elementor elementor-22373 elementor-22371\" data-elementor-post-type=\"product\">\n\t\t\t\t<div class=\"elementor-element elementor-element-31f5d34 e-flex e-con-boxed e-con e-parent\" data-id=\"31f5d34\" data-element_type=\"container\" data-e-type=\"container\">\n\t\t\t\t\t<div class=\"e-con-inner\">\n\t\t\t\t\t<\/div>\n\t\t\t\t<\/div>\n\t\t\t\t<\/div>\n\t\t","protected":false},"excerpt":{"rendered":"<p>Nom du produit : Sac<\/p>\n<p>en jute Taille du produit : personnalisable<\/p>\n<p>Tissu du sac : jute<\/p>\n<p>Poign\u00e9e : coton<\/p>\n<p>Utilisation : Voyages, shopping, usage quotidien<\/p>\n","protected":false},"featured_media":6077,"comment_status":"open","ping_status":"closed","template":"","meta":{"_acf_changed":false},"product_brand":[],"product_cat":[475,106],"product_tag":[1009,916,919,920,921,918,915,917],"class_list":{"0":"post-22373","1":"product","2":"type-product","3":"status-publish","4":"has-post-thumbnail","6":"product_cat-sac-en-jute","7":"product_cat-sac-en-jute-personnalise","8":"product_tag-sac-fourre-tout-en-toile-de-jute-2","9":"product_tag-sac-fourre-tout-en-toile-de-jute","10":"product_tag-sac-fourre-tout-en-toile-de-jute-avec-poignees-en-cuir","11":"product_tag-sacs-cadeaux-en-toile-de-jute","12":"product_tag-sacs-fourre-tout-en-toile-de-jute-a-vendre","13":"product_tag-sacs-fourre-tout-en-toile-de-jute-en-gros","14":"product_tag-sacs-fourre-tout-en-toile-de-jute-en-vrac","15":"product_tag-sacs-fourre-tout-en-toile-de-jute-ustom","17":"first","18":"onbackorder","19":"shipping-taxable","20":"purchasable","21":"product-type-simple"},"acf":[],"_links":{"self":[{"href":"https:\/\/www.cnxiangfu.com\/fr\/wp-json\/wp\/v2\/product\/22373","targetHints":{"allow":["GET"]}}],"collection":[{"href":"https:\/\/www.cnxiangfu.com\/fr\/wp-json\/wp\/v2\/product"}],"about":[{"href":"https:\/\/www.cnxiangfu.com\/fr\/wp-json\/wp\/v2\/types\/product"}],"replies":[{"embeddable":true,"href":"https:\/\/www.cnxiangfu.com\/fr\/wp-json\/wp\/v2\/comments?post=22373"}],"version-history":[{"count":2,"href":"https:\/\/www.cnxiangfu.com\/fr\/wp-json\/wp\/v2\/product\/22373\/revisions"}],"predecessor-version":[{"id":22424,"href":"https:\/\/www.cnxiangfu.com\/fr\/wp-json\/wp\/v2\/product\/22373\/revisions\/22424"}],"wp:featuredmedia":[{"embeddable":true,"href":"https:\/\/www.cnxiangfu.com\/fr\/wp-json\/wp\/v2\/media\/6077"}],"wp:attachment":[{"href":"https:\/\/www.cnxiangfu.com\/fr\/wp-json\/wp\/v2\/media?parent=22373"}],"wp:term":[{"taxonomy":"product_brand","embeddable":true,"href":"https:\/\/www.cnxiangfu.com\/fr\/wp-json\/wp\/v2\/product_brand?post=22373"},{"taxonomy":"product_cat","embeddable":true,"href":"https:\/\/www.cnxiangfu.com\/fr\/wp-json\/wp\/v2\/product_cat?post=22373"},{"taxonomy":"product_tag","embeddable":true,"href":"https:\/\/www.cnxiangfu.com\/fr\/wp-json\/wp\/v2\/product_tag?post=22373"}],"curies":[{"name":"wp","href":"https:\/\/api.w.org\/{rel}","templated":true}]}}