{"id":23316,"date":"2025-12-26T09:53:00","date_gmt":"2025-12-26T01:53:00","guid":{"rendered":"https:\/\/www.cnxiangfu.com\/?post_type=product&#038;p=23316"},"modified":"2025-12-27T14:38:50","modified_gmt":"2025-12-27T06:38:50","slug":"sac-a-vin-premier-cadeau-pour-la-maison-saccorde-bien-avec-une-nouvelle-maison-decorations-pour-pendaison-de-cremaillere-pendaison-de-cremaillere-cadeau-pour-femmes-sac-reutilisable-po","status":"publish","type":"product","link":"https:\/\/www.cnxiangfu.com\/fr\/produit\/sac-a-vin-premier-cadeau-pour-la-maison-saccorde-bien-avec-une-nouvelle-maison-decorations-pour-pendaison-de-cremaillere-pendaison-de-cremaillere-cadeau-pour-femmes-sac-reutilisable-po\/","title":{"rendered":"des sacs de rangement en coton r\u00e9utilisables, des sacs \u00e0 cordon mousseline de 3 pour le pain, les pommes de terre, les oignons, les fruits et l\u00e9gumes ; Sacs en toile biod\u00e9gradable pour chaussures, lessive, v\u00eatements, rangement de voyage"},"content":{"rendered":"\t\t<div data-elementor-type=\"product-post\" data-elementor-id=\"23316\" class=\"elementor elementor-23316 elementor-23314\" data-elementor-post-type=\"product\">\n\t\t\t\t<div class=\"elementor-element elementor-element-31f5d34 e-flex e-con-boxed e-con e-parent\" data-id=\"31f5d34\" data-element_type=\"container\" data-e-type=\"container\">\n\t\t\t\t\t<div class=\"e-con-inner\">\n\t\t\t\t\t<\/div>\n\t\t\t\t<\/div>\n\t\t\t\t<\/div>\n\t\t","protected":false},"excerpt":{"rendered":"<p>Nom du produit : Sac \u00e0 corse en toile Taille du produit : personnalisable<\/p>\n<p>Sac Tissu : Toile<\/p>\n<p>Poign\u00e9e : Toile<\/p>\n<p>Utilisation : Voyages, shopping, usage quotidien<\/p>\n","protected":false},"featured_media":6077,"comment_status":"open","ping_status":"closed","template":"","meta":{"_acf_changed":false},"product_brand":[],"product_cat":[67,70,110,97],"product_tag":[916,1009,919,920,921,918,915,917],"class_list":{"0":"post-23316","1":"product","2":"type-product","3":"status-publish","4":"has-post-thumbnail","6":"product_cat-non-categorise","7":"product_cat-drawstring-bag","8":"product_cat-custom-drawstring-bag","9":"product_cat-sacs-en-toile-personnalises","10":"product_tag-sac-fourre-tout-en-toile-de-jute","11":"product_tag-sac-fourre-tout-en-toile-de-jute-2","12":"product_tag-sac-fourre-tout-en-toile-de-jute-avec-poignees-en-cuir","13":"product_tag-sacs-cadeaux-en-toile-de-jute","14":"product_tag-sacs-fourre-tout-en-toile-de-jute-a-vendre","15":"product_tag-sacs-fourre-tout-en-toile-de-jute-en-gros","16":"product_tag-sacs-fourre-tout-en-toile-de-jute-en-vrac","17":"product_tag-sacs-fourre-tout-en-toile-de-jute-ustom","19":"first","20":"onbackorder","21":"shipping-taxable","22":"purchasable","23":"product-type-simple"},"acf":[],"_links":{"self":[{"href":"https:\/\/www.cnxiangfu.com\/fr\/wp-json\/wp\/v2\/product\/23316","targetHints":{"allow":["GET"]}}],"collection":[{"href":"https:\/\/www.cnxiangfu.com\/fr\/wp-json\/wp\/v2\/product"}],"about":[{"href":"https:\/\/www.cnxiangfu.com\/fr\/wp-json\/wp\/v2\/types\/product"}],"replies":[{"embeddable":true,"href":"https:\/\/www.cnxiangfu.com\/fr\/wp-json\/wp\/v2\/comments?post=23316"}],"version-history":[{"count":2,"href":"https:\/\/www.cnxiangfu.com\/fr\/wp-json\/wp\/v2\/product\/23316\/revisions"}],"predecessor-version":[{"id":24003,"href":"https:\/\/www.cnxiangfu.com\/fr\/wp-json\/wp\/v2\/product\/23316\/revisions\/24003"}],"wp:featuredmedia":[{"embeddable":true,"href":"https:\/\/www.cnxiangfu.com\/fr\/wp-json\/wp\/v2\/media\/6077"}],"wp:attachment":[{"href":"https:\/\/www.cnxiangfu.com\/fr\/wp-json\/wp\/v2\/media?parent=23316"}],"wp:term":[{"taxonomy":"product_brand","embeddable":true,"href":"https:\/\/www.cnxiangfu.com\/fr\/wp-json\/wp\/v2\/product_brand?post=23316"},{"taxonomy":"product_cat","embeddable":true,"href":"https:\/\/www.cnxiangfu.com\/fr\/wp-json\/wp\/v2\/product_cat?post=23316"},{"taxonomy":"product_tag","embeddable":true,"href":"https:\/\/www.cnxiangfu.com\/fr\/wp-json\/wp\/v2\/product_tag?post=23316"}],"curies":[{"name":"wp","href":"https:\/\/api.w.org\/{rel}","templated":true}]}}