{"id":24958,"date":"2025-12-28T09:40:27","date_gmt":"2025-12-28T01:40:27","guid":{"rendered":"https:\/\/www.cnxiangfu.com\/?post_type=product&#038;p=24958"},"modified":"2025-12-29T15:18:11","modified_gmt":"2025-12-29T07:18:11","slug":"sac-a-dos-en-toile-de-coton-a-cordon-sac-a-dos-sac-de-sport-sac-a-dos-sport-sacs-a-dos-sacs-a-sac-en-cordon-sacs-pack-2-blanc-%e5%a4%8d%e5%88%b6-2","status":"publish","type":"product","link":"https:\/\/www.cnxiangfu.com\/fr\/produit\/sac-a-dos-en-toile-de-coton-a-cordon-sac-a-dos-sac-de-sport-sac-a-dos-sport-sacs-a-dos-sacs-a-sac-en-cordon-sacs-pack-2-blanc-%e5%a4%8d%e5%88%b6-2\/","title":{"rendered":"Sacs en toile en coton sacs en toile vierges Sacs de courses r\u00e9utilisables, adapt\u00e9s au bricolage, aux courses, promotions, cadeaux, shoppings, dessins, publicit\u00e9, activit\u00e9s"},"content":{"rendered":"\t\t<div data-elementor-type=\"product-post\" data-elementor-id=\"24958\" class=\"elementor elementor-24958 elementor-24956\" data-elementor-post-type=\"product\">\n\t\t\t\t<div class=\"elementor-element elementor-element-31f5d34 e-flex e-con-boxed e-con e-parent\" data-id=\"31f5d34\" data-element_type=\"container\" data-e-type=\"container\">\n\t\t\t\t\t<div class=\"e-con-inner\">\n\t\t\t\t\t<\/div>\n\t\t\t\t<\/div>\n\t\t\t\t<\/div>\n\t\t","protected":false},"excerpt":{"rendered":"<p>Nom du produit : Sac en toile Taille du produit : personnalisable<\/p>\n<p>Sac Tissu : Toile<\/p>\n<p>Poign\u00e9e : Toile<\/p>\n<p>Utilisation : Voyages, shopping, usage quotidien<\/p>\n","protected":false},"featured_media":6077,"comment_status":"open","ping_status":"closed","template":"","meta":{"_acf_changed":false},"product_brand":[],"product_cat":[67,70,97],"product_tag":[916,1009,919,920,921,918,915,917],"class_list":{"0":"post-24958","1":"product","2":"type-product","3":"status-publish","4":"has-post-thumbnail","6":"product_cat-non-categorise","7":"product_cat-drawstring-bag","8":"product_cat-sacs-en-toile-personnalises","9":"product_tag-sac-fourre-tout-en-toile-de-jute","10":"product_tag-sac-fourre-tout-en-toile-de-jute-2","11":"product_tag-sac-fourre-tout-en-toile-de-jute-avec-poignees-en-cuir","12":"product_tag-sacs-cadeaux-en-toile-de-jute","13":"product_tag-sacs-fourre-tout-en-toile-de-jute-a-vendre","14":"product_tag-sacs-fourre-tout-en-toile-de-jute-en-gros","15":"product_tag-sacs-fourre-tout-en-toile-de-jute-en-vrac","16":"product_tag-sacs-fourre-tout-en-toile-de-jute-ustom","18":"first","19":"onbackorder","20":"shipping-taxable","21":"purchasable","22":"product-type-simple"},"acf":[],"_links":{"self":[{"href":"https:\/\/www.cnxiangfu.com\/fr\/wp-json\/wp\/v2\/product\/24958","targetHints":{"allow":["GET"]}}],"collection":[{"href":"https:\/\/www.cnxiangfu.com\/fr\/wp-json\/wp\/v2\/product"}],"about":[{"href":"https:\/\/www.cnxiangfu.com\/fr\/wp-json\/wp\/v2\/types\/product"}],"replies":[{"embeddable":true,"href":"https:\/\/www.cnxiangfu.com\/fr\/wp-json\/wp\/v2\/comments?post=24958"}],"version-history":[{"count":2,"href":"https:\/\/www.cnxiangfu.com\/fr\/wp-json\/wp\/v2\/product\/24958\/revisions"}],"predecessor-version":[{"id":25607,"href":"https:\/\/www.cnxiangfu.com\/fr\/wp-json\/wp\/v2\/product\/24958\/revisions\/25607"}],"wp:featuredmedia":[{"embeddable":true,"href":"https:\/\/www.cnxiangfu.com\/fr\/wp-json\/wp\/v2\/media\/6077"}],"wp:attachment":[{"href":"https:\/\/www.cnxiangfu.com\/fr\/wp-json\/wp\/v2\/media?parent=24958"}],"wp:term":[{"taxonomy":"product_brand","embeddable":true,"href":"https:\/\/www.cnxiangfu.com\/fr\/wp-json\/wp\/v2\/product_brand?post=24958"},{"taxonomy":"product_cat","embeddable":true,"href":"https:\/\/www.cnxiangfu.com\/fr\/wp-json\/wp\/v2\/product_cat?post=24958"},{"taxonomy":"product_tag","embeddable":true,"href":"https:\/\/www.cnxiangfu.com\/fr\/wp-json\/wp\/v2\/product_tag?post=24958"}],"curies":[{"name":"wp","href":"https:\/\/api.w.org\/{rel}","templated":true}]}}