{"id":24991,"date":"2025-12-28T10:07:41","date_gmt":"2025-12-28T02:07:41","guid":{"rendered":"https:\/\/www.cnxiangfu.com\/?post_type=product&#038;p=24991"},"modified":"2026-03-04T13:58:34","modified_gmt":"2026-03-04T05:58:34","slug":"sac-tote-en-toile-de-jute-mini-sac-reutilisable-en-jute-avec-poignees-petit-cadeau-en-toile-vierge-impermeable-pour-le-mariage-a-la-plage-diy-%e5%a4%8d%e5%88%b6-%e5%a4%8d%e5%88%b6-%e5%a4%8d","status":"publish","type":"product","link":"https:\/\/www.cnxiangfu.com\/fr\/produit\/sac-tote-en-toile-de-jute-mini-sac-reutilisable-en-jute-avec-poignees-petit-cadeau-en-toile-vierge-impermeable-pour-le-mariage-a-la-plage-diy-%e5%a4%8d%e5%88%b6-%e5%a4%8d%e5%88%b6-%e5%a4%8d\/","title":{"rendered":"Sacs cadeaux en toile de jute avec fen\u00eatre, sacs en jute pour mariage, f\u00eates, anniversaires, No\u00ebl, rangement des f\u00eates et d\u00e9gustation de vin"},"content":{"rendered":"\t\t<div data-elementor-type=\"product-post\" data-elementor-id=\"24991\" class=\"elementor elementor-24991 elementor-24989\" data-elementor-post-type=\"product\">\n\t\t\t\t<div class=\"elementor-element elementor-element-31f5d34 e-flex e-con-boxed e-con e-parent\" data-id=\"31f5d34\" data-element_type=\"container\" data-e-type=\"container\">\n\t\t\t\t\t<div class=\"e-con-inner\">\n\t\t\t\t\t<\/div>\n\t\t\t\t<\/div>\n\t\t\t\t<\/div>\n\t\t","protected":false},"excerpt":{"rendered":"<p>Nom du produit : Sac<\/p>\n<p>en jute Taille du produit : personnalisable<\/p>\n<p>Tissu du sac : jute<\/p>\n<p>Poign\u00e9e : coton<\/p>\n<p>Utilisation : Voyages, shopping, usage quotidien<\/p>\n","protected":false},"featured_media":6077,"comment_status":"open","ping_status":"closed","template":"","meta":{"_acf_changed":false},"product_brand":[],"product_cat":[475,106],"product_tag":[3441,3442,3440,3439,3438,3437],"class_list":{"0":"post-24991","1":"product","2":"type-product","3":"status-publish","4":"has-post-thumbnail","6":"product_cat-sac-en-jute","7":"product_cat-sac-en-jute-personnalise","8":"product_tag-sac-cadeau-de-vin-en-toile-de-jute","9":"product_tag-sac-cadeau-de-vin-en-vrac","10":"product_tag-sac-cadeau-en-toile-de-jute-bouteilles-de-vin","11":"product_tag-sacs-cadeaux-en-bouteille-de-vin-en-toile-de-jute","12":"product_tag-sacs-cadeaux-en-toile-de-jute-2","13":"product_tag-sacs-cadeaux-en-toile-de-jute-avec-fenetre","15":"first","16":"onbackorder","17":"shipping-taxable","18":"purchasable","19":"product-type-simple"},"acf":[],"_links":{"self":[{"href":"https:\/\/www.cnxiangfu.com\/fr\/wp-json\/wp\/v2\/product\/24991","targetHints":{"allow":["GET"]}}],"collection":[{"href":"https:\/\/www.cnxiangfu.com\/fr\/wp-json\/wp\/v2\/product"}],"about":[{"href":"https:\/\/www.cnxiangfu.com\/fr\/wp-json\/wp\/v2\/types\/product"}],"replies":[{"embeddable":true,"href":"https:\/\/www.cnxiangfu.com\/fr\/wp-json\/wp\/v2\/comments?post=24991"}],"version-history":[{"count":2,"href":"https:\/\/www.cnxiangfu.com\/fr\/wp-json\/wp\/v2\/product\/24991\/revisions"}],"predecessor-version":[{"id":25735,"href":"https:\/\/www.cnxiangfu.com\/fr\/wp-json\/wp\/v2\/product\/24991\/revisions\/25735"}],"wp:featuredmedia":[{"embeddable":true,"href":"https:\/\/www.cnxiangfu.com\/fr\/wp-json\/wp\/v2\/media\/6077"}],"wp:attachment":[{"href":"https:\/\/www.cnxiangfu.com\/fr\/wp-json\/wp\/v2\/media?parent=24991"}],"wp:term":[{"taxonomy":"product_brand","embeddable":true,"href":"https:\/\/www.cnxiangfu.com\/fr\/wp-json\/wp\/v2\/product_brand?post=24991"},{"taxonomy":"product_cat","embeddable":true,"href":"https:\/\/www.cnxiangfu.com\/fr\/wp-json\/wp\/v2\/product_cat?post=24991"},{"taxonomy":"product_tag","embeddable":true,"href":"https:\/\/www.cnxiangfu.com\/fr\/wp-json\/wp\/v2\/product_tag?post=24991"}],"curies":[{"name":"wp","href":"https:\/\/api.w.org\/{rel}","templated":true}]}}