{"id":25071,"date":"2025-12-28T11:30:46","date_gmt":"2025-12-28T03:30:46","guid":{"rendered":"https:\/\/www.cnxiangfu.com\/?post_type=product&#038;p=25071"},"modified":"2026-02-24T12:50:32","modified_gmt":"2026-02-24T04:50:32","slug":"sac-a-dos-en-toile-de-coton-a-cordon-sac-a-dos-sac-de-sport-sac-a-dos-sport-sacs-a-dos-sacs-a-sac-en-cordon-sacs-pack-2-blanc-%e5%a4%8d%e5%88%b6-%e5%a4%8d%e5%88%b6-%e5%a4%8d%e5%88%b6-%e5%a4%8d","status":"publish","type":"product","link":"https:\/\/www.cnxiangfu.com\/fr\/produit\/sac-a-dos-en-toile-de-coton-a-cordon-sac-a-dos-sac-de-sport-sac-a-dos-sport-sacs-a-dos-sacs-a-sac-en-cordon-sacs-pack-2-blanc-%e5%a4%8d%e5%88%b6-%e5%a4%8d%e5%88%b6-%e5%a4%8d%e5%88%b6-%e5%a4%8d\/","title":{"rendered":"Sac fourre-tout en toile noire &#8211; 4 pi\u00e8ces en toile de coton r\u00e9utilisable pour faire les courses d\u2019\u00e9picerie avec poign\u00e9es pour bricolage, cadeau et activit\u00e9 publicitaire"},"content":{"rendered":"\t\t<div data-elementor-type=\"product-post\" data-elementor-id=\"25071\" class=\"elementor elementor-25071 elementor-25069\" data-elementor-post-type=\"product\">\n\t\t\t\t<div class=\"elementor-element elementor-element-31f5d34 e-flex e-con-boxed e-con e-parent\" data-id=\"31f5d34\" data-element_type=\"container\" data-e-type=\"container\">\n\t\t\t\t\t<div class=\"e-con-inner\">\n\t\t\t\t\t<\/div>\n\t\t\t\t<\/div>\n\t\t\t\t<\/div>\n\t\t","protected":false},"excerpt":{"rendered":"<p>Nom du produit : Sac en toile Taille du produit : personnalisable<\/p>\n<p>Sac Tissu : Toile<\/p>\n<p>Poign\u00e9e : Toile<\/p>\n<p>Utilisation : Voyages, shopping, usage quotidien<\/p>\n","protected":false},"featured_media":6077,"comment_status":"open","ping_status":"closed","template":"","meta":{"_acf_changed":false},"product_brand":[],"product_cat":[67,70,97],"product_tag":[3274,3272,3276,3277,3275,3273],"class_list":{"0":"post-25071","1":"product","2":"type-product","3":"status-publish","4":"has-post-thumbnail","6":"product_cat-non-categorise","7":"product_cat-drawstring-bag","8":"product_cat-sacs-en-toile-personnalises","9":"product_tag-gros-sac-fourre-tout-noir-en-toile","10":"product_tag-sac-fourre-tout-en-toile-noir","11":"product_tag-sac-fourre-tout-en-toile-noire-en-gros","12":"product_tag-sac-tote-en-toile-noire-personnalise","13":"product_tag-sacs-fourre-tout-en-toile-noire-pour-femmes","14":"product_tag-tote-bag-noir","16":"first","17":"onbackorder","18":"shipping-taxable","19":"purchasable","20":"product-type-simple"},"acf":[],"_links":{"self":[{"href":"https:\/\/www.cnxiangfu.com\/fr\/wp-json\/wp\/v2\/product\/25071","targetHints":{"allow":["GET"]}}],"collection":[{"href":"https:\/\/www.cnxiangfu.com\/fr\/wp-json\/wp\/v2\/product"}],"about":[{"href":"https:\/\/www.cnxiangfu.com\/fr\/wp-json\/wp\/v2\/types\/product"}],"replies":[{"embeddable":true,"href":"https:\/\/www.cnxiangfu.com\/fr\/wp-json\/wp\/v2\/comments?post=25071"}],"version-history":[{"count":2,"href":"https:\/\/www.cnxiangfu.com\/fr\/wp-json\/wp\/v2\/product\/25071\/revisions"}],"predecessor-version":[{"id":25875,"href":"https:\/\/www.cnxiangfu.com\/fr\/wp-json\/wp\/v2\/product\/25071\/revisions\/25875"}],"wp:featuredmedia":[{"embeddable":true,"href":"https:\/\/www.cnxiangfu.com\/fr\/wp-json\/wp\/v2\/media\/6077"}],"wp:attachment":[{"href":"https:\/\/www.cnxiangfu.com\/fr\/wp-json\/wp\/v2\/media?parent=25071"}],"wp:term":[{"taxonomy":"product_brand","embeddable":true,"href":"https:\/\/www.cnxiangfu.com\/fr\/wp-json\/wp\/v2\/product_brand?post=25071"},{"taxonomy":"product_cat","embeddable":true,"href":"https:\/\/www.cnxiangfu.com\/fr\/wp-json\/wp\/v2\/product_cat?post=25071"},{"taxonomy":"product_tag","embeddable":true,"href":"https:\/\/www.cnxiangfu.com\/fr\/wp-json\/wp\/v2\/product_tag?post=25071"}],"curies":[{"name":"wp","href":"https:\/\/api.w.org\/{rel}","templated":true}]}}