{"id":25118,"date":"2025-12-28T15:07:58","date_gmt":"2025-12-28T07:07:58","guid":{"rendered":"https:\/\/www.cnxiangfu.com\/?post_type=product&#038;p=25118"},"modified":"2026-02-24T12:30:30","modified_gmt":"2026-02-24T04:30:30","slug":"sac-a-dos-en-toile-de-coton-a-cordon-sac-a-dos-sac-de-sport-sac-a-dos-sport-sacs-a-dos-sacs-a-sac-en-cordon-sacs-pack-2-blanc-%e5%a4%8d%e5%88%b6-3","status":"publish","type":"product","link":"https:\/\/www.cnxiangfu.com\/fr\/produit\/sac-a-dos-en-toile-de-coton-a-cordon-sac-a-dos-sac-de-sport-sac-a-dos-sport-sacs-a-dos-sacs-a-sac-en-cordon-sacs-pack-2-blanc-%e5%a4%8d%e5%88%b6-3\/","title":{"rendered":"Sacs \u00e0 cordon en coton Sachet en mousseline r\u00e9utilisable pour les fournitures de rangement de la maison pour les f\u00eates de mariage"},"content":{"rendered":"\t\t<div data-elementor-type=\"product-post\" data-elementor-id=\"25118\" class=\"elementor elementor-25118 elementor-25116\" data-elementor-post-type=\"product\">\n\t\t\t\t<div class=\"elementor-element elementor-element-31f5d34 e-flex e-con-boxed e-con e-parent\" data-id=\"31f5d34\" data-element_type=\"container\" data-e-type=\"container\">\n\t\t\t\t\t<div class=\"e-con-inner\">\n\t\t\t\t\t<\/div>\n\t\t\t\t<\/div>\n\t\t\t\t<\/div>\n\t\t","protected":false},"excerpt":{"rendered":"<p>Nom du produit : Sac \u00e0 corde en jute Taille du produit : personnalisable<\/p>\n<p>Sac Tissu : Jute<\/p>\n<p>Poign\u00e9e : Coton<\/p>\n<p>Utilisation : Voyages, Shopping, Usage quotidien<\/p>\n","protected":false},"featured_media":6077,"comment_status":"open","ping_status":"closed","template":"","meta":{"_acf_changed":false},"product_brand":[],"product_cat":[67,70,97],"product_tag":[3192,3193,3195,3196,3194,3197],"class_list":{"0":"post-25118","1":"product","2":"type-product","3":"status-publish","4":"has-post-thumbnail","6":"product_cat-non-categorise","7":"product_cat-drawstring-bag","8":"product_cat-sacs-en-toile-personnalises","9":"product_tag-sac-a-cordon-en-coton-reutilisable","10":"product_tag-sac-de-courses-reutilisable-en-coton","11":"product_tag-sacs-a-cordon-en-coton-en-gros","12":"product_tag-sacs-a-cordon-en-coton-personnalises","13":"product_tag-sacs-en-coton-a-cordon","14":"product_tag-sacs-en-coton-en-vrac","16":"first","17":"onbackorder","18":"shipping-taxable","19":"purchasable","20":"product-type-simple"},"acf":[],"_links":{"self":[{"href":"https:\/\/www.cnxiangfu.com\/fr\/wp-json\/wp\/v2\/product\/25118","targetHints":{"allow":["GET"]}}],"collection":[{"href":"https:\/\/www.cnxiangfu.com\/fr\/wp-json\/wp\/v2\/product"}],"about":[{"href":"https:\/\/www.cnxiangfu.com\/fr\/wp-json\/wp\/v2\/types\/product"}],"replies":[{"embeddable":true,"href":"https:\/\/www.cnxiangfu.com\/fr\/wp-json\/wp\/v2\/comments?post=25118"}],"version-history":[{"count":2,"href":"https:\/\/www.cnxiangfu.com\/fr\/wp-json\/wp\/v2\/product\/25118\/revisions"}],"predecessor-version":[{"id":26105,"href":"https:\/\/www.cnxiangfu.com\/fr\/wp-json\/wp\/v2\/product\/25118\/revisions\/26105"}],"wp:featuredmedia":[{"embeddable":true,"href":"https:\/\/www.cnxiangfu.com\/fr\/wp-json\/wp\/v2\/media\/6077"}],"wp:attachment":[{"href":"https:\/\/www.cnxiangfu.com\/fr\/wp-json\/wp\/v2\/media?parent=25118"}],"wp:term":[{"taxonomy":"product_brand","embeddable":true,"href":"https:\/\/www.cnxiangfu.com\/fr\/wp-json\/wp\/v2\/product_brand?post=25118"},{"taxonomy":"product_cat","embeddable":true,"href":"https:\/\/www.cnxiangfu.com\/fr\/wp-json\/wp\/v2\/product_cat?post=25118"},{"taxonomy":"product_tag","embeddable":true,"href":"https:\/\/www.cnxiangfu.com\/fr\/wp-json\/wp\/v2\/product_tag?post=25118"}],"curies":[{"name":"wp","href":"https:\/\/api.w.org\/{rel}","templated":true}]}}