{"id":2518,"date":"2025-11-06T14:08:31","date_gmt":"2025-11-06T06:08:31","guid":{"rendered":"https:\/\/www.cnxiangfu.com\/?post_type=product&#038;p=2518"},"modified":"2025-11-06T14:55:54","modified_gmt":"2025-11-06T06:55:54","slug":"sac-en-toile-%e5%a4%8d%e5%88%b6-2","status":"publish","type":"product","link":"https:\/\/www.cnxiangfu.com\/fr\/produit\/sac-en-toile-%e5%a4%8d%e5%88%b6-2\/","title":{"rendered":"Sac en toile"},"content":{"rendered":"\t\t<div data-elementor-type=\"product-post\" data-elementor-id=\"2518\" class=\"elementor elementor-2518 elementor-2516\" data-elementor-post-type=\"product\">\n\t\t\t\t<div class=\"elementor-element elementor-element-31f5d34 e-flex e-con-boxed e-con e-parent\" data-id=\"31f5d34\" data-element_type=\"container\" data-e-type=\"container\">\n\t\t\t\t\t<div class=\"e-con-inner\">\n\t\t\t\t<div class=\"elementor-element elementor-element-8de0144 elementor-widget elementor-widget-image\" data-id=\"8de0144\" data-element_type=\"widget\" data-e-type=\"widget\" data-widget_type=\"image.default\">\n\t\t\t\t\t\t\t\t\t\t\t\t\t\t\t<img fetchpriority=\"high\" decoding=\"async\" width=\"1407\" height=\"1500\" src=\"https:\/\/www.cnxiangfu.com\/wp-content\/uploads\/2025\/11\/3_71JTG7n6LML._AC_SL1500_.jpg\" class=\"attachment-full size-full wp-image-2568\" alt=\"\" srcset=\"https:\/\/www.cnxiangfu.com\/wp-content\/uploads\/2025\/11\/3_71JTG7n6LML._AC_SL1500_.jpg 1407w, https:\/\/www.cnxiangfu.com\/wp-content\/uploads\/2025\/11\/3_71JTG7n6LML._AC_SL1500_-281x300.jpg 281w, https:\/\/www.cnxiangfu.com\/wp-content\/uploads\/2025\/11\/3_71JTG7n6LML._AC_SL1500_-961x1024.jpg 961w, https:\/\/www.cnxiangfu.com\/wp-content\/uploads\/2025\/11\/3_71JTG7n6LML._AC_SL1500_-768x819.jpg 768w, https:\/\/www.cnxiangfu.com\/wp-content\/uploads\/2025\/11\/3_71JTG7n6LML._AC_SL1500_-600x640.jpg 600w\" sizes=\"(max-width: 1407px) 100vw, 1407px\" title=\"\">\t\t\t\t\t\t\t\t\t\t\t\t\t\t\t<\/div>\n\t\t\t\t<div class=\"elementor-element elementor-element-c0ce038 elementor-widget elementor-widget-image\" data-id=\"c0ce038\" data-element_type=\"widget\" data-e-type=\"widget\" data-widget_type=\"image.default\">\n\t\t\t\t\t\t\t\t\t\t\t\t\t\t\t<img decoding=\"async\" width=\"1303\" height=\"1211\" src=\"https:\/\/www.cnxiangfu.com\/wp-content\/uploads\/2025\/11\/5_61R07pyBUL._AC_SL1500_.jpg\" class=\"attachment-full size-full wp-image-2570\" alt=\"\" srcset=\"https:\/\/www.cnxiangfu.com\/wp-content\/uploads\/2025\/11\/5_61R07pyBUL._AC_SL1500_.jpg 1303w, https:\/\/www.cnxiangfu.com\/wp-content\/uploads\/2025\/11\/5_61R07pyBUL._AC_SL1500_-300x279.jpg 300w, https:\/\/www.cnxiangfu.com\/wp-content\/uploads\/2025\/11\/5_61R07pyBUL._AC_SL1500_-1024x952.jpg 1024w, https:\/\/www.cnxiangfu.com\/wp-content\/uploads\/2025\/11\/5_61R07pyBUL._AC_SL1500_-768x714.jpg 768w, https:\/\/www.cnxiangfu.com\/wp-content\/uploads\/2025\/11\/5_61R07pyBUL._AC_SL1500_-600x558.jpg 600w\" sizes=\"(max-width: 1303px) 100vw, 1303px\" title=\"\">\t\t\t\t\t\t\t\t\t\t\t\t\t\t\t<\/div>\n\t\t\t\t<div class=\"elementor-element elementor-element-94d938f elementor-widget elementor-widget-image\" data-id=\"94d938f\" data-element_type=\"widget\" data-e-type=\"widget\" data-widget_type=\"image.default\">\n\t\t\t\t\t\t\t\t\t\t\t\t\t\t\t<img decoding=\"async\" width=\"1457\" height=\"1500\" src=\"https:\/\/www.cnxiangfu.com\/wp-content\/uploads\/2025\/11\/2_61GAhDevJiL._AC_SL1500_.jpg\" class=\"attachment-full size-full wp-image-2567\" alt=\"\" srcset=\"https:\/\/www.cnxiangfu.com\/wp-content\/uploads\/2025\/11\/2_61GAhDevJiL._AC_SL1500_.jpg 1457w, https:\/\/www.cnxiangfu.com\/wp-content\/uploads\/2025\/11\/2_61GAhDevJiL._AC_SL1500_-291x300.jpg 291w, https:\/\/www.cnxiangfu.com\/wp-content\/uploads\/2025\/11\/2_61GAhDevJiL._AC_SL1500_-995x1024.jpg 995w, https:\/\/www.cnxiangfu.com\/wp-content\/uploads\/2025\/11\/2_61GAhDevJiL._AC_SL1500_-768x791.jpg 768w, https:\/\/www.cnxiangfu.com\/wp-content\/uploads\/2025\/11\/2_61GAhDevJiL._AC_SL1500_-600x618.jpg 600w\" sizes=\"(max-width: 1457px) 100vw, 1457px\" title=\"\">\t\t\t\t\t\t\t\t\t\t\t\t\t\t\t<\/div>\n\t\t\t\t<div class=\"elementor-element elementor-element-ca76c3a elementor-widget elementor-widget-image\" data-id=\"ca76c3a\" data-element_type=\"widget\" data-e-type=\"widget\" data-widget_type=\"image.default\">\n\t\t\t\t\t\t\t\t\t\t\t\t\t\t\t<img loading=\"lazy\" decoding=\"async\" width=\"1457\" height=\"1500\" src=\"https:\/\/www.cnxiangfu.com\/wp-content\/uploads\/2025\/11\/17_71GgJzH9xzL._AC_SL1500_.jpg\" class=\"attachment-full size-full wp-image-2575\" alt=\"\" srcset=\"https:\/\/www.cnxiangfu.com\/wp-content\/uploads\/2025\/11\/17_71GgJzH9xzL._AC_SL1500_.jpg 1457w, https:\/\/www.cnxiangfu.com\/wp-content\/uploads\/2025\/11\/17_71GgJzH9xzL._AC_SL1500_-291x300.jpg 291w, https:\/\/www.cnxiangfu.com\/wp-content\/uploads\/2025\/11\/17_71GgJzH9xzL._AC_SL1500_-995x1024.jpg 995w, https:\/\/www.cnxiangfu.com\/wp-content\/uploads\/2025\/11\/17_71GgJzH9xzL._AC_SL1500_-768x791.jpg 768w, https:\/\/www.cnxiangfu.com\/wp-content\/uploads\/2025\/11\/17_71GgJzH9xzL._AC_SL1500_-600x618.jpg 600w\" sizes=\"(max-width: 1457px) 100vw, 1457px\" title=\"\">\t\t\t\t\t\t\t\t\t\t\t\t\t\t\t<\/div>\n\t\t\t\t<div class=\"elementor-element elementor-element-c55fcd3 elementor-widget elementor-widget-image\" data-id=\"c55fcd3\" data-element_type=\"widget\" data-e-type=\"widget\" data-widget_type=\"image.default\">\n\t\t\t\t\t\t\t\t\t\t\t\t\t\t\t<img loading=\"lazy\" decoding=\"async\" width=\"1500\" height=\"1430\" src=\"https:\/\/www.cnxiangfu.com\/wp-content\/uploads\/2025\/11\/19_61MdSHY9VhL._AC_SL1500_.jpg\" class=\"attachment-full size-full wp-image-2577\" alt=\"\" srcset=\"https:\/\/www.cnxiangfu.com\/wp-content\/uploads\/2025\/11\/19_61MdSHY9VhL._AC_SL1500_.jpg 1500w, https:\/\/www.cnxiangfu.com\/wp-content\/uploads\/2025\/11\/19_61MdSHY9VhL._AC_SL1500_-300x286.jpg 300w, https:\/\/www.cnxiangfu.com\/wp-content\/uploads\/2025\/11\/19_61MdSHY9VhL._AC_SL1500_-1024x976.jpg 1024w, https:\/\/www.cnxiangfu.com\/wp-content\/uploads\/2025\/11\/19_61MdSHY9VhL._AC_SL1500_-768x732.jpg 768w, https:\/\/www.cnxiangfu.com\/wp-content\/uploads\/2025\/11\/19_61MdSHY9VhL._AC_SL1500_-600x572.jpg 600w\" sizes=\"(max-width: 1500px) 100vw, 1500px\" title=\"\">\t\t\t\t\t\t\t\t\t\t\t\t\t\t\t<\/div>\n\t\t\t\t<div class=\"elementor-element elementor-element-bdf7d3c elementor-widget elementor-widget-image\" data-id=\"bdf7d3c\" data-element_type=\"widget\" data-e-type=\"widget\" data-widget_type=\"image.default\">\n\t\t\t\t\t\t\t\t\t\t\t\t\t\t\t<img loading=\"lazy\" decoding=\"async\" width=\"1402\" height=\"1400\" src=\"https:\/\/www.cnxiangfu.com\/wp-content\/uploads\/2025\/11\/14_71XpzLat-NL._AC_SL1500_.jpg\" class=\"attachment-full size-full wp-image-2574\" alt=\"\" srcset=\"https:\/\/www.cnxiangfu.com\/wp-content\/uploads\/2025\/11\/14_71XpzLat-NL._AC_SL1500_.jpg 1402w, https:\/\/www.cnxiangfu.com\/wp-content\/uploads\/2025\/11\/14_71XpzLat-NL._AC_SL1500_-300x300.jpg 300w, https:\/\/www.cnxiangfu.com\/wp-content\/uploads\/2025\/11\/14_71XpzLat-NL._AC_SL1500_-1024x1024.jpg 1024w, https:\/\/www.cnxiangfu.com\/wp-content\/uploads\/2025\/11\/14_71XpzLat-NL._AC_SL1500_-150x150.jpg 150w, https:\/\/www.cnxiangfu.com\/wp-content\/uploads\/2025\/11\/14_71XpzLat-NL._AC_SL1500_-768x767.jpg 768w, https:\/\/www.cnxiangfu.com\/wp-content\/uploads\/2025\/11\/14_71XpzLat-NL._AC_SL1500_-650x650.jpg 650w, https:\/\/www.cnxiangfu.com\/wp-content\/uploads\/2025\/11\/14_71XpzLat-NL._AC_SL1500_-600x599.jpg 600w, https:\/\/www.cnxiangfu.com\/wp-content\/uploads\/2025\/11\/14_71XpzLat-NL._AC_SL1500_-100x100.jpg 100w\" sizes=\"(max-width: 1402px) 100vw, 1402px\" title=\"\">\t\t\t\t\t\t\t\t\t\t\t\t\t\t\t<\/div>\n\t\t\t\t<div class=\"elementor-element elementor-element-b5a4ffd elementor-widget elementor-widget-image\" data-id=\"b5a4ffd\" data-element_type=\"widget\" data-e-type=\"widget\" data-widget_type=\"image.default\">\n\t\t\t\t\t\t\t\t\t\t\t\t\t\t\t<img loading=\"lazy\" decoding=\"async\" width=\"1407\" height=\"1500\" src=\"https:\/\/www.cnxiangfu.com\/wp-content\/uploads\/2025\/11\/11_71ggpyxaE7L._AC_SL1500_.jpg\" class=\"attachment-full size-full wp-image-2572\" alt=\"\" srcset=\"https:\/\/www.cnxiangfu.com\/wp-content\/uploads\/2025\/11\/11_71ggpyxaE7L._AC_SL1500_.jpg 1407w, https:\/\/www.cnxiangfu.com\/wp-content\/uploads\/2025\/11\/11_71ggpyxaE7L._AC_SL1500_-281x300.jpg 281w, https:\/\/www.cnxiangfu.com\/wp-content\/uploads\/2025\/11\/11_71ggpyxaE7L._AC_SL1500_-961x1024.jpg 961w, https:\/\/www.cnxiangfu.com\/wp-content\/uploads\/2025\/11\/11_71ggpyxaE7L._AC_SL1500_-768x819.jpg 768w, https:\/\/www.cnxiangfu.com\/wp-content\/uploads\/2025\/11\/11_71ggpyxaE7L._AC_SL1500_-600x640.jpg 600w\" sizes=\"(max-width: 1407px) 100vw, 1407px\" title=\"\">\t\t\t\t\t\t\t\t\t\t\t\t\t\t\t<\/div>\n\t\t\t\t\t<\/div>\n\t\t\t\t<\/div>\n\t\t\t\t<\/div>\n\t\t","protected":false},"excerpt":{"rendered":"<p>Nom du produit&nbsp;: Sac<\/p>\n<p>en toile Taille du produit&nbsp;: Largeur 50cm x Hauteur 40cm x Largeur inf\u00e9rieure 15cm (unit\u00e9&nbsp;: centim\u00e8tres)<\/p>\n<p> Tissu du sac&nbsp;: Toile<\/p>\n<p>Poign\u00e9e&nbsp;: Sangle en coton \u00e9pais, avec une forte capacit\u00e9<\/p>\n<p>de charge Utilisation&nbsp;: Voyage, Shopping, Utilisation quotidienne<\/p>\n","protected":false},"featured_media":2550,"comment_status":"open","ping_status":"closed","template":"","meta":{"_acf_changed":false},"product_brand":[],"product_cat":[67],"product_tag":[],"class_list":{"0":"post-2518","1":"product","2":"type-product","3":"status-publish","4":"has-post-thumbnail","6":"product_cat-non-categorise","8":"first","9":"instock","10":"shipping-taxable","11":"product-type-simple"},"acf":[],"_links":{"self":[{"href":"https:\/\/www.cnxiangfu.com\/fr\/wp-json\/wp\/v2\/product\/2518","targetHints":{"allow":["GET"]}}],"collection":[{"href":"https:\/\/www.cnxiangfu.com\/fr\/wp-json\/wp\/v2\/product"}],"about":[{"href":"https:\/\/www.cnxiangfu.com\/fr\/wp-json\/wp\/v2\/types\/product"}],"replies":[{"embeddable":true,"href":"https:\/\/www.cnxiangfu.com\/fr\/wp-json\/wp\/v2\/comments?post=2518"}],"version-history":[{"count":3,"href":"https:\/\/www.cnxiangfu.com\/fr\/wp-json\/wp\/v2\/product\/2518\/revisions"}],"predecessor-version":[{"id":2615,"href":"https:\/\/www.cnxiangfu.com\/fr\/wp-json\/wp\/v2\/product\/2518\/revisions\/2615"}],"wp:featuredmedia":[{"embeddable":true,"href":"https:\/\/www.cnxiangfu.com\/fr\/wp-json\/wp\/v2\/media\/2550"}],"wp:attachment":[{"href":"https:\/\/www.cnxiangfu.com\/fr\/wp-json\/wp\/v2\/media?parent=2518"}],"wp:term":[{"taxonomy":"product_brand","embeddable":true,"href":"https:\/\/www.cnxiangfu.com\/fr\/wp-json\/wp\/v2\/product_brand?post=2518"},{"taxonomy":"product_cat","embeddable":true,"href":"https:\/\/www.cnxiangfu.com\/fr\/wp-json\/wp\/v2\/product_cat?post=2518"},{"taxonomy":"product_tag","embeddable":true,"href":"https:\/\/www.cnxiangfu.com\/fr\/wp-json\/wp\/v2\/product_tag?post=2518"}],"curies":[{"name":"wp","href":"https:\/\/api.w.org\/{rel}","templated":true}]}}