{"id":2523,"date":"2025-11-06T14:42:54","date_gmt":"2025-11-06T06:42:54","guid":{"rendered":"https:\/\/www.cnxiangfu.com\/?post_type=product&#038;p=2523"},"modified":"2025-11-06T15:08:01","modified_gmt":"2025-11-06T07:08:01","slug":"sac-en-maille-%e5%a4%8d%e5%88%b6","status":"publish","type":"product","link":"https:\/\/www.cnxiangfu.com\/fr\/produit\/sac-en-maille-%e5%a4%8d%e5%88%b6\/","title":{"rendered":"Sac de plage Grand fourre-tout pliable imperm\u00e9able pour femmes avec poches en filet zipp\u00e9es pour la natation en piscine tous les jours"},"content":{"rendered":"\t\t<div data-elementor-type=\"product-post\" data-elementor-id=\"2523\" class=\"elementor elementor-2523 elementor-2521\" data-elementor-post-type=\"product\">\n\t\t\t\t<div class=\"elementor-element elementor-element-31f5d34 e-flex e-con-boxed e-con e-parent\" data-id=\"31f5d34\" data-element_type=\"container\" data-e-type=\"container\">\n\t\t\t\t\t<div class=\"e-con-inner\">\n\t\t\t\t<div class=\"elementor-element elementor-element-8de0144 elementor-widget elementor-widget-image\" data-id=\"8de0144\" data-element_type=\"widget\" data-e-type=\"widget\" data-widget_type=\"image.default\">\n\t\t\t\t\t\t\t\t\t\t\t\t\t\t\t<img fetchpriority=\"high\" decoding=\"async\" width=\"800\" height=\"800\" src=\"https:\/\/www.cnxiangfu.com\/wp-content\/uploads\/2025\/10\/\u8be6\u60c5\u9875A1_WH_800x800px-6.jpg\" class=\"attachment-full size-full wp-image-1797\" alt=\"\" srcset=\"https:\/\/www.cnxiangfu.com\/wp-content\/uploads\/2025\/10\/\u8be6\u60c5\u9875A1_WH_800x800px-6.jpg 800w, https:\/\/www.cnxiangfu.com\/wp-content\/uploads\/2025\/10\/\u8be6\u60c5\u9875A1_WH_800x800px-6-300x300.jpg 300w, https:\/\/www.cnxiangfu.com\/wp-content\/uploads\/2025\/10\/\u8be6\u60c5\u9875A1_WH_800x800px-6-150x150.jpg 150w, https:\/\/www.cnxiangfu.com\/wp-content\/uploads\/2025\/10\/\u8be6\u60c5\u9875A1_WH_800x800px-6-768x768.jpg 768w, https:\/\/www.cnxiangfu.com\/wp-content\/uploads\/2025\/10\/\u8be6\u60c5\u9875A1_WH_800x800px-6-650x650.jpg 650w, https:\/\/www.cnxiangfu.com\/wp-content\/uploads\/2025\/10\/\u8be6\u60c5\u9875A1_WH_800x800px-6-600x600.jpg 600w, https:\/\/www.cnxiangfu.com\/wp-content\/uploads\/2025\/10\/\u8be6\u60c5\u9875A1_WH_800x800px-6-100x100.jpg 100w\" sizes=\"(max-width: 800px) 100vw, 800px\" title=\"\">\t\t\t\t\t\t\t\t\t\t\t\t\t\t\t<\/div>\n\t\t\t\t<div class=\"elementor-element elementor-element-c0ce038 elementor-widget elementor-widget-image\" data-id=\"c0ce038\" data-element_type=\"widget\" data-e-type=\"widget\" data-widget_type=\"image.default\">\n\t\t\t\t\t\t\t\t\t\t\t\t\t\t\t<img decoding=\"async\" width=\"800\" height=\"800\" src=\"https:\/\/www.cnxiangfu.com\/wp-content\/uploads\/2025\/10\/\u8be6\u60c5\u9875A2_WH_800x800px-5.jpg\" class=\"attachment-full size-full wp-image-1798\" alt=\"\" srcset=\"https:\/\/www.cnxiangfu.com\/wp-content\/uploads\/2025\/10\/\u8be6\u60c5\u9875A2_WH_800x800px-5.jpg 800w, https:\/\/www.cnxiangfu.com\/wp-content\/uploads\/2025\/10\/\u8be6\u60c5\u9875A2_WH_800x800px-5-300x300.jpg 300w, https:\/\/www.cnxiangfu.com\/wp-content\/uploads\/2025\/10\/\u8be6\u60c5\u9875A2_WH_800x800px-5-150x150.jpg 150w, https:\/\/www.cnxiangfu.com\/wp-content\/uploads\/2025\/10\/\u8be6\u60c5\u9875A2_WH_800x800px-5-768x768.jpg 768w, https:\/\/www.cnxiangfu.com\/wp-content\/uploads\/2025\/10\/\u8be6\u60c5\u9875A2_WH_800x800px-5-650x650.jpg 650w, https:\/\/www.cnxiangfu.com\/wp-content\/uploads\/2025\/10\/\u8be6\u60c5\u9875A2_WH_800x800px-5-600x600.jpg 600w, https:\/\/www.cnxiangfu.com\/wp-content\/uploads\/2025\/10\/\u8be6\u60c5\u9875A2_WH_800x800px-5-100x100.jpg 100w\" sizes=\"(max-width: 800px) 100vw, 800px\" title=\"\">\t\t\t\t\t\t\t\t\t\t\t\t\t\t\t<\/div>\n\t\t\t\t<div class=\"elementor-element elementor-element-ea0474f elementor-widget elementor-widget-image\" data-id=\"ea0474f\" data-element_type=\"widget\" data-e-type=\"widget\" data-widget_type=\"image.default\">\n\t\t\t\t\t\t\t\t\t\t\t\t\t\t\t<img decoding=\"async\" width=\"800\" height=\"800\" src=\"https:\/\/www.cnxiangfu.com\/wp-content\/uploads\/2025\/10\/\u8be6\u60c5\u9875A3_WH_800x800px-3.jpg\" class=\"attachment-full size-full wp-image-1799\" alt=\"\" srcset=\"https:\/\/www.cnxiangfu.com\/wp-content\/uploads\/2025\/10\/\u8be6\u60c5\u9875A3_WH_800x800px-3.jpg 800w, https:\/\/www.cnxiangfu.com\/wp-content\/uploads\/2025\/10\/\u8be6\u60c5\u9875A3_WH_800x800px-3-300x300.jpg 300w, https:\/\/www.cnxiangfu.com\/wp-content\/uploads\/2025\/10\/\u8be6\u60c5\u9875A3_WH_800x800px-3-150x150.jpg 150w, https:\/\/www.cnxiangfu.com\/wp-content\/uploads\/2025\/10\/\u8be6\u60c5\u9875A3_WH_800x800px-3-768x768.jpg 768w, https:\/\/www.cnxiangfu.com\/wp-content\/uploads\/2025\/10\/\u8be6\u60c5\u9875A3_WH_800x800px-3-650x650.jpg 650w, https:\/\/www.cnxiangfu.com\/wp-content\/uploads\/2025\/10\/\u8be6\u60c5\u9875A3_WH_800x800px-3-600x600.jpg 600w, https:\/\/www.cnxiangfu.com\/wp-content\/uploads\/2025\/10\/\u8be6\u60c5\u9875A3_WH_800x800px-3-100x100.jpg 100w\" sizes=\"(max-width: 800px) 100vw, 800px\" title=\"\">\t\t\t\t\t\t\t\t\t\t\t\t\t\t\t<\/div>\n\t\t\t\t<div class=\"elementor-element elementor-element-2a7272c elementor-widget elementor-widget-image\" data-id=\"2a7272c\" data-element_type=\"widget\" data-e-type=\"widget\" data-widget_type=\"image.default\">\n\t\t\t\t\t\t\t\t\t\t\t\t\t\t\t<img loading=\"lazy\" decoding=\"async\" width=\"800\" height=\"800\" src=\"https:\/\/www.cnxiangfu.com\/wp-content\/uploads\/2025\/10\/\u8be6\u60c5\u9875A4_WH_800x800px-2.jpg\" class=\"attachment-full size-full wp-image-1800\" alt=\"\" srcset=\"https:\/\/www.cnxiangfu.com\/wp-content\/uploads\/2025\/10\/\u8be6\u60c5\u9875A4_WH_800x800px-2.jpg 800w, https:\/\/www.cnxiangfu.com\/wp-content\/uploads\/2025\/10\/\u8be6\u60c5\u9875A4_WH_800x800px-2-300x300.jpg 300w, https:\/\/www.cnxiangfu.com\/wp-content\/uploads\/2025\/10\/\u8be6\u60c5\u9875A4_WH_800x800px-2-150x150.jpg 150w, https:\/\/www.cnxiangfu.com\/wp-content\/uploads\/2025\/10\/\u8be6\u60c5\u9875A4_WH_800x800px-2-768x768.jpg 768w, https:\/\/www.cnxiangfu.com\/wp-content\/uploads\/2025\/10\/\u8be6\u60c5\u9875A4_WH_800x800px-2-650x650.jpg 650w, https:\/\/www.cnxiangfu.com\/wp-content\/uploads\/2025\/10\/\u8be6\u60c5\u9875A4_WH_800x800px-2-600x600.jpg 600w, https:\/\/www.cnxiangfu.com\/wp-content\/uploads\/2025\/10\/\u8be6\u60c5\u9875A4_WH_800x800px-2-100x100.jpg 100w\" sizes=\"(max-width: 800px) 100vw, 800px\" title=\"\">\t\t\t\t\t\t\t\t\t\t\t\t\t\t\t<\/div>\n\t\t\t\t<div class=\"elementor-element elementor-element-c601488 elementor-widget elementor-widget-image\" data-id=\"c601488\" data-element_type=\"widget\" data-e-type=\"widget\" data-widget_type=\"image.default\">\n\t\t\t\t\t\t\t\t\t\t\t\t\t\t\t<img loading=\"lazy\" decoding=\"async\" width=\"800\" height=\"800\" src=\"https:\/\/www.cnxiangfu.com\/wp-content\/uploads\/2025\/10\/\u8be6\u60c5\u9875B1_WH_800x800px-5.jpg\" class=\"attachment-full size-full wp-image-1801\" alt=\"\" srcset=\"https:\/\/www.cnxiangfu.com\/wp-content\/uploads\/2025\/10\/\u8be6\u60c5\u9875B1_WH_800x800px-5.jpg 800w, https:\/\/www.cnxiangfu.com\/wp-content\/uploads\/2025\/10\/\u8be6\u60c5\u9875B1_WH_800x800px-5-300x300.jpg 300w, https:\/\/www.cnxiangfu.com\/wp-content\/uploads\/2025\/10\/\u8be6\u60c5\u9875B1_WH_800x800px-5-150x150.jpg 150w, https:\/\/www.cnxiangfu.com\/wp-content\/uploads\/2025\/10\/\u8be6\u60c5\u9875B1_WH_800x800px-5-768x768.jpg 768w, https:\/\/www.cnxiangfu.com\/wp-content\/uploads\/2025\/10\/\u8be6\u60c5\u9875B1_WH_800x800px-5-650x650.jpg 650w, https:\/\/www.cnxiangfu.com\/wp-content\/uploads\/2025\/10\/\u8be6\u60c5\u9875B1_WH_800x800px-5-600x600.jpg 600w, https:\/\/www.cnxiangfu.com\/wp-content\/uploads\/2025\/10\/\u8be6\u60c5\u9875B1_WH_800x800px-5-100x100.jpg 100w\" sizes=\"(max-width: 800px) 100vw, 800px\" title=\"\">\t\t\t\t\t\t\t\t\t\t\t\t\t\t\t<\/div>\n\t\t\t\t<div class=\"elementor-element elementor-element-321787b elementor-widget elementor-widget-image\" data-id=\"321787b\" data-element_type=\"widget\" data-e-type=\"widget\" data-widget_type=\"image.default\">\n\t\t\t\t\t\t\t\t\t\t\t\t\t\t\t<img loading=\"lazy\" decoding=\"async\" width=\"800\" height=\"800\" src=\"https:\/\/www.cnxiangfu.com\/wp-content\/uploads\/2025\/10\/\u8be6\u60c5\u9875B2_WH_800x800px-3.jpg\" class=\"attachment-full size-full wp-image-1802\" alt=\"\" srcset=\"https:\/\/www.cnxiangfu.com\/wp-content\/uploads\/2025\/10\/\u8be6\u60c5\u9875B2_WH_800x800px-3.jpg 800w, https:\/\/www.cnxiangfu.com\/wp-content\/uploads\/2025\/10\/\u8be6\u60c5\u9875B2_WH_800x800px-3-300x300.jpg 300w, https:\/\/www.cnxiangfu.com\/wp-content\/uploads\/2025\/10\/\u8be6\u60c5\u9875B2_WH_800x800px-3-150x150.jpg 150w, https:\/\/www.cnxiangfu.com\/wp-content\/uploads\/2025\/10\/\u8be6\u60c5\u9875B2_WH_800x800px-3-768x768.jpg 768w, https:\/\/www.cnxiangfu.com\/wp-content\/uploads\/2025\/10\/\u8be6\u60c5\u9875B2_WH_800x800px-3-650x650.jpg 650w, https:\/\/www.cnxiangfu.com\/wp-content\/uploads\/2025\/10\/\u8be6\u60c5\u9875B2_WH_800x800px-3-600x600.jpg 600w, https:\/\/www.cnxiangfu.com\/wp-content\/uploads\/2025\/10\/\u8be6\u60c5\u9875B2_WH_800x800px-3-100x100.jpg 100w\" sizes=\"(max-width: 800px) 100vw, 800px\" title=\"\">\t\t\t\t\t\t\t\t\t\t\t\t\t\t\t<\/div>\n\t\t\t\t<div class=\"elementor-element elementor-element-d80e859 elementor-widget elementor-widget-image\" data-id=\"d80e859\" data-element_type=\"widget\" data-e-type=\"widget\" data-widget_type=\"image.default\">\n\t\t\t\t\t\t\t\t\t\t\t\t\t\t\t<img loading=\"lazy\" decoding=\"async\" width=\"800\" height=\"800\" src=\"https:\/\/www.cnxiangfu.com\/wp-content\/uploads\/2025\/10\/\u8be6\u60c5\u9875B3_WH_800x800px-1.jpg\" class=\"attachment-full size-full wp-image-1804\" alt=\"\" srcset=\"https:\/\/www.cnxiangfu.com\/wp-content\/uploads\/2025\/10\/\u8be6\u60c5\u9875B3_WH_800x800px-1.jpg 800w, https:\/\/www.cnxiangfu.com\/wp-content\/uploads\/2025\/10\/\u8be6\u60c5\u9875B3_WH_800x800px-1-300x300.jpg 300w, https:\/\/www.cnxiangfu.com\/wp-content\/uploads\/2025\/10\/\u8be6\u60c5\u9875B3_WH_800x800px-1-150x150.jpg 150w, https:\/\/www.cnxiangfu.com\/wp-content\/uploads\/2025\/10\/\u8be6\u60c5\u9875B3_WH_800x800px-1-768x768.jpg 768w, https:\/\/www.cnxiangfu.com\/wp-content\/uploads\/2025\/10\/\u8be6\u60c5\u9875B3_WH_800x800px-1-650x650.jpg 650w, https:\/\/www.cnxiangfu.com\/wp-content\/uploads\/2025\/10\/\u8be6\u60c5\u9875B3_WH_800x800px-1-600x600.jpg 600w, https:\/\/www.cnxiangfu.com\/wp-content\/uploads\/2025\/10\/\u8be6\u60c5\u9875B3_WH_800x800px-1-100x100.jpg 100w\" sizes=\"(max-width: 800px) 100vw, 800px\" title=\"\">\t\t\t\t\t\t\t\t\t\t\t\t\t\t\t<\/div>\n\t\t\t\t<div class=\"elementor-element elementor-element-5916a60 elementor-widget elementor-widget-image\" data-id=\"5916a60\" data-element_type=\"widget\" data-e-type=\"widget\" data-widget_type=\"image.default\">\n\t\t\t\t\t\t\t\t\t\t\t\t\t\t\t<img loading=\"lazy\" decoding=\"async\" width=\"800\" height=\"800\" src=\"https:\/\/www.cnxiangfu.com\/wp-content\/uploads\/2025\/10\/\u8be6\u60c5\u9875B4_WH_800x800px.jpg\" class=\"attachment-full size-full wp-image-1805\" alt=\"\" srcset=\"https:\/\/www.cnxiangfu.com\/wp-content\/uploads\/2025\/10\/\u8be6\u60c5\u9875B4_WH_800x800px.jpg 800w, https:\/\/www.cnxiangfu.com\/wp-content\/uploads\/2025\/10\/\u8be6\u60c5\u9875B4_WH_800x800px-300x300.jpg 300w, https:\/\/www.cnxiangfu.com\/wp-content\/uploads\/2025\/10\/\u8be6\u60c5\u9875B4_WH_800x800px-150x150.jpg 150w, https:\/\/www.cnxiangfu.com\/wp-content\/uploads\/2025\/10\/\u8be6\u60c5\u9875B4_WH_800x800px-768x768.jpg 768w, https:\/\/www.cnxiangfu.com\/wp-content\/uploads\/2025\/10\/\u8be6\u60c5\u9875B4_WH_800x800px-650x650.jpg 650w, https:\/\/www.cnxiangfu.com\/wp-content\/uploads\/2025\/10\/\u8be6\u60c5\u9875B4_WH_800x800px-600x600.jpg 600w, https:\/\/www.cnxiangfu.com\/wp-content\/uploads\/2025\/10\/\u8be6\u60c5\u9875B4_WH_800x800px-100x100.jpg 100w\" sizes=\"(max-width: 800px) 100vw, 800px\" title=\"\">\t\t\t\t\t\t\t\t\t\t\t\t\t\t\t<\/div>\n\t\t\t\t<div class=\"elementor-element elementor-element-4a9c896 elementor-widget elementor-widget-image\" data-id=\"4a9c896\" data-element_type=\"widget\" data-e-type=\"widget\" data-widget_type=\"image.default\">\n\t\t\t\t\t\t\t\t\t\t\t\t\t\t\t<img loading=\"lazy\" decoding=\"async\" width=\"800\" height=\"800\" src=\"https:\/\/www.cnxiangfu.com\/wp-content\/uploads\/2025\/10\/\u8be6\u60c5\u9875B5_WH_800x800px.jpg\" class=\"attachment-full size-full wp-image-1806\" alt=\"\" srcset=\"https:\/\/www.cnxiangfu.com\/wp-content\/uploads\/2025\/10\/\u8be6\u60c5\u9875B5_WH_800x800px.jpg 800w, https:\/\/www.cnxiangfu.com\/wp-content\/uploads\/2025\/10\/\u8be6\u60c5\u9875B5_WH_800x800px-300x300.jpg 300w, https:\/\/www.cnxiangfu.com\/wp-content\/uploads\/2025\/10\/\u8be6\u60c5\u9875B5_WH_800x800px-150x150.jpg 150w, https:\/\/www.cnxiangfu.com\/wp-content\/uploads\/2025\/10\/\u8be6\u60c5\u9875B5_WH_800x800px-768x768.jpg 768w, https:\/\/www.cnxiangfu.com\/wp-content\/uploads\/2025\/10\/\u8be6\u60c5\u9875B5_WH_800x800px-650x650.jpg 650w, https:\/\/www.cnxiangfu.com\/wp-content\/uploads\/2025\/10\/\u8be6\u60c5\u9875B5_WH_800x800px-600x600.jpg 600w, https:\/\/www.cnxiangfu.com\/wp-content\/uploads\/2025\/10\/\u8be6\u60c5\u9875B5_WH_800x800px-100x100.jpg 100w\" sizes=\"(max-width: 800px) 100vw, 800px\" title=\"\">\t\t\t\t\t\t\t\t\t\t\t\t\t\t\t<\/div>\n\t\t\t\t<div class=\"elementor-element elementor-element-d8889ee elementor-widget elementor-widget-image\" data-id=\"d8889ee\" data-element_type=\"widget\" data-e-type=\"widget\" data-widget_type=\"image.default\">\n\t\t\t\t\t\t\t\t\t\t\t\t\t\t\t<img loading=\"lazy\" decoding=\"async\" width=\"800\" height=\"800\" src=\"https:\/\/www.cnxiangfu.com\/wp-content\/uploads\/2025\/10\/\u8be6\u60c5\u9875B6_WH_800x800px.jpg\" class=\"attachment-full size-full wp-image-1807\" alt=\"Mesh Bag\" srcset=\"https:\/\/www.cnxiangfu.com\/wp-content\/uploads\/2025\/10\/\u8be6\u60c5\u9875B6_WH_800x800px.jpg 800w, https:\/\/www.cnxiangfu.com\/wp-content\/uploads\/2025\/10\/\u8be6\u60c5\u9875B6_WH_800x800px-300x300.jpg 300w, https:\/\/www.cnxiangfu.com\/wp-content\/uploads\/2025\/10\/\u8be6\u60c5\u9875B6_WH_800x800px-150x150.jpg 150w, https:\/\/www.cnxiangfu.com\/wp-content\/uploads\/2025\/10\/\u8be6\u60c5\u9875B6_WH_800x800px-768x768.jpg 768w, https:\/\/www.cnxiangfu.com\/wp-content\/uploads\/2025\/10\/\u8be6\u60c5\u9875B6_WH_800x800px-650x650.jpg 650w, https:\/\/www.cnxiangfu.com\/wp-content\/uploads\/2025\/10\/\u8be6\u60c5\u9875B6_WH_800x800px-600x600.jpg 600w, https:\/\/www.cnxiangfu.com\/wp-content\/uploads\/2025\/10\/\u8be6\u60c5\u9875B6_WH_800x800px-100x100.jpg 100w\" sizes=\"(max-width: 800px) 100vw, 800px\" title=\"\">\t\t\t\t\t\t\t\t\t\t\t\t\t\t\t<\/div>\n\t\t\t\t\t<\/div>\n\t\t\t\t<\/div>\n\t\t\t\t<\/div>\n\t\t","protected":false},"excerpt":{"rendered":"<p><strong>N\u00b0 A1<\/strong><\/p>\n<p>Nom du produit&nbsp;: Sac en maille<\/p>\n<p>Taille du produit&nbsp;: Largeur 35cm x Hauteur 39,5cm x Largeur inf\u00e9rieure 16,5cm (unit\u00e9&nbsp;: centim\u00e8tres)<\/p>\n<p>Tissu du sac&nbsp;: Sac en maille<\/p>\n<p>Poign\u00e9e&nbsp;: Nylon<\/p>\n<p>Utilisation&nbsp;:Shopping,Voyage,Plage,Supermarch\u00e9<\/p>\n<p><strong>B1<\/strong><\/p>\n<p>Nom du produit&nbsp;: Sac en maille<\/p>\n<p>Taille du produit&nbsp;: Largeur 45cm x Hauteur 22cm x Largeur inf\u00e9rieure 38cm (unit\u00e9&nbsp;: centim\u00e8tres)<\/p>\n<p>Tissu du sac&nbsp;: Sac en maille<\/p>\n<p>Poign\u00e9e&nbsp;: Sangle en coton \u00e9pais, avec une forte capacit\u00e9 de charge<\/p>\n<p>Utilisation&nbsp;:Shopping,Voyage,Plage,Supermarch\u00e9<\/p>\n","protected":false},"featured_media":2621,"comment_status":"open","ping_status":"closed","template":"","meta":{"_acf_changed":false},"product_brand":[],"product_cat":[89],"product_tag":[],"class_list":{"0":"post-2523","1":"product","2":"type-product","3":"status-publish","4":"has-post-thumbnail","6":"product_cat-sac-tisse","8":"first","9":"instock","10":"shipping-taxable","11":"product-type-simple"},"acf":[],"_links":{"self":[{"href":"https:\/\/www.cnxiangfu.com\/fr\/wp-json\/wp\/v2\/product\/2523","targetHints":{"allow":["GET"]}}],"collection":[{"href":"https:\/\/www.cnxiangfu.com\/fr\/wp-json\/wp\/v2\/product"}],"about":[{"href":"https:\/\/www.cnxiangfu.com\/fr\/wp-json\/wp\/v2\/types\/product"}],"replies":[{"embeddable":true,"href":"https:\/\/www.cnxiangfu.com\/fr\/wp-json\/wp\/v2\/comments?post=2523"}],"version-history":[{"count":3,"href":"https:\/\/www.cnxiangfu.com\/fr\/wp-json\/wp\/v2\/product\/2523\/revisions"}],"predecessor-version":[{"id":2750,"href":"https:\/\/www.cnxiangfu.com\/fr\/wp-json\/wp\/v2\/product\/2523\/revisions\/2750"}],"wp:featuredmedia":[{"embeddable":true,"href":"https:\/\/www.cnxiangfu.com\/fr\/wp-json\/wp\/v2\/media\/2621"}],"wp:attachment":[{"href":"https:\/\/www.cnxiangfu.com\/fr\/wp-json\/wp\/v2\/media?parent=2523"}],"wp:term":[{"taxonomy":"product_brand","embeddable":true,"href":"https:\/\/www.cnxiangfu.com\/fr\/wp-json\/wp\/v2\/product_brand?post=2523"},{"taxonomy":"product_cat","embeddable":true,"href":"https:\/\/www.cnxiangfu.com\/fr\/wp-json\/wp\/v2\/product_cat?post=2523"},{"taxonomy":"product_tag","embeddable":true,"href":"https:\/\/www.cnxiangfu.com\/fr\/wp-json\/wp\/v2\/product_tag?post=2523"}],"curies":[{"name":"wp","href":"https:\/\/api.w.org\/{rel}","templated":true}]}}