{"id":25321,"date":"2025-12-29T09:17:09","date_gmt":"2025-12-29T01:17:09","guid":{"rendered":"https:\/\/www.cnxiangfu.com\/?post_type=product&#038;p=25321"},"modified":"2026-02-01T18:00:50","modified_gmt":"2026-02-01T10:00:50","slug":"sac-a-dos-en-toile-de-coton-a-cordon-sac-a-dos-sac-de-sport-sac-a-dos-sport-sacs-a-dos-sacs-a-sac-en-cordon-sacs-pack-2-blanc-%e5%a4%8d%e5%88%b6-%e5%a4%8d%e5%88%b6-%e5%a4%8d%e5%88%b6-%e5%a4%8d-10","status":"publish","type":"product","link":"https:\/\/www.cnxiangfu.com\/fr\/produit\/sac-a-dos-en-toile-de-coton-a-cordon-sac-a-dos-sac-de-sport-sac-a-dos-sport-sacs-a-dos-sacs-a-sac-en-cordon-sacs-pack-2-blanc-%e5%a4%8d%e5%88%b6-%e5%a4%8d%e5%88%b6-%e5%a4%8d%e5%88%b6-%e5%a4%8d-10\/","title":{"rendered":"Sacs cadeaux Grands sacs fourre-tout non tiss\u00e9s Sacs cadeau r\u00e9utilisables de la Saint-Valentin avec poign\u00e9es pour les achats de friandises F\u00eate d\u2019anniversaire (13,78&#215;9,8&#215;3,94 pouces)"},"content":{"rendered":"\t\t<div data-elementor-type=\"product-post\" data-elementor-id=\"25321\" class=\"elementor elementor-25321 elementor-25319\" data-elementor-post-type=\"product\">\n\t\t\t\t<div class=\"elementor-element elementor-element-31f5d34 e-flex e-con-boxed e-con e-parent\" data-id=\"31f5d34\" data-element_type=\"container\" data-e-type=\"container\">\n\t\t\t\t\t<div class=\"e-con-inner\">\n\t\t\t\t\t<\/div>\n\t\t\t\t<\/div>\n\t\t\t\t<\/div>\n\t\t","protected":false},"excerpt":{"rendered":"<p>Nom du produit : Sac fourre-tout non tiss\u00e9 Taille du produit : personnalisable<\/p>\n<p>Sac Tissu : Non tiss\u00e9<\/p>\n<p>Poign\u00e9e : Non tiss\u00e9e<\/p>\n<p>Utilisation : Voyages, shopping, usage quotidien<\/p>\n","protected":false},"featured_media":6077,"comment_status":"open","ping_status":"closed","template":"","meta":{"_acf_changed":false},"product_brand":[],"product_cat":[633,114],"product_tag":[2921,2922,2917,2920,2918,2919],"class_list":{"0":"post-25321","1":"product","2":"type-product","3":"status-publish","4":"has-post-thumbnail","6":"product_cat-sac-non-tisse","7":"product_cat-sac-non-tisse-personnalise","8":"product_tag-fabricant-chinois-de-grands-sacs-fourre-tout-non-tisses","9":"product_tag-fournisseur-chinois-de-grands-sacs-fourre-tout-non-tisses","10":"product_tag-grand-sac-fourre-tout-non-tisse","11":"product_tag-grande-usine-chinoise-de-sacs-fourre-tout-non-tisses","12":"product_tag-gros-sac-fourre-tout-non-tisse-bon-marche","13":"product_tag-sac-fourre-tout-non-tisse-en-chine","15":"first","16":"onbackorder","17":"shipping-taxable","18":"purchasable","19":"product-type-simple"},"acf":[],"_links":{"self":[{"href":"https:\/\/www.cnxiangfu.com\/fr\/wp-json\/wp\/v2\/product\/25321","targetHints":{"allow":["GET"]}}],"collection":[{"href":"https:\/\/www.cnxiangfu.com\/fr\/wp-json\/wp\/v2\/product"}],"about":[{"href":"https:\/\/www.cnxiangfu.com\/fr\/wp-json\/wp\/v2\/types\/product"}],"replies":[{"embeddable":true,"href":"https:\/\/www.cnxiangfu.com\/fr\/wp-json\/wp\/v2\/comments?post=25321"}],"version-history":[{"count":2,"href":"https:\/\/www.cnxiangfu.com\/fr\/wp-json\/wp\/v2\/product\/25321\/revisions"}],"predecessor-version":[{"id":26185,"href":"https:\/\/www.cnxiangfu.com\/fr\/wp-json\/wp\/v2\/product\/25321\/revisions\/26185"}],"wp:featuredmedia":[{"embeddable":true,"href":"https:\/\/www.cnxiangfu.com\/fr\/wp-json\/wp\/v2\/media\/6077"}],"wp:attachment":[{"href":"https:\/\/www.cnxiangfu.com\/fr\/wp-json\/wp\/v2\/media?parent=25321"}],"wp:term":[{"taxonomy":"product_brand","embeddable":true,"href":"https:\/\/www.cnxiangfu.com\/fr\/wp-json\/wp\/v2\/product_brand?post=25321"},{"taxonomy":"product_cat","embeddable":true,"href":"https:\/\/www.cnxiangfu.com\/fr\/wp-json\/wp\/v2\/product_cat?post=25321"},{"taxonomy":"product_tag","embeddable":true,"href":"https:\/\/www.cnxiangfu.com\/fr\/wp-json\/wp\/v2\/product_tag?post=25321"}],"curies":[{"name":"wp","href":"https:\/\/api.w.org\/{rel}","templated":true}]}}