{"id":25341,"date":"2025-12-29T09:20:47","date_gmt":"2025-12-29T01:20:47","guid":{"rendered":"https:\/\/www.cnxiangfu.com\/?post_type=product&#038;p=25341"},"modified":"2026-02-01T17:52:06","modified_gmt":"2026-02-01T09:52:06","slug":"sac-a-dos-en-toile-de-coton-a-cordon-sac-a-dos-sac-de-sport-sac-a-dos-sport-sacs-a-dos-sacs-a-sac-en-cordon-sacs-pack-2-blanc-%e5%a4%8d%e5%88%b6-%e5%a4%8d%e5%88%b6-%e5%a4%8d%e5%88%b6-%e5%a4%8d-11","status":"publish","type":"product","link":"https:\/\/www.cnxiangfu.com\/fr\/produit\/sac-a-dos-en-toile-de-coton-a-cordon-sac-a-dos-sac-de-sport-sac-a-dos-sport-sacs-a-dos-sacs-a-sac-en-cordon-sacs-pack-2-blanc-%e5%a4%8d%e5%88%b6-%e5%a4%8d%e5%88%b6-%e5%a4%8d%e5%88%b6-%e5%a4%8d-11\/","title":{"rendered":"Trousse maquillage \u00e0 cordon pour femmes Pochettes de rangement pour bijoux Sacs en flanelle pour la f\u00eate de No\u00ebl"},"content":{"rendered":"\t\t<div data-elementor-type=\"product-post\" data-elementor-id=\"25341\" class=\"elementor elementor-25341 elementor-25339\" data-elementor-post-type=\"product\">\n\t\t\t\t<div class=\"elementor-element elementor-element-31f5d34 e-flex e-con-boxed e-con e-parent\" data-id=\"31f5d34\" data-element_type=\"container\" data-e-type=\"container\">\n\t\t\t\t\t<div class=\"e-con-inner\">\n\t\t\t\t\t<\/div>\n\t\t\t\t<\/div>\n\t\t\t\t<\/div>\n\t\t","protected":false},"excerpt":{"rendered":"<p>Nom du produit : Trousse de maquillage \u00e0 cordon, Taille du produit : personnalisable<\/p>\n<p>Sac Tissu : Flanelle<\/p>\n<p>Poign\u00e9e : Coton<\/p>\n<p>. Utilisation : Voyages, Shopping, Usage quotidien<\/p>\n","protected":false},"featured_media":6077,"comment_status":"open","ping_status":"closed","template":"","meta":{"_acf_changed":false},"product_brand":[],"product_cat":[70,110],"product_tag":[2895,2898,2894,2896,2897,2893],"class_list":{"0":"post-25341","1":"product","2":"type-product","3":"status-publish","4":"has-post-thumbnail","6":"product_cat-drawstring-bag","7":"product_cat-custom-drawstring-bag","8":"product_tag-sac-a-cordon-imprime-sur-mesure","9":"product_tag-sacs-a-cordon-en-vrac-sur-mesure","10":"product_tag-sacs-a-cordon-personnalises","11":"product_tag-sacs-a-cordon-personnalises-en-gros","12":"product_tag-sacs-a-cordon-personnalises-en-vrac","13":"product_tag-sacs-pour-la-fete-de-noel-de-mariage","15":"first","16":"onbackorder","17":"shipping-taxable","18":"purchasable","19":"product-type-simple"},"acf":[],"_links":{"self":[{"href":"https:\/\/www.cnxiangfu.com\/fr\/wp-json\/wp\/v2\/product\/25341","targetHints":{"allow":["GET"]}}],"collection":[{"href":"https:\/\/www.cnxiangfu.com\/fr\/wp-json\/wp\/v2\/product"}],"about":[{"href":"https:\/\/www.cnxiangfu.com\/fr\/wp-json\/wp\/v2\/types\/product"}],"replies":[{"embeddable":true,"href":"https:\/\/www.cnxiangfu.com\/fr\/wp-json\/wp\/v2\/comments?post=25341"}],"version-history":[{"count":2,"href":"https:\/\/www.cnxiangfu.com\/fr\/wp-json\/wp\/v2\/product\/25341\/revisions"}],"predecessor-version":[{"id":26206,"href":"https:\/\/www.cnxiangfu.com\/fr\/wp-json\/wp\/v2\/product\/25341\/revisions\/26206"}],"wp:featuredmedia":[{"embeddable":true,"href":"https:\/\/www.cnxiangfu.com\/fr\/wp-json\/wp\/v2\/media\/6077"}],"wp:attachment":[{"href":"https:\/\/www.cnxiangfu.com\/fr\/wp-json\/wp\/v2\/media?parent=25341"}],"wp:term":[{"taxonomy":"product_brand","embeddable":true,"href":"https:\/\/www.cnxiangfu.com\/fr\/wp-json\/wp\/v2\/product_brand?post=25341"},{"taxonomy":"product_cat","embeddable":true,"href":"https:\/\/www.cnxiangfu.com\/fr\/wp-json\/wp\/v2\/product_cat?post=25341"},{"taxonomy":"product_tag","embeddable":true,"href":"https:\/\/www.cnxiangfu.com\/fr\/wp-json\/wp\/v2\/product_tag?post=25341"}],"curies":[{"name":"wp","href":"https:\/\/api.w.org\/{rel}","templated":true}]}}