{"id":25397,"date":"2025-12-29T09:38:29","date_gmt":"2025-12-29T01:38:29","guid":{"rendered":"https:\/\/www.cnxiangfu.com\/?post_type=product&#038;p=25397"},"modified":"2026-01-27T13:12:45","modified_gmt":"2026-01-27T05:12:45","slug":"sac-tote-en-toile-de-jute-mini-sac-reutilisable-en-jute-avec-poignees-petit-cadeau-en-toile-vierge-impermeable-pour-le-mariage-a-la-plage-diy-%e5%a4%8d%e5%88%b6-%e5%a4%8d%e5%88%b6-%e5%a4%8d-9","status":"publish","type":"product","link":"https:\/\/www.cnxiangfu.com\/fr\/produit\/sac-tote-en-toile-de-jute-mini-sac-reutilisable-en-jute-avec-poignees-petit-cadeau-en-toile-vierge-impermeable-pour-le-mariage-a-la-plage-diy-%e5%a4%8d%e5%88%b6-%e5%a4%8d%e5%88%b6-%e5%a4%8d-9\/","title":{"rendered":"Sacs en toile de jute avec poign\u00e9es Sacs en jute r\u00e9utilisables imprim\u00e9s ray\u00e9s pour la f\u00eate de la Saint-Valentin pour la f\u00eate de c\u00e9libataire de la Saint-Valentin"},"content":{"rendered":"\t\t<div data-elementor-type=\"product-post\" data-elementor-id=\"25397\" class=\"elementor elementor-25397 elementor-25395\" data-elementor-post-type=\"product\">\n\t\t\t\t<div class=\"elementor-element elementor-element-31f5d34 e-flex e-con-boxed e-con e-parent\" data-id=\"31f5d34\" data-element_type=\"container\" data-e-type=\"container\">\n\t\t\t\t\t<div class=\"e-con-inner\">\n\t\t\t\t\t<\/div>\n\t\t\t\t<\/div>\n\t\t\t\t<\/div>\n\t\t","protected":false},"excerpt":{"rendered":"<p>Nom du produit : Sac<\/p>\n<p>en jute Taille du produit : personnalisable<\/p>\n<p>Tissu du sac : jute<\/p>\n<p>Poign\u00e9e : coton<\/p>\n<p>Utilisation : Voyages, shopping, usage quotidien<\/p>\n","protected":false},"featured_media":6077,"comment_status":"open","ping_status":"closed","template":"","meta":{"_acf_changed":false},"product_brand":[],"product_cat":[475,106],"product_tag":[2647,2646,2648,919,2645,2644],"class_list":{"0":"post-25397","1":"product","2":"type-product","3":"status-publish","4":"has-post-thumbnail","6":"product_cat-sac-en-jute","7":"product_cat-sac-en-jute-personnalise","8":"product_tag-grands-sacs-en-jute-reutilisables-imprimes","9":"product_tag-les-femmes-imprimaient-des-sacs-en-jute-reutilisables","10":"product_tag-meilleurs-sacs-en-jute-reutilisables-imprimes","11":"product_tag-sac-fourre-tout-en-toile-de-jute-avec-poignees-en-cuir","12":"product_tag-sacs-en-jute-reutilisables-imprimes-en-gros","13":"product_tag-sacs-fourre-tout-en-toile-de-jute-avec-poignees","15":"first","16":"onbackorder","17":"shipping-taxable","18":"purchasable","19":"product-type-simple"},"acf":[],"_links":{"self":[{"href":"https:\/\/www.cnxiangfu.com\/fr\/wp-json\/wp\/v2\/product\/25397","targetHints":{"allow":["GET"]}}],"collection":[{"href":"https:\/\/www.cnxiangfu.com\/fr\/wp-json\/wp\/v2\/product"}],"about":[{"href":"https:\/\/www.cnxiangfu.com\/fr\/wp-json\/wp\/v2\/types\/product"}],"replies":[{"embeddable":true,"href":"https:\/\/www.cnxiangfu.com\/fr\/wp-json\/wp\/v2\/comments?post=25397"}],"version-history":[{"count":2,"href":"https:\/\/www.cnxiangfu.com\/fr\/wp-json\/wp\/v2\/product\/25397\/revisions"}],"predecessor-version":[{"id":26123,"href":"https:\/\/www.cnxiangfu.com\/fr\/wp-json\/wp\/v2\/product\/25397\/revisions\/26123"}],"wp:featuredmedia":[{"embeddable":true,"href":"https:\/\/www.cnxiangfu.com\/fr\/wp-json\/wp\/v2\/media\/6077"}],"wp:attachment":[{"href":"https:\/\/www.cnxiangfu.com\/fr\/wp-json\/wp\/v2\/media?parent=25397"}],"wp:term":[{"taxonomy":"product_brand","embeddable":true,"href":"https:\/\/www.cnxiangfu.com\/fr\/wp-json\/wp\/v2\/product_brand?post=25397"},{"taxonomy":"product_cat","embeddable":true,"href":"https:\/\/www.cnxiangfu.com\/fr\/wp-json\/wp\/v2\/product_cat?post=25397"},{"taxonomy":"product_tag","embeddable":true,"href":"https:\/\/www.cnxiangfu.com\/fr\/wp-json\/wp\/v2\/product_tag?post=25397"}],"curies":[{"name":"wp","href":"https:\/\/api.w.org\/{rel}","templated":true}]}}