{"id":26924,"date":"2025-12-30T10:00:27","date_gmt":"2025-12-30T02:00:27","guid":{"rendered":"https:\/\/www.cnxiangfu.com\/?post_type=product&#038;p=26924"},"modified":"2026-01-21T16:16:00","modified_gmt":"2026-01-21T08:16:00","slug":"sacs-cadeaux-grands-sacs-fourre-tout-non-tisses-sacs-cadeau-reutilisables-de-la-saint-valentin-avec-poignees-pour-les-achats-de-friandises-fete-danniversaire-1378x98x394-pouces","status":"publish","type":"product","link":"https:\/\/www.cnxiangfu.com\/fr\/produit\/sacs-cadeaux-grands-sacs-fourre-tout-non-tisses-sacs-cadeau-reutilisables-de-la-saint-valentin-avec-poignees-pour-les-achats-de-friandises-fete-danniversaire-1378x98x394-pouces\/","title":{"rendered":"Sac cadeau \u00e0 vin &#8211; Pack de 24, sacs \u00e0 vin non tiss\u00e9s avec anses, rouge fonc\u00e9"},"content":{"rendered":"\t\t<div data-elementor-type=\"product-post\" data-elementor-id=\"26924\" class=\"elementor elementor-26924 elementor-26922\" data-elementor-post-type=\"product\">\n\t\t\t\t<div class=\"elementor-element elementor-element-31f5d34 e-flex e-con-boxed e-con e-parent\" data-id=\"31f5d34\" data-element_type=\"container\" data-e-type=\"container\">\n\t\t\t\t\t<div class=\"e-con-inner\">\n\t\t\t\t\t<\/div>\n\t\t\t\t<\/div>\n\t\t\t\t<\/div>\n\t\t","protected":false},"excerpt":{"rendered":"<p>Nom du produit : Sac fourre-tout non tiss\u00e9 Taille du produit : personnalisable<\/p>\n<p>Sac Tissu : Non tiss\u00e9<\/p>\n<p>Poign\u00e9e : Non tiss\u00e9e<\/p>\n<p>Utilisation : Voyages, shopping, usage quotidien<\/p>\n","protected":false},"featured_media":6077,"comment_status":"open","ping_status":"closed","template":"","meta":{"_acf_changed":false},"product_brand":[],"product_cat":[633,114],"product_tag":[2429,2426,417,2430,2427,2431,2428,2432],"class_list":{"0":"post-26924","1":"product","2":"type-product","3":"status-publish","4":"has-post-thumbnail","6":"product_cat-sac-non-tisse","7":"product_cat-sac-non-tisse-personnalise","8":"product_tag-cadeau-des-sacs-a-vin","9":"product_tag-sac-cadeau-a-vin","10":"product_tag-sac-cadeau-de-bouteilles-de-vin","11":"product_tag-sachets-cadeaux-a-vin-en-gros","12":"product_tag-sacs-cadeaux-a-vin","13":"product_tag-sacs-cadeaux-a-vin-en-chine","14":"product_tag-sacs-cadeaux-pour-bouteilles-de-vin","15":"product_tag-usine-de-sacs-cadeaux-a-vin","17":"first","18":"onbackorder","19":"shipping-taxable","20":"purchasable","21":"product-type-simple"},"acf":[],"_links":{"self":[{"href":"https:\/\/www.cnxiangfu.com\/fr\/wp-json\/wp\/v2\/product\/26924","targetHints":{"allow":["GET"]}}],"collection":[{"href":"https:\/\/www.cnxiangfu.com\/fr\/wp-json\/wp\/v2\/product"}],"about":[{"href":"https:\/\/www.cnxiangfu.com\/fr\/wp-json\/wp\/v2\/types\/product"}],"replies":[{"embeddable":true,"href":"https:\/\/www.cnxiangfu.com\/fr\/wp-json\/wp\/v2\/comments?post=26924"}],"version-history":[{"count":2,"href":"https:\/\/www.cnxiangfu.com\/fr\/wp-json\/wp\/v2\/product\/26924\/revisions"}],"predecessor-version":[{"id":27727,"href":"https:\/\/www.cnxiangfu.com\/fr\/wp-json\/wp\/v2\/product\/26924\/revisions\/27727"}],"wp:featuredmedia":[{"embeddable":true,"href":"https:\/\/www.cnxiangfu.com\/fr\/wp-json\/wp\/v2\/media\/6077"}],"wp:attachment":[{"href":"https:\/\/www.cnxiangfu.com\/fr\/wp-json\/wp\/v2\/media?parent=26924"}],"wp:term":[{"taxonomy":"product_brand","embeddable":true,"href":"https:\/\/www.cnxiangfu.com\/fr\/wp-json\/wp\/v2\/product_brand?post=26924"},{"taxonomy":"product_cat","embeddable":true,"href":"https:\/\/www.cnxiangfu.com\/fr\/wp-json\/wp\/v2\/product_cat?post=26924"},{"taxonomy":"product_tag","embeddable":true,"href":"https:\/\/www.cnxiangfu.com\/fr\/wp-json\/wp\/v2\/product_tag?post=26924"}],"curies":[{"name":"wp","href":"https:\/\/api.w.org\/{rel}","templated":true}]}}