{"id":26939,"date":"2025-12-30T10:23:50","date_gmt":"2025-12-30T02:23:50","guid":{"rendered":"https:\/\/www.cnxiangfu.com\/?post_type=product&#038;p=26939"},"modified":"2026-01-21T15:23:30","modified_gmt":"2026-01-21T07:23:30","slug":"ensemble-de-12-sacs-a-dos-durables-en-toile-de-coton-a-cordon-petits-14-de-largeur-x-16-de-haut-%e5%a4%8d%e5%88%b6","status":"publish","type":"product","link":"https:\/\/www.cnxiangfu.com\/fr\/produit\/ensemble-de-12-sacs-a-dos-durables-en-toile-de-coton-a-cordon-petits-14-de-largeur-x-16-de-haut-%e5%a4%8d%e5%88%b6\/","title":{"rendered":"Sac en toile vierge Pochette \u00e0 fermeture \u00e9clair Sacochettes maquillage en vrac &#8211; Pochette \u00e0 crayons polyvalente en toile avec fermeture \u00e9clair solide, Pochette cosm\u00e9tique de voyage Trousse de toilette de voyage pour projets cr\u00e9atifs DIY, Rangement (8,3 x 5 pouces)"},"content":{"rendered":"\t\t<div data-elementor-type=\"product-post\" data-elementor-id=\"26939\" class=\"elementor elementor-26939 elementor-26937\" data-elementor-post-type=\"product\">\n\t\t\t\t<div class=\"elementor-element elementor-element-31f5d34 e-flex e-con-boxed e-con e-parent\" data-id=\"31f5d34\" data-element_type=\"container\" data-e-type=\"container\">\n\t\t\t\t\t<div class=\"e-con-inner\">\n\t\t\t\t\t<\/div>\n\t\t\t\t<\/div>\n\t\t\t\t<\/div>\n\t\t","protected":false},"excerpt":{"rendered":"<p>Nom du produit : Sac en toile Taille du produit : personnalisable<\/p>\n<p>Sac Tissu : Toile<\/p>\n<p>Poign\u00e9e : Coton<\/p>\n<p>Utilisation : Voyages, shopping, usage quotidien<\/p>\n","protected":false},"featured_media":6077,"comment_status":"open","ping_status":"closed","template":"","meta":{"_acf_changed":false},"product_brand":[],"product_cat":[67,70,97],"product_tag":[2367,2366,2394,2390,2392,2391,2393],"class_list":{"0":"post-26939","1":"product","2":"type-product","3":"status-publish","4":"has-post-thumbnail","6":"product_cat-non-categorise","7":"product_cat-drawstring-bag","8":"product_cat-sacs-en-toile-personnalises","9":"product_tag-grande-pochette-en-toile-avec-fermeture-eclair","10":"product_tag-petite-pochette-en-toile-avec-fermeture-eclair","11":"product_tag-pochette-a-fermeture-eclair-en-toile-vierge","12":"product_tag-pochette-a-fermeture-eclair-pour-sac-en-toile-vierge","13":"product_tag-pochette-en-toile-vierge-a-fermeture-eclair-en-gros","14":"product_tag-pochette-zippee-pour-sac-en-toile-vierge","15":"product_tag-sacs-en-toile-robustes-avec-fermeture-eclair","17":"first","18":"onbackorder","19":"shipping-taxable","20":"purchasable","21":"product-type-simple"},"acf":[],"_links":{"self":[{"href":"https:\/\/www.cnxiangfu.com\/fr\/wp-json\/wp\/v2\/product\/26939","targetHints":{"allow":["GET"]}}],"collection":[{"href":"https:\/\/www.cnxiangfu.com\/fr\/wp-json\/wp\/v2\/product"}],"about":[{"href":"https:\/\/www.cnxiangfu.com\/fr\/wp-json\/wp\/v2\/types\/product"}],"replies":[{"embeddable":true,"href":"https:\/\/www.cnxiangfu.com\/fr\/wp-json\/wp\/v2\/comments?post=26939"}],"version-history":[{"count":2,"href":"https:\/\/www.cnxiangfu.com\/fr\/wp-json\/wp\/v2\/product\/26939\/revisions"}],"predecessor-version":[{"id":27687,"href":"https:\/\/www.cnxiangfu.com\/fr\/wp-json\/wp\/v2\/product\/26939\/revisions\/27687"}],"wp:featuredmedia":[{"embeddable":true,"href":"https:\/\/www.cnxiangfu.com\/fr\/wp-json\/wp\/v2\/media\/6077"}],"wp:attachment":[{"href":"https:\/\/www.cnxiangfu.com\/fr\/wp-json\/wp\/v2\/media?parent=26939"}],"wp:term":[{"taxonomy":"product_brand","embeddable":true,"href":"https:\/\/www.cnxiangfu.com\/fr\/wp-json\/wp\/v2\/product_brand?post=26939"},{"taxonomy":"product_cat","embeddable":true,"href":"https:\/\/www.cnxiangfu.com\/fr\/wp-json\/wp\/v2\/product_cat?post=26939"},{"taxonomy":"product_tag","embeddable":true,"href":"https:\/\/www.cnxiangfu.com\/fr\/wp-json\/wp\/v2\/product_tag?post=26939"}],"curies":[{"name":"wp","href":"https:\/\/api.w.org\/{rel}","templated":true}]}}