{"id":26984,"date":"2025-12-30T10:45:58","date_gmt":"2025-12-30T02:45:58","guid":{"rendered":"https:\/\/www.cnxiangfu.com\/?post_type=product&#038;p=26984"},"modified":"2026-01-21T14:39:57","modified_gmt":"2026-01-21T06:39:57","slug":"sacs-en-toile-de-jute-avec-poignees-sacs-en-jute-reutilisables-imprimes-rayes-pour-la-fete-de-la-saint-valentin-pour-la-fete-de-celibataire-de-la-saint-valentin-%e5%a4%8d%e5%88%b6-%e5%a4%8d","status":"publish","type":"product","link":"https:\/\/www.cnxiangfu.com\/fr\/produit\/sacs-en-toile-de-jute-avec-poignees-sacs-en-jute-reutilisables-imprimes-rayes-pour-la-fete-de-la-saint-valentin-pour-la-fete-de-celibataire-de-la-saint-valentin-%e5%a4%8d%e5%88%b6-%e5%a4%8d\/","title":{"rendered":"Sac fourre-tout r\u00e9utilisable en jute pour cadeaux d\u2019anniversaire de No\u00ebl \u00e0 Thanksgiving, rangement pour cadeaux de f\u00eate, 16,5&#215;12,2&#215;7,9 pouces"},"content":{"rendered":"\t\t<div data-elementor-type=\"product-post\" data-elementor-id=\"26984\" class=\"elementor elementor-26984 elementor-26982\" data-elementor-post-type=\"product\">\n\t\t\t\t<div class=\"elementor-element elementor-element-31f5d34 e-flex e-con-boxed e-con e-parent\" data-id=\"31f5d34\" data-element_type=\"container\" data-e-type=\"container\">\n\t\t\t\t\t<div class=\"e-con-inner\">\n\t\t\t\t\t<\/div>\n\t\t\t\t<\/div>\n\t\t\t\t<\/div>\n\t\t","protected":false},"excerpt":{"rendered":"<p>Nom du produit : Sac<\/p>\n<p>en jute Taille du produit : personnalisable<\/p>\n<p>Tissu du sac : jute<\/p>\n<p>Poign\u00e9e : coton<\/p>\n<p>Utilisation : Voyages, shopping, usage quotidien<\/p>\n","protected":false},"featured_media":6077,"comment_status":"open","ping_status":"closed","template":"","meta":{"_acf_changed":false},"product_brand":[],"product_cat":[475,106],"product_tag":[2319,2320,393,2318,709,712,2317],"class_list":{"0":"post-26984","1":"product","2":"type-product","3":"status-publish","4":"has-post-thumbnail","6":"product_cat-sac-en-jute","7":"product_cat-sac-en-jute-personnalise","8":"product_tag-grand-sac-en-toile-pour-noel","9":"product_tag-grands-sacs-fourre-tout-de-noel-en-toile","10":"product_tag-sac-en-jute","11":"product_tag-sac-en-toile-pour-la-vente-de-noel","12":"product_tag-sacs-en-toile-de-noel","13":"product_tag-sacs-en-toile-de-noel-a-vendre","14":"product_tag-sacs-fourre-tout-reutilisables-pour-noel","16":"first","17":"onbackorder","18":"shipping-taxable","19":"purchasable","20":"product-type-simple"},"acf":[],"_links":{"self":[{"href":"https:\/\/www.cnxiangfu.com\/fr\/wp-json\/wp\/v2\/product\/26984","targetHints":{"allow":["GET"]}}],"collection":[{"href":"https:\/\/www.cnxiangfu.com\/fr\/wp-json\/wp\/v2\/product"}],"about":[{"href":"https:\/\/www.cnxiangfu.com\/fr\/wp-json\/wp\/v2\/types\/product"}],"replies":[{"embeddable":true,"href":"https:\/\/www.cnxiangfu.com\/fr\/wp-json\/wp\/v2\/comments?post=26984"}],"version-history":[{"count":2,"href":"https:\/\/www.cnxiangfu.com\/fr\/wp-json\/wp\/v2\/product\/26984\/revisions"}],"predecessor-version":[{"id":27789,"href":"https:\/\/www.cnxiangfu.com\/fr\/wp-json\/wp\/v2\/product\/26984\/revisions\/27789"}],"wp:featuredmedia":[{"embeddable":true,"href":"https:\/\/www.cnxiangfu.com\/fr\/wp-json\/wp\/v2\/media\/6077"}],"wp:attachment":[{"href":"https:\/\/www.cnxiangfu.com\/fr\/wp-json\/wp\/v2\/media?parent=26984"}],"wp:term":[{"taxonomy":"product_brand","embeddable":true,"href":"https:\/\/www.cnxiangfu.com\/fr\/wp-json\/wp\/v2\/product_brand?post=26984"},{"taxonomy":"product_cat","embeddable":true,"href":"https:\/\/www.cnxiangfu.com\/fr\/wp-json\/wp\/v2\/product_cat?post=26984"},{"taxonomy":"product_tag","embeddable":true,"href":"https:\/\/www.cnxiangfu.com\/fr\/wp-json\/wp\/v2\/product_tag?post=26984"}],"curies":[{"name":"wp","href":"https:\/\/api.w.org\/{rel}","templated":true}]}}