{"id":26999,"date":"2025-12-30T10:47:54","date_gmt":"2025-12-30T02:47:54","guid":{"rendered":"https:\/\/www.cnxiangfu.com\/?post_type=product&#038;p=26999"},"modified":"2026-01-21T14:26:18","modified_gmt":"2026-01-21T06:26:18","slug":"sacs-en-toile-de-jute-avec-poignees-sacs-en-jute-reutilisables-imprimes-rayes-pour-la-fete-de-la-saint-valentin-pour-la-fete-de-celibataire-de-la-saint-valentin-%e5%a4%8d%e5%88%b6-%e5%a4%8d-2","status":"publish","type":"product","link":"https:\/\/www.cnxiangfu.com\/fr\/produit\/sacs-en-toile-de-jute-avec-poignees-sacs-en-jute-reutilisables-imprimes-rayes-pour-la-fete-de-la-saint-valentin-pour-la-fete-de-celibataire-de-la-saint-valentin-%e5%a4%8d%e5%88%b6-%e5%a4%8d-2\/","title":{"rendered":"Sac fourre-tout r\u00e9utilisable en jute pour cadeaux d\u2019anniversaire de No\u00ebl \u00e0 Thanksgiving, rangement pour cadeaux de f\u00eate, 16,5&#215;12,2&#215;7,9 pouces"},"content":{"rendered":"\t\t<div data-elementor-type=\"product-post\" data-elementor-id=\"26999\" class=\"elementor elementor-26999 elementor-26997\" data-elementor-post-type=\"product\">\n\t\t\t\t<div class=\"elementor-element elementor-element-31f5d34 e-flex e-con-boxed e-con e-parent\" data-id=\"31f5d34\" data-element_type=\"container\" data-e-type=\"container\">\n\t\t\t\t\t<div class=\"e-con-inner\">\n\t\t\t\t\t<\/div>\n\t\t\t\t<\/div>\n\t\t\t\t<\/div>\n\t\t","protected":false},"excerpt":{"rendered":"<p>Nom du produit : Sac<\/p>\n<p>en jute Taille du produit : personnalisable<\/p>\n<p>Tissu du sac : jute<\/p>\n<p>Poign\u00e9e : coton<\/p>\n<p>Utilisation : Voyages, shopping, usage quotidien<\/p>\n","protected":false},"featured_media":6077,"comment_status":"open","ping_status":"closed","template":"","meta":{"_acf_changed":false},"product_brand":[],"product_cat":[475,106],"product_tag":[2306,393,2305,2302,2301,2304,2303],"class_list":{"0":"post-26999","1":"product","2":"type-product","3":"status-publish","4":"has-post-thumbnail","6":"product_cat-sac-en-jute","7":"product_cat-sac-en-jute-personnalise","8":"product_tag-des-femmes-fabriquaient-un-sac-en-toile-de-jute","9":"product_tag-sac-en-jute","10":"product_tag-sac-en-toile-de-jute-travaille-en-gros","11":"product_tag-sac-fourre-tout-en-toile-en-jute","12":"product_tag-sac-fourre-tout-en-toile-en-jute-en-gros","13":"product_tag-sac-fourre-tout-en-toile-en-jute-en-gros-aux-etats-unis","14":"product_tag-sac-fourre-tout-en-toile-en-jute-fabrique-par-des-femmes","16":"first","17":"onbackorder","18":"shipping-taxable","19":"purchasable","20":"product-type-simple"},"acf":[],"_links":{"self":[{"href":"https:\/\/www.cnxiangfu.com\/fr\/wp-json\/wp\/v2\/product\/26999","targetHints":{"allow":["GET"]}}],"collection":[{"href":"https:\/\/www.cnxiangfu.com\/fr\/wp-json\/wp\/v2\/product"}],"about":[{"href":"https:\/\/www.cnxiangfu.com\/fr\/wp-json\/wp\/v2\/types\/product"}],"replies":[{"embeddable":true,"href":"https:\/\/www.cnxiangfu.com\/fr\/wp-json\/wp\/v2\/comments?post=26999"}],"version-history":[{"count":2,"href":"https:\/\/www.cnxiangfu.com\/fr\/wp-json\/wp\/v2\/product\/26999\/revisions"}],"predecessor-version":[{"id":27735,"href":"https:\/\/www.cnxiangfu.com\/fr\/wp-json\/wp\/v2\/product\/26999\/revisions\/27735"}],"wp:featuredmedia":[{"embeddable":true,"href":"https:\/\/www.cnxiangfu.com\/fr\/wp-json\/wp\/v2\/media\/6077"}],"wp:attachment":[{"href":"https:\/\/www.cnxiangfu.com\/fr\/wp-json\/wp\/v2\/media?parent=26999"}],"wp:term":[{"taxonomy":"product_brand","embeddable":true,"href":"https:\/\/www.cnxiangfu.com\/fr\/wp-json\/wp\/v2\/product_brand?post=26999"},{"taxonomy":"product_cat","embeddable":true,"href":"https:\/\/www.cnxiangfu.com\/fr\/wp-json\/wp\/v2\/product_cat?post=26999"},{"taxonomy":"product_tag","embeddable":true,"href":"https:\/\/www.cnxiangfu.com\/fr\/wp-json\/wp\/v2\/product_tag?post=26999"}],"curies":[{"name":"wp","href":"https:\/\/api.w.org\/{rel}","templated":true}]}}