{"id":2701,"date":"2025-11-06T15:03:56","date_gmt":"2025-11-06T07:03:56","guid":{"rendered":"https:\/\/www.cnxiangfu.com\/?post_type=product&#038;p=2701"},"modified":"2025-11-06T15:12:41","modified_gmt":"2025-11-06T07:12:41","slug":"sac-en-toile-%e5%a4%8d%e5%88%b6-3","status":"publish","type":"product","link":"https:\/\/www.cnxiangfu.com\/fr\/produit\/sac-en-toile-%e5%a4%8d%e5%88%b6-3\/","title":{"rendered":"Sac fourre-tout de plage, sac fourre-tout d\u2019\u00e9t\u00e9 pour femmes, sacs d\u2019\u00e9picerie r\u00e9utilisables d\u2019\u00e9t\u00e9 sacs \u00e0 provisions"},"content":{"rendered":"\t\t<div data-elementor-type=\"product-post\" data-elementor-id=\"2701\" class=\"elementor elementor-2701 elementor-2699\" data-elementor-post-type=\"product\">\n\t\t\t\t<div class=\"elementor-element elementor-element-31f5d34 e-flex e-con-boxed e-con e-parent\" data-id=\"31f5d34\" data-element_type=\"container\" data-e-type=\"container\">\n\t\t\t\t\t<div class=\"e-con-inner\">\n\t\t\t\t<div class=\"elementor-element elementor-element-8de0144 elementor-widget elementor-widget-image\" data-id=\"8de0144\" data-element_type=\"widget\" data-e-type=\"widget\" data-widget_type=\"image.default\">\n\t\t\t\t\t\t\t\t\t\t\t\t\t\t\t<img fetchpriority=\"high\" decoding=\"async\" width=\"1154\" height=\"1500\" src=\"https:\/\/www.cnxiangfu.com\/wp-content\/uploads\/2025\/11\/6_61EdfxieifL._AC_SL1500_.jpg\" class=\"attachment-full size-full wp-image-2808\" alt=\"\" srcset=\"https:\/\/www.cnxiangfu.com\/wp-content\/uploads\/2025\/11\/6_61EdfxieifL._AC_SL1500_.jpg 1154w, https:\/\/www.cnxiangfu.com\/wp-content\/uploads\/2025\/11\/6_61EdfxieifL._AC_SL1500_-231x300.jpg 231w, https:\/\/www.cnxiangfu.com\/wp-content\/uploads\/2025\/11\/6_61EdfxieifL._AC_SL1500_-788x1024.jpg 788w, https:\/\/www.cnxiangfu.com\/wp-content\/uploads\/2025\/11\/6_61EdfxieifL._AC_SL1500_-768x998.jpg 768w, https:\/\/www.cnxiangfu.com\/wp-content\/uploads\/2025\/11\/6_61EdfxieifL._AC_SL1500_-600x780.jpg 600w\" sizes=\"(max-width: 1154px) 100vw, 1154px\" title=\"\">\t\t\t\t\t\t\t\t\t\t\t\t\t\t\t<\/div>\n\t\t\t\t<div class=\"elementor-element elementor-element-c0ce038 elementor-widget elementor-widget-image\" data-id=\"c0ce038\" data-element_type=\"widget\" data-e-type=\"widget\" data-widget_type=\"image.default\">\n\t\t\t\t\t\t\t\t\t\t\t\t\t\t\t<img decoding=\"async\" width=\"1154\" height=\"1500\" src=\"https:\/\/www.cnxiangfu.com\/wp-content\/uploads\/2025\/11\/7_71UJdU6ENdL._AC_SL1500_.jpg\" class=\"attachment-full size-full wp-image-2809\" alt=\"\" srcset=\"https:\/\/www.cnxiangfu.com\/wp-content\/uploads\/2025\/11\/7_71UJdU6ENdL._AC_SL1500_.jpg 1154w, https:\/\/www.cnxiangfu.com\/wp-content\/uploads\/2025\/11\/7_71UJdU6ENdL._AC_SL1500_-231x300.jpg 231w, https:\/\/www.cnxiangfu.com\/wp-content\/uploads\/2025\/11\/7_71UJdU6ENdL._AC_SL1500_-788x1024.jpg 788w, https:\/\/www.cnxiangfu.com\/wp-content\/uploads\/2025\/11\/7_71UJdU6ENdL._AC_SL1500_-768x998.jpg 768w, https:\/\/www.cnxiangfu.com\/wp-content\/uploads\/2025\/11\/7_71UJdU6ENdL._AC_SL1500_-600x780.jpg 600w\" sizes=\"(max-width: 1154px) 100vw, 1154px\" title=\"\">\t\t\t\t\t\t\t\t\t\t\t\t\t\t\t<\/div>\n\t\t\t\t<div class=\"elementor-element elementor-element-94d938f elementor-widget elementor-widget-image\" data-id=\"94d938f\" data-element_type=\"widget\" data-e-type=\"widget\" data-widget_type=\"image.default\">\n\t\t\t\t\t\t\t\t\t\t\t\t\t\t\t<img decoding=\"async\" width=\"1154\" height=\"1500\" src=\"https:\/\/www.cnxiangfu.com\/wp-content\/uploads\/2025\/11\/8_71In2AE2inL._AC_SL1500_.jpg\" class=\"attachment-full size-full wp-image-2810\" alt=\"\" srcset=\"https:\/\/www.cnxiangfu.com\/wp-content\/uploads\/2025\/11\/8_71In2AE2inL._AC_SL1500_.jpg 1154w, https:\/\/www.cnxiangfu.com\/wp-content\/uploads\/2025\/11\/8_71In2AE2inL._AC_SL1500_-231x300.jpg 231w, https:\/\/www.cnxiangfu.com\/wp-content\/uploads\/2025\/11\/8_71In2AE2inL._AC_SL1500_-788x1024.jpg 788w, https:\/\/www.cnxiangfu.com\/wp-content\/uploads\/2025\/11\/8_71In2AE2inL._AC_SL1500_-768x998.jpg 768w, https:\/\/www.cnxiangfu.com\/wp-content\/uploads\/2025\/11\/8_71In2AE2inL._AC_SL1500_-600x780.jpg 600w\" sizes=\"(max-width: 1154px) 100vw, 1154px\" title=\"\">\t\t\t\t\t\t\t\t\t\t\t\t\t\t\t<\/div>\n\t\t\t\t<div class=\"elementor-element elementor-element-ca76c3a elementor-widget elementor-widget-image\" data-id=\"ca76c3a\" data-element_type=\"widget\" data-e-type=\"widget\" data-widget_type=\"image.default\">\n\t\t\t\t\t\t\t\t\t\t\t\t\t\t\t<img loading=\"lazy\" decoding=\"async\" width=\"1154\" height=\"1500\" src=\"https:\/\/www.cnxiangfu.com\/wp-content\/uploads\/2025\/11\/11_71ADnhq0cTL._AC_SL1500_.jpg\" class=\"attachment-full size-full wp-image-2812\" alt=\"\" srcset=\"https:\/\/www.cnxiangfu.com\/wp-content\/uploads\/2025\/11\/11_71ADnhq0cTL._AC_SL1500_.jpg 1154w, https:\/\/www.cnxiangfu.com\/wp-content\/uploads\/2025\/11\/11_71ADnhq0cTL._AC_SL1500_-231x300.jpg 231w, https:\/\/www.cnxiangfu.com\/wp-content\/uploads\/2025\/11\/11_71ADnhq0cTL._AC_SL1500_-788x1024.jpg 788w, https:\/\/www.cnxiangfu.com\/wp-content\/uploads\/2025\/11\/11_71ADnhq0cTL._AC_SL1500_-768x998.jpg 768w, https:\/\/www.cnxiangfu.com\/wp-content\/uploads\/2025\/11\/11_71ADnhq0cTL._AC_SL1500_-600x780.jpg 600w\" sizes=\"(max-width: 1154px) 100vw, 1154px\" title=\"\">\t\t\t\t\t\t\t\t\t\t\t\t\t\t\t<\/div>\n\t\t\t\t<div class=\"elementor-element elementor-element-c55fcd3 elementor-widget elementor-widget-image\" data-id=\"c55fcd3\" data-element_type=\"widget\" data-e-type=\"widget\" data-widget_type=\"image.default\">\n\t\t\t\t\t\t\t\t\t\t\t\t\t\t\t<img loading=\"lazy\" decoding=\"async\" width=\"1154\" height=\"1500\" src=\"https:\/\/www.cnxiangfu.com\/wp-content\/uploads\/2025\/11\/2_61iLo0KoHGL._AC_SL1500_.jpg\" class=\"attachment-full size-full wp-image-2792\" alt=\"\" srcset=\"https:\/\/www.cnxiangfu.com\/wp-content\/uploads\/2025\/11\/2_61iLo0KoHGL._AC_SL1500_.jpg 1154w, https:\/\/www.cnxiangfu.com\/wp-content\/uploads\/2025\/11\/2_61iLo0KoHGL._AC_SL1500_-231x300.jpg 231w, https:\/\/www.cnxiangfu.com\/wp-content\/uploads\/2025\/11\/2_61iLo0KoHGL._AC_SL1500_-788x1024.jpg 788w, https:\/\/www.cnxiangfu.com\/wp-content\/uploads\/2025\/11\/2_61iLo0KoHGL._AC_SL1500_-768x998.jpg 768w, https:\/\/www.cnxiangfu.com\/wp-content\/uploads\/2025\/11\/2_61iLo0KoHGL._AC_SL1500_-600x780.jpg 600w\" sizes=\"(max-width: 1154px) 100vw, 1154px\" title=\"\">\t\t\t\t\t\t\t\t\t\t\t\t\t\t\t<\/div>\n\t\t\t\t\t<\/div>\n\t\t\t\t<\/div>\n\t\t\t\t<\/div>\n\t\t","protected":false},"excerpt":{"rendered":"<p>Nom du produit&nbsp;: Sac<\/p>\n<p>en toile Taille du produit&nbsp;: Largeur 38cm x Hauteur 39cm (unit\u00e9&nbsp;: Centim\u00e8tres)<\/p>\n<p>Tissu du sac&nbsp;: Toile<\/p>\n<p>Poign\u00e9e&nbsp;: Sangle en coton \u00e9pais, avec une forte capacit\u00e9<\/p>\n<p>de charge Utilisation&nbsp;: Voyage, Shopping, Utilisation quotidienne<\/p>\n","protected":false},"featured_media":2764,"comment_status":"open","ping_status":"closed","template":"","meta":{"_acf_changed":false},"product_brand":[],"product_cat":[67],"product_tag":[],"class_list":{"0":"post-2701","1":"product","2":"type-product","3":"status-publish","4":"has-post-thumbnail","6":"product_cat-non-categorise","8":"first","9":"instock","10":"shipping-taxable","11":"product-type-simple"},"acf":[],"_links":{"self":[{"href":"https:\/\/www.cnxiangfu.com\/fr\/wp-json\/wp\/v2\/product\/2701","targetHints":{"allow":["GET"]}}],"collection":[{"href":"https:\/\/www.cnxiangfu.com\/fr\/wp-json\/wp\/v2\/product"}],"about":[{"href":"https:\/\/www.cnxiangfu.com\/fr\/wp-json\/wp\/v2\/types\/product"}],"replies":[{"embeddable":true,"href":"https:\/\/www.cnxiangfu.com\/fr\/wp-json\/wp\/v2\/comments?post=2701"}],"version-history":[{"count":4,"href":"https:\/\/www.cnxiangfu.com\/fr\/wp-json\/wp\/v2\/product\/2701\/revisions"}],"predecessor-version":[{"id":2836,"href":"https:\/\/www.cnxiangfu.com\/fr\/wp-json\/wp\/v2\/product\/2701\/revisions\/2836"}],"wp:featuredmedia":[{"embeddable":true,"href":"https:\/\/www.cnxiangfu.com\/fr\/wp-json\/wp\/v2\/media\/2764"}],"wp:attachment":[{"href":"https:\/\/www.cnxiangfu.com\/fr\/wp-json\/wp\/v2\/media?parent=2701"}],"wp:term":[{"taxonomy":"product_brand","embeddable":true,"href":"https:\/\/www.cnxiangfu.com\/fr\/wp-json\/wp\/v2\/product_brand?post=2701"},{"taxonomy":"product_cat","embeddable":true,"href":"https:\/\/www.cnxiangfu.com\/fr\/wp-json\/wp\/v2\/product_cat?post=2701"},{"taxonomy":"product_tag","embeddable":true,"href":"https:\/\/www.cnxiangfu.com\/fr\/wp-json\/wp\/v2\/product_tag?post=2701"}],"curies":[{"name":"wp","href":"https:\/\/api.w.org\/{rel}","templated":true}]}}