{"id":27014,"date":"2025-12-30T10:50:53","date_gmt":"2025-12-30T02:50:53","guid":{"rendered":"https:\/\/www.cnxiangfu.com\/?post_type=product&#038;p=27014"},"modified":"2026-01-18T22:31:22","modified_gmt":"2026-01-18T14:31:22","slug":"sacs-en-toile-de-jute-avec-poignees-sacs-en-jute-reutilisables-imprimes-rayes-pour-la-fete-de-la-saint-valentin-pour-la-fete-de-celibataire-de-la-saint-valentin-%e5%a4%8d%e5%88%b6-%e5%a4%8d-3","status":"publish","type":"product","link":"https:\/\/www.cnxiangfu.com\/fr\/produit\/sacs-en-toile-de-jute-avec-poignees-sacs-en-jute-reutilisables-imprimes-rayes-pour-la-fete-de-la-saint-valentin-pour-la-fete-de-celibataire-de-la-saint-valentin-%e5%a4%8d%e5%88%b6-%e5%a4%8d-3\/","title":{"rendered":"Sacs fourre-tout, paquet de 3 grands cadeaux en toile de jute r\u00e9utilisable en toile de jute, sac cadeau avec poign\u00e9es, sac \u00e0 gages vierge en vrac pour mariage de demoiselle d\u2019honneur, march\u00e9 des femmes, courses, enterrement de vie de jeune fille, sortie \u00e0 la plage, bricolage"},"content":{"rendered":"\t\t<div data-elementor-type=\"product-post\" data-elementor-id=\"27014\" class=\"elementor elementor-27014 elementor-27012\" data-elementor-post-type=\"product\">\n\t\t\t\t<div class=\"elementor-element elementor-element-31f5d34 e-flex e-con-boxed e-con e-parent\" data-id=\"31f5d34\" data-element_type=\"container\" data-e-type=\"container\">\n\t\t\t\t\t<div class=\"e-con-inner\">\n\t\t\t\t\t<\/div>\n\t\t\t\t<\/div>\n\t\t\t\t<\/div>\n\t\t","protected":false},"excerpt":{"rendered":"<p>Nom du produit : Sac<\/p>\n<p>en jute Taille du produit : personnalisable<\/p>\n<p>Tissu du sac : jute<\/p>\n<p>Poign\u00e9e : coton<\/p>\n<p>Utilisation : Voyages, shopping, usage quotidien<\/p>\n","protected":false},"featured_media":6077,"comment_status":"open","ping_status":"closed","template":"","meta":{"_acf_changed":false},"product_brand":[],"product_cat":[475,106],"product_tag":[2226,2224,2227,2229,2225,2228,918],"class_list":{"0":"post-27014","1":"product","2":"type-product","3":"status-publish","4":"has-post-thumbnail","6":"product_cat-sac-en-jute","7":"product_cat-sac-en-jute-personnalise","8":"product_tag-grands-sacs-en-toile-de-jute-en-vrac","9":"product_tag-gros-sac-en-jute-en-toile-de-jute-en-gros","10":"product_tag-sacs-en-jute-de-jute","11":"product_tag-sacs-en-jute-en-toile-de-jute","12":"product_tag-sacs-en-toile-de-jute-extra-grands","13":"product_tag-sacs-fourre-tout-en-jute-en-gros-2","14":"product_tag-sacs-fourre-tout-en-toile-de-jute-en-gros","16":"first","17":"onbackorder","18":"shipping-taxable","19":"purchasable","20":"product-type-simple"},"acf":[],"_links":{"self":[{"href":"https:\/\/www.cnxiangfu.com\/fr\/wp-json\/wp\/v2\/product\/27014","targetHints":{"allow":["GET"]}}],"collection":[{"href":"https:\/\/www.cnxiangfu.com\/fr\/wp-json\/wp\/v2\/product"}],"about":[{"href":"https:\/\/www.cnxiangfu.com\/fr\/wp-json\/wp\/v2\/types\/product"}],"replies":[{"embeddable":true,"href":"https:\/\/www.cnxiangfu.com\/fr\/wp-json\/wp\/v2\/comments?post=27014"}],"version-history":[{"count":2,"href":"https:\/\/www.cnxiangfu.com\/fr\/wp-json\/wp\/v2\/product\/27014\/revisions"}],"predecessor-version":[{"id":27768,"href":"https:\/\/www.cnxiangfu.com\/fr\/wp-json\/wp\/v2\/product\/27014\/revisions\/27768"}],"wp:featuredmedia":[{"embeddable":true,"href":"https:\/\/www.cnxiangfu.com\/fr\/wp-json\/wp\/v2\/media\/6077"}],"wp:attachment":[{"href":"https:\/\/www.cnxiangfu.com\/fr\/wp-json\/wp\/v2\/media?parent=27014"}],"wp:term":[{"taxonomy":"product_brand","embeddable":true,"href":"https:\/\/www.cnxiangfu.com\/fr\/wp-json\/wp\/v2\/product_brand?post=27014"},{"taxonomy":"product_cat","embeddable":true,"href":"https:\/\/www.cnxiangfu.com\/fr\/wp-json\/wp\/v2\/product_cat?post=27014"},{"taxonomy":"product_tag","embeddable":true,"href":"https:\/\/www.cnxiangfu.com\/fr\/wp-json\/wp\/v2\/product_tag?post=27014"}],"curies":[{"name":"wp","href":"https:\/\/api.w.org\/{rel}","templated":true}]}}