{"id":27030,"date":"2025-12-30T10:56:41","date_gmt":"2025-12-30T02:56:41","guid":{"rendered":"https:\/\/www.cnxiangfu.com\/?post_type=product&#038;p=27030"},"modified":"2026-01-15T20:35:50","modified_gmt":"2026-01-15T12:35:50","slug":"ensemble-de-12-sacs-a-dos-durables-en-toile-de-coton-a-cordon-petits-14-de-largeur-x-16-de-haut-%e5%a4%8d%e5%88%b6-%e5%a4%8d%e5%88%b6-2","status":"publish","type":"product","link":"https:\/\/www.cnxiangfu.com\/fr\/produit\/ensemble-de-12-sacs-a-dos-durables-en-toile-de-coton-a-cordon-petits-14-de-largeur-x-16-de-haut-%e5%a4%8d%e5%88%b6-%e5%a4%8d%e5%88%b6-2\/","title":{"rendered":"Sac \u00e0 linge en toile, sac \u00e0 dos lavable, sangles r\u00e9glables, grande poche avant, fermeture \u00e0 cordon (BEIGE, X-Large)"},"content":{"rendered":"\t\t<div data-elementor-type=\"product-post\" data-elementor-id=\"27030\" class=\"elementor elementor-27030 elementor-27028\" data-elementor-post-type=\"product\">\n\t\t\t\t<div class=\"elementor-element elementor-element-31f5d34 e-flex e-con-boxed e-con e-parent\" data-id=\"31f5d34\" data-element_type=\"container\" data-e-type=\"container\">\n\t\t\t\t\t<div class=\"e-con-inner\">\n\t\t\t\t\t<\/div>\n\t\t\t\t<\/div>\n\t\t\t\t<\/div>\n\t\t","protected":false},"excerpt":{"rendered":"<p>Nom du produit : Sac \u00e0 linge en toile Taille du produit : personnalisable<\/p>\n<p>Sac Tissu : Toile<\/p>\n<p>Poign\u00e9e : Coton<\/p>\n<p>Utilisation : Voyage, shopping, usage quotidien<\/p>\n","protected":false},"featured_media":6077,"comment_status":"open","ping_status":"closed","template":"","meta":{"_acf_changed":false},"product_brand":[],"product_cat":[67,70,97],"product_tag":[1083,2203,1086,2202,2185,2188,2187],"class_list":{"0":"post-27030","1":"product","2":"type-product","3":"status-publish","4":"has-post-thumbnail","6":"product_cat-non-categorise","7":"product_cat-drawstring-bag","8":"product_cat-sacs-en-toile-personnalises","9":"product_tag-sac-a-linge-en-toile","10":"product_tag-sac-a-linge-en-toile-a-cordons","11":"product_tag-sac-a-linge-en-toile-en-gros","12":"product_tag-sac-a-linge-en-toile-lavable","13":"product_tag-sac-a-linge-en-toile-robuste","14":"product_tag-sac-a-linge-industriel-en-toile","15":"product_tag-sacs-de-linge-en-toile-en-gros","17":"first","18":"onbackorder","19":"shipping-taxable","20":"purchasable","21":"product-type-simple"},"acf":[],"_links":{"self":[{"href":"https:\/\/www.cnxiangfu.com\/fr\/wp-json\/wp\/v2\/product\/27030","targetHints":{"allow":["GET"]}}],"collection":[{"href":"https:\/\/www.cnxiangfu.com\/fr\/wp-json\/wp\/v2\/product"}],"about":[{"href":"https:\/\/www.cnxiangfu.com\/fr\/wp-json\/wp\/v2\/types\/product"}],"replies":[{"embeddable":true,"href":"https:\/\/www.cnxiangfu.com\/fr\/wp-json\/wp\/v2\/comments?post=27030"}],"version-history":[{"count":2,"href":"https:\/\/www.cnxiangfu.com\/fr\/wp-json\/wp\/v2\/product\/27030\/revisions"}],"predecessor-version":[{"id":27214,"href":"https:\/\/www.cnxiangfu.com\/fr\/wp-json\/wp\/v2\/product\/27030\/revisions\/27214"}],"wp:featuredmedia":[{"embeddable":true,"href":"https:\/\/www.cnxiangfu.com\/fr\/wp-json\/wp\/v2\/media\/6077"}],"wp:attachment":[{"href":"https:\/\/www.cnxiangfu.com\/fr\/wp-json\/wp\/v2\/media?parent=27030"}],"wp:term":[{"taxonomy":"product_brand","embeddable":true,"href":"https:\/\/www.cnxiangfu.com\/fr\/wp-json\/wp\/v2\/product_brand?post=27030"},{"taxonomy":"product_cat","embeddable":true,"href":"https:\/\/www.cnxiangfu.com\/fr\/wp-json\/wp\/v2\/product_cat?post=27030"},{"taxonomy":"product_tag","embeddable":true,"href":"https:\/\/www.cnxiangfu.com\/fr\/wp-json\/wp\/v2\/product_tag?post=27030"}],"curies":[{"name":"wp","href":"https:\/\/api.w.org\/{rel}","templated":true}]}}