{"id":27102,"date":"2025-12-30T13:31:23","date_gmt":"2025-12-30T05:31:23","guid":{"rendered":"https:\/\/www.cnxiangfu.com\/?post_type=product&#038;p=27102"},"modified":"2026-01-13T20:56:56","modified_gmt":"2026-01-13T12:56:56","slug":"ensemble-de-12-sacs-a-dos-durables-en-toile-de-coton-a-cordon-petits-14-de-largeur-x-16-de-haut-%e5%a4%8d%e5%88%b6-%e5%a4%8d%e5%88%b6-%e5%a4%8d%e5%88%b6-%e5%a4%8d-3","status":"publish","type":"product","link":"https:\/\/www.cnxiangfu.com\/fr\/produit\/ensemble-de-12-sacs-a-dos-durables-en-toile-de-coton-a-cordon-petits-14-de-largeur-x-16-de-haut-%e5%a4%8d%e5%88%b6-%e5%a4%8d%e5%88%b6-%e5%a4%8d%e5%88%b6-%e5%a4%8d-3\/","title":{"rendered":"Sacs fourre-tout en toile avec fermeture \u00e9clair, sacs de courses HWJH vierges r\u00e9utilisables, sac lavable \u00e9largi avec poche int\u00e9rieure, grands sacs fourre-tout de voyage pour le transfert de chaleur DIY, cadeau de loisirs cr\u00e9atifs de No\u00ebl"},"content":{"rendered":"\t\t<div data-elementor-type=\"product-post\" data-elementor-id=\"27102\" class=\"elementor elementor-27102 elementor-27100\" data-elementor-post-type=\"product\">\n\t\t\t\t<div class=\"elementor-element elementor-element-31f5d34 e-flex e-con-boxed e-con e-parent\" data-id=\"31f5d34\" data-element_type=\"container\" data-e-type=\"container\">\n\t\t\t\t\t<div class=\"e-con-inner\">\n\t\t\t\t\t<\/div>\n\t\t\t\t<\/div>\n\t\t\t\t<\/div>\n\t\t","protected":false},"excerpt":{"rendered":"<p>Nom du produit : Sac en toile Taille du produit : personnalisable<\/p>\n<p>Sac Tissu : Toile<\/p>\n<p>Poign\u00e9e : Toile<\/p>\n<p>Utilisation : Voyage, shopping, usage quotidien<\/p>\n","protected":false},"featured_media":6077,"comment_status":"open","ping_status":"closed","template":"","meta":{"_acf_changed":false},"product_brand":[],"product_cat":[67,70,97],"product_tag":[2100,2094,2096,2102,1776,2092,2098,2101],"class_list":{"0":"post-27102","1":"product","2":"type-product","3":"status-publish","4":"has-post-thumbnail","6":"product_cat-non-categorise","7":"product_cat-drawstring-bag","8":"product_cat-sacs-en-toile-personnalises","9":"product_tag-cadeau-dartisanat-de-noel","10":"product_tag-grands-sacs-fourre-tout-en-toile-avec-fermeture-eclair","11":"product_tag-meilleurs-sacs-fourre-tout-en-toile-avec-fermeture-eclair","12":"product_tag-sac-lavable-elargi","13":"product_tag-sacs-de-courses-reutilisables-5","14":"product_tag-sacs-fourre-tout-en-toile-avec-fermeture-eclair","15":"product_tag-sacs-fourre-tout-en-toile-en-gros-avec-fermeture-eclair","16":"product_tag-voyages-shopping-grands-sacs-fourre-tout","18":"first","19":"onbackorder","20":"shipping-taxable","21":"purchasable","22":"product-type-simple"},"acf":[],"_links":{"self":[{"href":"https:\/\/www.cnxiangfu.com\/fr\/wp-json\/wp\/v2\/product\/27102","targetHints":{"allow":["GET"]}}],"collection":[{"href":"https:\/\/www.cnxiangfu.com\/fr\/wp-json\/wp\/v2\/product"}],"about":[{"href":"https:\/\/www.cnxiangfu.com\/fr\/wp-json\/wp\/v2\/types\/product"}],"replies":[{"embeddable":true,"href":"https:\/\/www.cnxiangfu.com\/fr\/wp-json\/wp\/v2\/comments?post=27102"}],"version-history":[{"count":2,"href":"https:\/\/www.cnxiangfu.com\/fr\/wp-json\/wp\/v2\/product\/27102\/revisions"}],"predecessor-version":[{"id":27309,"href":"https:\/\/www.cnxiangfu.com\/fr\/wp-json\/wp\/v2\/product\/27102\/revisions\/27309"}],"wp:featuredmedia":[{"embeddable":true,"href":"https:\/\/www.cnxiangfu.com\/fr\/wp-json\/wp\/v2\/media\/6077"}],"wp:attachment":[{"href":"https:\/\/www.cnxiangfu.com\/fr\/wp-json\/wp\/v2\/media?parent=27102"}],"wp:term":[{"taxonomy":"product_brand","embeddable":true,"href":"https:\/\/www.cnxiangfu.com\/fr\/wp-json\/wp\/v2\/product_brand?post=27102"},{"taxonomy":"product_cat","embeddable":true,"href":"https:\/\/www.cnxiangfu.com\/fr\/wp-json\/wp\/v2\/product_cat?post=27102"},{"taxonomy":"product_tag","embeddable":true,"href":"https:\/\/www.cnxiangfu.com\/fr\/wp-json\/wp\/v2\/product_tag?post=27102"}],"curies":[{"name":"wp","href":"https:\/\/api.w.org\/{rel}","templated":true}]}}