{"id":27446,"date":"2025-12-31T08:53:24","date_gmt":"2025-12-31T00:53:24","guid":{"rendered":"https:\/\/www.cnxiangfu.com\/?post_type=product&#038;p=27446"},"modified":"2026-01-13T20:05:32","modified_gmt":"2026-01-13T12:05:32","slug":"sac-fourre-tout-en-coton-en-toile-robuste-fermeture-eclair-%e5%a4%8d%e5%88%b6","status":"publish","type":"product","link":"https:\/\/www.cnxiangfu.com\/fr\/produit\/sac-fourre-tout-en-coton-en-toile-robuste-fermeture-eclair-%e5%a4%8d%e5%88%b6\/","title":{"rendered":"Sacs \u00e0 fermeture \u00e9clair imperm\u00e9ables Patron de football Sacs de documents de bureau Dossiers des \u00e9l\u00e8ves Cat\u00e9gorie Sac 10 couleur"},"content":{"rendered":"\t\t<div data-elementor-type=\"product-post\" data-elementor-id=\"27446\" class=\"elementor elementor-27446 elementor-27444\" data-elementor-post-type=\"product\">\n\t\t\t\t<div class=\"elementor-element elementor-element-31f5d34 e-flex e-con-boxed e-con e-parent\" data-id=\"31f5d34\" data-element_type=\"container\" data-e-type=\"container\">\n\t\t\t\t\t<div class=\"e-con-inner\">\n\t\t\t\t\t<\/div>\n\t\t\t\t<\/div>\n\t\t\t\t<\/div>\n\t\t","protected":false},"excerpt":{"rendered":"<p>Nom du produit : Sac en toile Taille du produit : personnalisable<\/p>\n<p>Sac Tissu : Toile<\/p>\n<p>Poign\u00e9e : Toile<\/p>\n<p>Utilisation : Voyage, shopping, usage quotidien<\/p>\n","protected":false},"featured_media":6077,"comment_status":"open","ping_status":"closed","template":"","meta":{"_acf_changed":false},"product_brand":[],"product_cat":[67,70,97],"product_tag":[2060,2062,325,2061,2059,2064,2063],"class_list":{"0":"post-27446","1":"product","2":"type-product","3":"status-publish","4":"has-post-thumbnail","6":"product_cat-non-categorise","7":"product_cat-drawstring-bag","8":"product_cat-sacs-en-toile-personnalises","9":"product_tag-sac-a-classement-zippe-etanche","10":"product_tag-sac-de-categorie-des-dossiers-des-eleves","11":"product_tag-sac-en-toile","12":"product_tag-sacs-a-classement-zippe","13":"product_tag-sacs-a-classement-zippe-impermeables","14":"product_tag-sacs-de-documents-de-bureau","15":"product_tag-sacs-de-documents-de-bureau-a-motif-de-football","17":"first","18":"onbackorder","19":"shipping-taxable","20":"purchasable","21":"product-type-simple"},"acf":[],"_links":{"self":[{"href":"https:\/\/www.cnxiangfu.com\/fr\/wp-json\/wp\/v2\/product\/27446","targetHints":{"allow":["GET"]}}],"collection":[{"href":"https:\/\/www.cnxiangfu.com\/fr\/wp-json\/wp\/v2\/product"}],"about":[{"href":"https:\/\/www.cnxiangfu.com\/fr\/wp-json\/wp\/v2\/types\/product"}],"replies":[{"embeddable":true,"href":"https:\/\/www.cnxiangfu.com\/fr\/wp-json\/wp\/v2\/comments?post=27446"}],"version-history":[{"count":2,"href":"https:\/\/www.cnxiangfu.com\/fr\/wp-json\/wp\/v2\/product\/27446\/revisions"}],"predecessor-version":[{"id":27844,"href":"https:\/\/www.cnxiangfu.com\/fr\/wp-json\/wp\/v2\/product\/27446\/revisions\/27844"}],"wp:featuredmedia":[{"embeddable":true,"href":"https:\/\/www.cnxiangfu.com\/fr\/wp-json\/wp\/v2\/media\/6077"}],"wp:attachment":[{"href":"https:\/\/www.cnxiangfu.com\/fr\/wp-json\/wp\/v2\/media?parent=27446"}],"wp:term":[{"taxonomy":"product_brand","embeddable":true,"href":"https:\/\/www.cnxiangfu.com\/fr\/wp-json\/wp\/v2\/product_brand?post=27446"},{"taxonomy":"product_cat","embeddable":true,"href":"https:\/\/www.cnxiangfu.com\/fr\/wp-json\/wp\/v2\/product_cat?post=27446"},{"taxonomy":"product_tag","embeddable":true,"href":"https:\/\/www.cnxiangfu.com\/fr\/wp-json\/wp\/v2\/product_tag?post=27446"}],"curies":[{"name":"wp","href":"https:\/\/api.w.org\/{rel}","templated":true}]}}