{"id":27459,"date":"2025-12-31T09:01:49","date_gmt":"2025-12-31T01:01:49","guid":{"rendered":"https:\/\/www.cnxiangfu.com\/?post_type=product&#038;p=27459"},"modified":"2026-01-13T19:27:52","modified_gmt":"2026-01-13T11:27:52","slug":"sac-fourre-tout-en-coton-en-toile-robuste-fermeture-eclair-%e5%a4%8d%e5%88%b6-%e5%a4%8d%e5%88%b6","status":"publish","type":"product","link":"https:\/\/www.cnxiangfu.com\/fr\/produit\/sac-fourre-tout-en-coton-en-toile-robuste-fermeture-eclair-%e5%a4%8d%e5%88%b6-%e5%a4%8d%e5%88%b6\/","title":{"rendered":"Sacs d\u2019courses r\u00e9utilisables \u00e0 poign\u00e9e renforc\u00e9e en pack de 10 &#8211; Sacs de courses robustes avec fond en plastique \u00e9pais peuvent contenir 40 lbs (10, noir)"},"content":{"rendered":"\t\t<div data-elementor-type=\"product-post\" data-elementor-id=\"27459\" class=\"elementor elementor-27459 elementor-27457\" data-elementor-post-type=\"product\">\n\t\t\t\t<div class=\"elementor-element elementor-element-31f5d34 e-flex e-con-boxed e-con e-parent\" data-id=\"31f5d34\" data-element_type=\"container\" data-e-type=\"container\">\n\t\t\t\t\t<div class=\"e-con-inner\">\n\t\t\t\t\t<\/div>\n\t\t\t\t<\/div>\n\t\t\t\t<\/div>\n\t\t","protected":false},"excerpt":{"rendered":"<p>Nom du produit : Sac fourre-tout non tiss\u00e9 Taille du produit : personnalisable<\/p>\n<p>Sac Tissu : Non tiss\u00e9<\/p>\n<p>Poign\u00e9e : Non tiss\u00e9e<\/p>\n<p>Utilisation : Voyages, shopping, usage quotidien<\/p>\n","protected":false},"featured_media":6077,"comment_status":"open","ping_status":"closed","template":"","meta":{"_acf_changed":false},"product_brand":[],"product_cat":[109,633,114,1718],"product_tag":[2037,2040,2035,2038,1949,2034,2036,921,2039],"class_list":{"0":"post-27459","1":"product","2":"type-product","3":"status-publish","4":"has-post-thumbnail","6":"product_cat-sac-a-provisions-pliable","7":"product_cat-sac-non-tisse","8":"product_cat-sac-non-tisse-personnalise","9":"product_cat-sac-pliable-personnalise","10":"product_tag-meilleurs-sacs-de-courses-pliables-reutilisables","11":"product_tag-sac-fourre-tout-non-tisse","12":"product_tag-sacs-depicerie-pliants-reutilisables","13":"product_tag-sacs-depicerie-reutilisables-en-chine-avec-poignees","14":"product_tag-sacs-de-courses-a-poignee-renforcee-reutilisables","15":"product_tag-sacs-de-courses-pliables-et-reutilisables-en-paquet-de-10","16":"product_tag-sacs-de-courses-reutilisables-pliables","17":"product_tag-sacs-fourre-tout-en-toile-de-jute-a-vendre","18":"product_tag-sacs-fourre-tout-reutilisables-et-robustes","20":"first","21":"onbackorder","22":"shipping-taxable","23":"purchasable","24":"product-type-simple"},"acf":[],"_links":{"self":[{"href":"https:\/\/www.cnxiangfu.com\/fr\/wp-json\/wp\/v2\/product\/27459","targetHints":{"allow":["GET"]}}],"collection":[{"href":"https:\/\/www.cnxiangfu.com\/fr\/wp-json\/wp\/v2\/product"}],"about":[{"href":"https:\/\/www.cnxiangfu.com\/fr\/wp-json\/wp\/v2\/types\/product"}],"replies":[{"embeddable":true,"href":"https:\/\/www.cnxiangfu.com\/fr\/wp-json\/wp\/v2\/comments?post=27459"}],"version-history":[{"count":2,"href":"https:\/\/www.cnxiangfu.com\/fr\/wp-json\/wp\/v2\/product\/27459\/revisions"}],"predecessor-version":[{"id":27916,"href":"https:\/\/www.cnxiangfu.com\/fr\/wp-json\/wp\/v2\/product\/27459\/revisions\/27916"}],"wp:featuredmedia":[{"embeddable":true,"href":"https:\/\/www.cnxiangfu.com\/fr\/wp-json\/wp\/v2\/media\/6077"}],"wp:attachment":[{"href":"https:\/\/www.cnxiangfu.com\/fr\/wp-json\/wp\/v2\/media?parent=27459"}],"wp:term":[{"taxonomy":"product_brand","embeddable":true,"href":"https:\/\/www.cnxiangfu.com\/fr\/wp-json\/wp\/v2\/product_brand?post=27459"},{"taxonomy":"product_cat","embeddable":true,"href":"https:\/\/www.cnxiangfu.com\/fr\/wp-json\/wp\/v2\/product_cat?post=27459"},{"taxonomy":"product_tag","embeddable":true,"href":"https:\/\/www.cnxiangfu.com\/fr\/wp-json\/wp\/v2\/product_tag?post=27459"}],"curies":[{"name":"wp","href":"https:\/\/api.w.org\/{rel}","templated":true}]}}