{"id":27541,"date":"2025-12-31T09:42:08","date_gmt":"2025-12-31T01:42:08","guid":{"rendered":"https:\/\/www.cnxiangfu.com\/?post_type=product&#038;p=27541"},"modified":"2026-01-07T15:36:25","modified_gmt":"2026-01-07T07:36:25","slug":"sacs-en-toile-de-jute-avec-poignees-sacs-en-jute-reutilisables-imprimes-rayes-pour-la-fete-de-la-saint-valentin-pour-la-fete-de-celibataire-de-la-saint-valentin-%e5%a4%8d%e5%88%b6-%e5%a4%8d-4","status":"publish","type":"product","link":"https:\/\/www.cnxiangfu.com\/fr\/produit\/sacs-en-toile-de-jute-avec-poignees-sacs-en-jute-reutilisables-imprimes-rayes-pour-la-fete-de-la-saint-valentin-pour-la-fete-de-celibataire-de-la-saint-valentin-%e5%a4%8d%e5%88%b6-%e5%a4%8d-4\/","title":{"rendered":"Sac de vin \u00e0 3 bouteilles, sacs \u00e0 vin en toile de jute pour bouteilles de vin cadeaux, 11,80&#215;12,99&#215;3,93 pouces, sac cadeau \u00e0 vin, bac \u00e0 vin pour 3 bouteilles"},"content":{"rendered":"\t\t<div data-elementor-type=\"product-post\" data-elementor-id=\"27541\" class=\"elementor elementor-27541 elementor-27539\" data-elementor-post-type=\"product\">\n\t\t\t\t<div class=\"elementor-element elementor-element-31f5d34 e-flex e-con-boxed e-con e-parent\" data-id=\"31f5d34\" data-element_type=\"container\" data-e-type=\"container\">\n\t\t\t\t\t<div class=\"e-con-inner\">\n\t\t\t\t\t<\/div>\n\t\t\t\t<\/div>\n\t\t\t\t<\/div>\n\t\t","protected":false},"excerpt":{"rendered":"<p>Nom du produit : Sac<\/p>\n<p>en jute Taille du produit : personnalisable<\/p>\n<p>Tissu du sac : jute<\/p>\n<p>Poign\u00e9e : coton<\/p>\n<p>Utilisation : Voyages, shopping, usage quotidien<\/p>\n","protected":false},"featured_media":6077,"comment_status":"open","ping_status":"closed","template":"","meta":{"_acf_changed":false},"product_brand":[],"product_cat":[475,106],"product_tag":[1903,1009,916,1902,1904,915,917],"class_list":{"0":"post-27541","1":"product","2":"type-product","3":"status-publish","4":"has-post-thumbnail","6":"product_cat-sac-en-jute","7":"product_cat-sac-en-jute-personnalise","8":"product_tag-sac-cadeau-de-vin-de-3-bouteilles","9":"product_tag-sac-fourre-tout-en-toile-de-jute-2","10":"product_tag-sac-fourre-tout-en-toile-de-jute","11":"product_tag-sachet-de-vin-de-3-bouteilles","12":"product_tag-sachets-de-vin-en-gros-de-3-bouteilles","13":"product_tag-sacs-fourre-tout-en-toile-de-jute-en-vrac","14":"product_tag-sacs-fourre-tout-en-toile-de-jute-ustom","16":"first","17":"onbackorder","18":"shipping-taxable","19":"purchasable","20":"product-type-simple"},"acf":[],"_links":{"self":[{"href":"https:\/\/www.cnxiangfu.com\/fr\/wp-json\/wp\/v2\/product\/27541","targetHints":{"allow":["GET"]}}],"collection":[{"href":"https:\/\/www.cnxiangfu.com\/fr\/wp-json\/wp\/v2\/product"}],"about":[{"href":"https:\/\/www.cnxiangfu.com\/fr\/wp-json\/wp\/v2\/types\/product"}],"replies":[{"embeddable":true,"href":"https:\/\/www.cnxiangfu.com\/fr\/wp-json\/wp\/v2\/comments?post=27541"}],"version-history":[{"count":2,"href":"https:\/\/www.cnxiangfu.com\/fr\/wp-json\/wp\/v2\/product\/27541\/revisions"}],"predecessor-version":[{"id":27991,"href":"https:\/\/www.cnxiangfu.com\/fr\/wp-json\/wp\/v2\/product\/27541\/revisions\/27991"}],"wp:featuredmedia":[{"embeddable":true,"href":"https:\/\/www.cnxiangfu.com\/fr\/wp-json\/wp\/v2\/media\/6077"}],"wp:attachment":[{"href":"https:\/\/www.cnxiangfu.com\/fr\/wp-json\/wp\/v2\/media?parent=27541"}],"wp:term":[{"taxonomy":"product_brand","embeddable":true,"href":"https:\/\/www.cnxiangfu.com\/fr\/wp-json\/wp\/v2\/product_brand?post=27541"},{"taxonomy":"product_cat","embeddable":true,"href":"https:\/\/www.cnxiangfu.com\/fr\/wp-json\/wp\/v2\/product_cat?post=27541"},{"taxonomy":"product_tag","embeddable":true,"href":"https:\/\/www.cnxiangfu.com\/fr\/wp-json\/wp\/v2\/product_tag?post=27541"}],"curies":[{"name":"wp","href":"https:\/\/api.w.org\/{rel}","templated":true}]}}