{"id":28210,"date":"2025-12-31T13:25:02","date_gmt":"2025-12-31T05:25:02","guid":{"rendered":"https:\/\/www.cnxiangfu.com\/?post_type=product&#038;p=28210"},"modified":"2026-01-05T19:11:17","modified_gmt":"2026-01-05T11:11:17","slug":"sacs-en-toile-de-jute-avec-cordon-sacs-cadeaux-de-30-pieces-pour-emballer-des-cadeaux-de-noel-bricolage-bougies-souvenirs-pour-anniversaire-rassemblement-clients-petite-entreprise-%e5%a4%8d","status":"publish","type":"product","link":"https:\/\/www.cnxiangfu.com\/fr\/produit\/sacs-en-toile-de-jute-avec-cordon-sacs-cadeaux-de-30-pieces-pour-emballer-des-cadeaux-de-noel-bricolage-bougies-souvenirs-pour-anniversaire-rassemblement-clients-petite-entreprise-%e5%a4%8d\/","title":{"rendered":"Sac de d\u00e9m\u00e9nagement extra grand et robuste, sac de sport imperm\u00e9able avec fermeture \u00e9clair, sacs fourre-tout en tissu Oxford pour voyager, dortoir universitaire, \u00e9conomie de place"},"content":{"rendered":"\t\t<div data-elementor-type=\"product-post\" data-elementor-id=\"28210\" class=\"elementor elementor-28210 elementor-28208\" data-elementor-post-type=\"product\">\n\t\t\t\t<div class=\"elementor-element elementor-element-31f5d34 e-flex e-con-boxed e-con e-parent\" data-id=\"31f5d34\" data-element_type=\"container\" data-e-type=\"container\">\n\t\t\t\t\t<div class=\"e-con-inner\">\n\t\t\t\t\t<\/div>\n\t\t\t\t<\/div>\n\t\t\t\t<\/div>\n\t\t","protected":false},"excerpt":{"rendered":"<p>Nom du produit : Sac imperm\u00e9able en tissu Oxford Taille du produit : personnalisable<\/p>\n<p>Sac Tissu : tissu<\/p>\n<p>Oxford Poign\u00e9e : tissu<\/p>\n<p>Oxford Utilisation : Voyages, shoppings, usage quotidien<\/p>\n","protected":false},"featured_media":6077,"comment_status":"open","ping_status":"closed","template":"","meta":{"_acf_changed":false},"product_brand":[],"product_cat":[109,1720,121,1718],"product_tag":[1799,916,1797,1796,917,1800,1798,1801],"class_list":{"0":"post-28210","1":"product","2":"type-product","3":"status-publish","4":"has-post-thumbnail","6":"product_cat-sac-a-provisions-pliable","7":"product_cat-sac-en-tissu-oxford","8":"product_cat-sac-en-tissu-oxford-personnalise","9":"product_cat-sac-pliable-personnalise","10":"product_tag-sac-de-demenagement-robuste","11":"product_tag-sac-fourre-tout-en-toile-de-jute","12":"product_tag-sacs-de-demenagement-robustes","13":"product_tag-sacs-de-demenagement-tres-grands-et-lourds","14":"product_tag-sacs-fourre-tout-en-toile-de-jute-ustom","15":"product_tag-sacs-robustes-chinois-pour-fabricant-de-demenagement","16":"product_tag-sacs-robustes-pour-demenager","17":"product_tag-usine-chinoise-de-sacs-de-demenagement-lourds","19":"first","20":"onbackorder","21":"shipping-taxable","22":"purchasable","23":"product-type-simple"},"acf":[],"_links":{"self":[{"href":"https:\/\/www.cnxiangfu.com\/fr\/wp-json\/wp\/v2\/product\/28210","targetHints":{"allow":["GET"]}}],"collection":[{"href":"https:\/\/www.cnxiangfu.com\/fr\/wp-json\/wp\/v2\/product"}],"about":[{"href":"https:\/\/www.cnxiangfu.com\/fr\/wp-json\/wp\/v2\/types\/product"}],"replies":[{"embeddable":true,"href":"https:\/\/www.cnxiangfu.com\/fr\/wp-json\/wp\/v2\/comments?post=28210"}],"version-history":[{"count":2,"href":"https:\/\/www.cnxiangfu.com\/fr\/wp-json\/wp\/v2\/product\/28210\/revisions"}],"predecessor-version":[{"id":28723,"href":"https:\/\/www.cnxiangfu.com\/fr\/wp-json\/wp\/v2\/product\/28210\/revisions\/28723"}],"wp:featuredmedia":[{"embeddable":true,"href":"https:\/\/www.cnxiangfu.com\/fr\/wp-json\/wp\/v2\/media\/6077"}],"wp:attachment":[{"href":"https:\/\/www.cnxiangfu.com\/fr\/wp-json\/wp\/v2\/media?parent=28210"}],"wp:term":[{"taxonomy":"product_brand","embeddable":true,"href":"https:\/\/www.cnxiangfu.com\/fr\/wp-json\/wp\/v2\/product_brand?post=28210"},{"taxonomy":"product_cat","embeddable":true,"href":"https:\/\/www.cnxiangfu.com\/fr\/wp-json\/wp\/v2\/product_cat?post=28210"},{"taxonomy":"product_tag","embeddable":true,"href":"https:\/\/www.cnxiangfu.com\/fr\/wp-json\/wp\/v2\/product_tag?post=28210"}],"curies":[{"name":"wp","href":"https:\/\/api.w.org\/{rel}","templated":true}]}}