{"id":28249,"date":"2025-12-31T13:50:37","date_gmt":"2025-12-31T05:50:37","guid":{"rendered":"https:\/\/www.cnxiangfu.com\/?post_type=product&#038;p=28249"},"modified":"2026-01-04T20:08:44","modified_gmt":"2026-01-04T12:08:44","slug":"sacs-en-toile-de-jute-avec-cordon-sacs-cadeaux-de-30-pieces-pour-emballer-des-cadeaux-de-noel-bricolage-bougies-souvenirs-pour-anniversaire-rassemblement-clients-petite-entreprise-%e5%a4%8d-2","status":"publish","type":"product","link":"https:\/\/www.cnxiangfu.com\/fr\/produit\/sacs-en-toile-de-jute-avec-cordon-sacs-cadeaux-de-30-pieces-pour-emballer-des-cadeaux-de-noel-bricolage-bougies-souvenirs-pour-anniversaire-rassemblement-clients-petite-entreprise-%e5%a4%8d-2\/","title":{"rendered":"Sac de rangement multifonction \u00e0 cordon Sac \u00e0 flanelle pour organiser des v\u00eatements et petits objets"},"content":{"rendered":"\t\t<div data-elementor-type=\"product-post\" data-elementor-id=\"28249\" class=\"elementor elementor-28249 elementor-28247\" data-elementor-post-type=\"product\">\n\t\t\t\t<div class=\"elementor-element elementor-element-31f5d34 e-flex e-con-boxed e-con e-parent\" data-id=\"31f5d34\" data-element_type=\"container\" data-e-type=\"container\">\n\t\t\t\t\t<div class=\"e-con-inner\">\n\t\t\t\t\t<\/div>\n\t\t\t\t<\/div>\n\t\t\t\t<\/div>\n\t\t","protected":false},"excerpt":{"rendered":"<p>Nom du produit : Sac de Emballage en flanelle Taille du produit : personnalisable<\/p>\n<p>Sac Tissu : Flanelle<\/p>\n<p>Poign\u00e9e : Coton<\/p>\n<p>Utilisation : Voyage, shopping, usage quotidien<\/p>\n","protected":false},"featured_media":6077,"comment_status":"open","ping_status":"closed","template":"","meta":{"_acf_changed":false},"product_brand":[],"product_cat":[70,110],"product_tag":[916,1009,919,1769,920,921,918,915,917],"class_list":{"0":"post-28249","1":"product","2":"type-product","3":"status-publish","4":"has-post-thumbnail","6":"product_cat-drawstring-bag","7":"product_cat-custom-drawstring-bag","8":"product_tag-sac-fourre-tout-en-toile-de-jute","9":"product_tag-sac-fourre-tout-en-toile-de-jute-2","10":"product_tag-sac-fourre-tout-en-toile-de-jute-avec-poignees-en-cuir","11":"product_tag-sacs-a-cordon-en-gros","12":"product_tag-sacs-cadeaux-en-toile-de-jute","13":"product_tag-sacs-fourre-tout-en-toile-de-jute-a-vendre","14":"product_tag-sacs-fourre-tout-en-toile-de-jute-en-gros","15":"product_tag-sacs-fourre-tout-en-toile-de-jute-en-vrac","16":"product_tag-sacs-fourre-tout-en-toile-de-jute-ustom","18":"first","19":"onbackorder","20":"shipping-taxable","21":"purchasable","22":"product-type-simple"},"acf":[],"_links":{"self":[{"href":"https:\/\/www.cnxiangfu.com\/fr\/wp-json\/wp\/v2\/product\/28249","targetHints":{"allow":["GET"]}}],"collection":[{"href":"https:\/\/www.cnxiangfu.com\/fr\/wp-json\/wp\/v2\/product"}],"about":[{"href":"https:\/\/www.cnxiangfu.com\/fr\/wp-json\/wp\/v2\/types\/product"}],"replies":[{"embeddable":true,"href":"https:\/\/www.cnxiangfu.com\/fr\/wp-json\/wp\/v2\/comments?post=28249"}],"version-history":[{"count":2,"href":"https:\/\/www.cnxiangfu.com\/fr\/wp-json\/wp\/v2\/product\/28249\/revisions"}],"predecessor-version":[{"id":28785,"href":"https:\/\/www.cnxiangfu.com\/fr\/wp-json\/wp\/v2\/product\/28249\/revisions\/28785"}],"wp:featuredmedia":[{"embeddable":true,"href":"https:\/\/www.cnxiangfu.com\/fr\/wp-json\/wp\/v2\/media\/6077"}],"wp:attachment":[{"href":"https:\/\/www.cnxiangfu.com\/fr\/wp-json\/wp\/v2\/media?parent=28249"}],"wp:term":[{"taxonomy":"product_brand","embeddable":true,"href":"https:\/\/www.cnxiangfu.com\/fr\/wp-json\/wp\/v2\/product_brand?post=28249"},{"taxonomy":"product_cat","embeddable":true,"href":"https:\/\/www.cnxiangfu.com\/fr\/wp-json\/wp\/v2\/product_cat?post=28249"},{"taxonomy":"product_tag","embeddable":true,"href":"https:\/\/www.cnxiangfu.com\/fr\/wp-json\/wp\/v2\/product_tag?post=28249"}],"curies":[{"name":"wp","href":"https:\/\/api.w.org\/{rel}","templated":true}]}}