{"id":28895,"date":"2026-01-22T15:25:33","date_gmt":"2026-01-22T07:25:33","guid":{"rendered":"https:\/\/www.cnxiangfu.com\/product\/banballon-20-pcs-sacs-cadeaux-de-fete-sacs-cadeaux-non-tisses-fete-danniversaire-baby-shower-sacs-cadeaux-fournitures\/"},"modified":"2026-02-01T16:42:11","modified_gmt":"2026-02-01T08:42:11","slug":"banballon-20-pcs-sacs-cadeaux-de-fete-sacs-cadeaux-non-tisses-fete-danniversaire-baby-shower-sacs-cadeaux-fournitures","status":"publish","type":"product","link":"https:\/\/www.cnxiangfu.com\/fr\/produit\/banballon-20-pcs-sacs-cadeaux-de-fete-sacs-cadeaux-non-tisses-fete-danniversaire-baby-shower-sacs-cadeaux-fournitures\/","title":{"rendered":"BANBALLON 20 PCS Sacs cadeaux de f\u00eate Sacs cadeaux non tiss\u00e9s F\u00eate d\u2019anniversaire Baby shower Sacs cadeaux Fournitures"},"content":{"rendered":"","protected":false},"excerpt":{"rendered":"","protected":false},"featured_media":28900,"comment_status":"closed","ping_status":"closed","template":"","meta":{"_acf_changed":false},"product_brand":[],"product_cat":[633,114],"product_tag":[2827,2826,2825,2824,2828],"class_list":{"0":"post-28895","1":"product","2":"type-product","3":"status-publish","4":"has-post-thumbnail","6":"product_cat-sac-non-tisse","7":"product_cat-sac-non-tisse-personnalise","8":"product_tag-fournisseur-de-sacs-cadeaux-non-tisses","9":"product_tag-sac-cadeau-en-tissu-non-tisse","10":"product_tag-sac-cadeau-non-tisse-en-chine","11":"product_tag-sacs-cadeaux-non-tisses","12":"product_tag-sacs-de-souvenirs-de-fete","14":"first","15":"instock","16":"shipping-taxable","17":"purchasable","18":"product-type-simple"},"acf":[],"_links":{"self":[{"href":"https:\/\/www.cnxiangfu.com\/fr\/wp-json\/wp\/v2\/product\/28895","targetHints":{"allow":["GET"]}}],"collection":[{"href":"https:\/\/www.cnxiangfu.com\/fr\/wp-json\/wp\/v2\/product"}],"about":[{"href":"https:\/\/www.cnxiangfu.com\/fr\/wp-json\/wp\/v2\/types\/product"}],"replies":[{"embeddable":true,"href":"https:\/\/www.cnxiangfu.com\/fr\/wp-json\/wp\/v2\/comments?post=28895"}],"version-history":[{"count":1,"href":"https:\/\/www.cnxiangfu.com\/fr\/wp-json\/wp\/v2\/product\/28895\/revisions"}],"predecessor-version":[{"id":29111,"href":"https:\/\/www.cnxiangfu.com\/fr\/wp-json\/wp\/v2\/product\/28895\/revisions\/29111"}],"wp:featuredmedia":[{"embeddable":true,"href":"https:\/\/www.cnxiangfu.com\/fr\/wp-json\/wp\/v2\/media\/28900"}],"wp:attachment":[{"href":"https:\/\/www.cnxiangfu.com\/fr\/wp-json\/wp\/v2\/media?parent=28895"}],"wp:term":[{"taxonomy":"product_brand","embeddable":true,"href":"https:\/\/www.cnxiangfu.com\/fr\/wp-json\/wp\/v2\/product_brand?post=28895"},{"taxonomy":"product_cat","embeddable":true,"href":"https:\/\/www.cnxiangfu.com\/fr\/wp-json\/wp\/v2\/product_cat?post=28895"},{"taxonomy":"product_tag","embeddable":true,"href":"https:\/\/www.cnxiangfu.com\/fr\/wp-json\/wp\/v2\/product_tag?post=28895"}],"curies":[{"name":"wp","href":"https:\/\/api.w.org\/{rel}","templated":true}]}}