{"id":28910,"date":"2026-01-22T15:29:02","date_gmt":"2026-01-22T07:29:02","guid":{"rendered":"https:\/\/www.cnxiangfu.com\/product\/sac-fourre-tout-avec-poches-exterieures-pour-les-femmes-actives-les-enseignantes-les-infirmieres-et-les-mamans-design-aux-etats-unis\/"},"modified":"2026-02-01T15:00:52","modified_gmt":"2026-02-01T07:00:52","slug":"sac-fourre-tout-avec-poches-exterieures-pour-les-femmes-actives-les-enseignantes-les-infirmieres-et-les-mamans-design-aux-etats-unis","status":"publish","type":"product","link":"https:\/\/www.cnxiangfu.com\/fr\/produit\/sac-fourre-tout-avec-poches-exterieures-pour-les-femmes-actives-les-enseignantes-les-infirmieres-et-les-mamans-design-aux-etats-unis\/","title":{"rendered":"Sac fourre-tout avec poches ext\u00e9rieures pour les femmes actives, les enseignantes, les infirmi\u00e8res et les mamans, design aux \u00c9tats-Unis"},"content":{"rendered":"","protected":false},"excerpt":{"rendered":"","protected":false},"featured_media":28911,"comment_status":"closed","ping_status":"closed","template":"","meta":{"_acf_changed":false},"product_brand":[],"product_cat":[67,97],"product_tag":[2804,2808,2805,2806,2803,2807],"class_list":{"0":"post-28910","1":"product","2":"type-product","3":"status-publish","4":"has-post-thumbnail","6":"product_cat-non-categorise","7":"product_cat-sacs-en-toile-personnalises","8":"product_tag-sac-fourre-tout-avec-poches-exterieures","9":"product_tag-sac-fourre-tout-avec-poches-exterieures-pour-femmes-actives","10":"product_tag-sac-fourre-tout-en-toile-avec-poches-exterieures","11":"product_tag-sac-fourre-tout-pour-femmes-avec-poches-exterieures","12":"product_tag-sacs-fourre-tout-avec-poches-exterieures","13":"product_tag-sacs-fourre-tout-extra-grands-pour-enseignants","15":"first","16":"onbackorder","17":"shipping-taxable","18":"purchasable","19":"product-type-simple"},"acf":[],"_links":{"self":[{"href":"https:\/\/www.cnxiangfu.com\/fr\/wp-json\/wp\/v2\/product\/28910","targetHints":{"allow":["GET"]}}],"collection":[{"href":"https:\/\/www.cnxiangfu.com\/fr\/wp-json\/wp\/v2\/product"}],"about":[{"href":"https:\/\/www.cnxiangfu.com\/fr\/wp-json\/wp\/v2\/types\/product"}],"replies":[{"embeddable":true,"href":"https:\/\/www.cnxiangfu.com\/fr\/wp-json\/wp\/v2\/comments?post=28910"}],"version-history":[{"count":1,"href":"https:\/\/www.cnxiangfu.com\/fr\/wp-json\/wp\/v2\/product\/28910\/revisions"}],"predecessor-version":[{"id":29108,"href":"https:\/\/www.cnxiangfu.com\/fr\/wp-json\/wp\/v2\/product\/28910\/revisions\/29108"}],"wp:featuredmedia":[{"embeddable":true,"href":"https:\/\/www.cnxiangfu.com\/fr\/wp-json\/wp\/v2\/media\/28911"}],"wp:attachment":[{"href":"https:\/\/www.cnxiangfu.com\/fr\/wp-json\/wp\/v2\/media?parent=28910"}],"wp:term":[{"taxonomy":"product_brand","embeddable":true,"href":"https:\/\/www.cnxiangfu.com\/fr\/wp-json\/wp\/v2\/product_brand?post=28910"},{"taxonomy":"product_cat","embeddable":true,"href":"https:\/\/www.cnxiangfu.com\/fr\/wp-json\/wp\/v2\/product_cat?post=28910"},{"taxonomy":"product_tag","embeddable":true,"href":"https:\/\/www.cnxiangfu.com\/fr\/wp-json\/wp\/v2\/product_tag?post=28910"}],"curies":[{"name":"wp","href":"https:\/\/api.w.org\/{rel}","templated":true}]}}