{"id":28985,"date":"2026-01-22T16:04:39","date_gmt":"2026-01-22T08:04:39","guid":{"rendered":"https:\/\/www.cnxiangfu.com\/product\/soccer-2026-les-cadeaux-de-fete-de-la-coupe-du-monde-des-sacs-cadeaux-de-football-pour-garcons-incluent-des-autocollants-avec-sac-a-cordon-bracelets-ideaux-pour-les-anniversaires-de-garcons-et-les\/"},"modified":"2026-01-31T13:09:44","modified_gmt":"2026-01-31T05:09:44","slug":"soccer-2026-les-cadeaux-de-fete-de-la-coupe-du-monde-des-sacs-cadeaux-de-football-pour-garcons-incluent-des-autocollants-avec-sac-a-cordon-bracelets-ideaux-pour-les-anniversaires-de-garcons-et-les","status":"publish","type":"product","link":"https:\/\/www.cnxiangfu.com\/fr\/produit\/soccer-2026-les-cadeaux-de-fete-de-la-coupe-du-monde-des-sacs-cadeaux-de-football-pour-garcons-incluent-des-autocollants-avec-sac-a-cordon-bracelets-ideaux-pour-les-anniversaires-de-garcons-et-les\/","title":{"rendered":"Soccer 2026 Les cadeaux de f\u00eate de la Coupe du Monde, des sacs cadeaux de football pour gar\u00e7ons, incluent des autocollants avec sac \u00e0 cordon, bracelets, id\u00e9aux pour les anniversaires de gar\u00e7ons et les f\u00eates sur le th\u00e8me du football"},"content":{"rendered":"","protected":false},"excerpt":{"rendered":"","protected":false},"featured_media":28986,"comment_status":"closed","ping_status":"closed","template":"","meta":{"_acf_changed":false},"product_brand":[],"product_cat":[77,117],"product_tag":[2739,2740,2741,2737,2738,2736],"class_list":{"0":"post-28985","1":"product","2":"type-product","3":"status-publish","4":"has-post-thumbnail","6":"product_cat-sac-en-polyester","7":"product_cat-sac-en-polyester-personnalise","8":"product_tag-grands-sacs-cadeaux-de-football-pour-garcons","9":"product_tag-meilleurs-sacs-cadeaux-de-football-pour-garcons","10":"product_tag-sac-cadeau-danniversaire-pour-le-football","11":"product_tag-sacs-cadeaux-de-football","12":"product_tag-sacs-cadeaux-de-football-personnalises-pour-garcons","13":"product_tag-sacs-cadeaux-de-football-pour-garcons","15":"first","16":"onbackorder","17":"shipping-taxable","18":"purchasable","19":"product-type-simple"},"acf":[],"_links":{"self":[{"href":"https:\/\/www.cnxiangfu.com\/fr\/wp-json\/wp\/v2\/product\/28985","targetHints":{"allow":["GET"]}}],"collection":[{"href":"https:\/\/www.cnxiangfu.com\/fr\/wp-json\/wp\/v2\/product"}],"about":[{"href":"https:\/\/www.cnxiangfu.com\/fr\/wp-json\/wp\/v2\/types\/product"}],"replies":[{"embeddable":true,"href":"https:\/\/www.cnxiangfu.com\/fr\/wp-json\/wp\/v2\/comments?post=28985"}],"version-history":[{"count":1,"href":"https:\/\/www.cnxiangfu.com\/fr\/wp-json\/wp\/v2\/product\/28985\/revisions"}],"predecessor-version":[{"id":29100,"href":"https:\/\/www.cnxiangfu.com\/fr\/wp-json\/wp\/v2\/product\/28985\/revisions\/29100"}],"wp:featuredmedia":[{"embeddable":true,"href":"https:\/\/www.cnxiangfu.com\/fr\/wp-json\/wp\/v2\/media\/28986"}],"wp:attachment":[{"href":"https:\/\/www.cnxiangfu.com\/fr\/wp-json\/wp\/v2\/media?parent=28985"}],"wp:term":[{"taxonomy":"product_brand","embeddable":true,"href":"https:\/\/www.cnxiangfu.com\/fr\/wp-json\/wp\/v2\/product_brand?post=28985"},{"taxonomy":"product_cat","embeddable":true,"href":"https:\/\/www.cnxiangfu.com\/fr\/wp-json\/wp\/v2\/product_cat?post=28985"},{"taxonomy":"product_tag","embeddable":true,"href":"https:\/\/www.cnxiangfu.com\/fr\/wp-json\/wp\/v2\/product_tag?post=28985"}],"curies":[{"name":"wp","href":"https:\/\/api.w.org\/{rel}","templated":true}]}}