{"id":29166,"date":"2026-02-25T09:31:00","date_gmt":"2026-02-25T01:31:00","guid":{"rendered":"https:\/\/www.cnxiangfu.com\/product\/sac-bandouliere-transparent-officiel-de-la-coupe-du-monde-fifa-2026-sac-transparent-approuve-we-are-26-sangle-reglable-pour-les-matchs-sportifs-concerts-et\/"},"modified":"2026-04-17T16:34:49","modified_gmt":"2026-04-17T08:34:49","slug":"sac-bandouliere-transparent-officiel-de-la-coupe-du-monde-fifa-2026-sac-transparent-approuve-we-are-26-sangle-reglable-pour-les-matchs-sportifs-concerts-et","status":"publish","type":"product","link":"https:\/\/www.cnxiangfu.com\/fr\/produit\/sac-bandouliere-transparent-officiel-de-la-coupe-du-monde-fifa-2026-sac-transparent-approuve-we-are-26-sangle-reglable-pour-les-matchs-sportifs-concerts-et\/","title":{"rendered":"Sac bandouli\u00e8re transparent officiel de la Coupe du Monde FIFA 2026 \u2013 Sac transparent en PVC approuv\u00e9 par le stade avec sangle r\u00e9glable"},"content":{"rendered":"<p dir=\"auto\">Pr\u00e9parez-vous pour le jour du match avec le <strong>sac bandouli\u00e8re transparent officiel de la Coupe du Monde FIFA 2026<\/strong> \u2013 le sac transparent ultime approuv\u00e9 par le stade, con\u00e7u pour une entr\u00e9e sans faille dans tous les sites de la Coupe du Monde 2026. Ce sac bandouli\u00e8re transparent en PVC respecte la stricte politique de <strong>12&nbsp;\u00bb x 6&nbsp;\u00bb x 12&nbsp;\u00bb (30 x 15 x 30 cm)<\/strong> utilis\u00e9e par la FIFA et les grands stades am\u00e9ricains. <\/p>\n<p dir=\"auto\"><strong>Caract\u00e9ristiques cl\u00e9s<\/strong> :<\/p>\n<ul dir=\"auto\">\n<li><strong>Approuv\u00e9 par le stade<\/strong> : Le mat\u00e9riau PVC enti\u00e8rement transparent permet des contr\u00f4les de s\u00e9curit\u00e9 instantan\u00e9s \u2013 plus de refus d\u2019entr\u00e9e !<\/li>\n<li><strong>\u00ab We Are 26 \u00bb Design<\/strong> : logo premium noir\/or inspir\u00e9 de la FIFA et imprim\u00e9 \u00ab We Are 26 \u00bb pour un esprit authentique de Coupe du Monde.<\/li>\n<li><strong>Ajustable et confortable<\/strong> : Sangle d\u00e9tachable et ajustable en longueur (port\u00e9 en bandouli\u00e8re ou sur l\u2019\u00e9paule) pour un confort mains libres.<\/li>\n<li><strong>Durable et imperm\u00e9able<\/strong> : PVC \u00e9pais de haute qualit\u00e9, jointures renforc\u00e9es, contient t\u00e9l\u00e9phone, portefeuille, cl\u00e9s, cr\u00e8me solaire, snacks.<\/li>\n<li><strong>Utilisation polyvalente<\/strong> : Id\u00e9ale pour la Coupe du Monde FIFA 2026, les concerts, les matchs NFL\/MLB, les festivals, les voyages et les \u00e9v\u00e9nements quotidiens dans les stades.<\/li>\n<li><strong>Wholesale &amp; Custom<\/strong> : En tant qu\u2019usine professionnelle de personnalisation de sacs \u00e0 Zhejiang, en Chine, nous proposons des mod\u00e8les OEM\/ODM, l\u2019impression de logos, la personnalisation des couleurs\/tailles, avec un faible MOQ.<\/li>\n<\/ul>\n","protected":false},"excerpt":{"rendered":"<p>Pr\u00e9parez-vous pour le jour du match avec le sac bandouli\u00e8re transparent officiel de la Coupe du Monde FIFA 2026 \u2013 le sac transparent ultime approuv\u00e9 par le stade, con\u00e7u pour une entr\u00e9e sans faille dans tous les sites de la Coupe du Monde 2026. Ce sac bandouli\u00e8re transparent en PVC respecte la stricte politique de [&hellip;]<\/p>\n","protected":false},"featured_media":29617,"comment_status":"closed","ping_status":"closed","template":"","meta":{"_acf_changed":false},"product_brand":[],"product_cat":[67],"product_tag":[3317,3316,3313,3314,3315],"class_list":{"0":"post-29166","1":"product","2":"type-product","3":"status-publish","4":"has-post-thumbnail","6":"product_cat-non-categorise","7":"product_tag-meilleur-sac-transparent-approuve-pour-un-stade","8":"product_tag-sac-bandouliere-transparent-coupe-du-monde-2026","9":"product_tag-sac-transparent-approuve-par-le-stade","10":"product_tag-sacs-transparents-homologues-pour-les-stades-masculins","11":"product_tag-stade-approuve-par-le-stade-pour-femmes-transparentes","13":"first","14":"onbackorder","15":"shipping-taxable","16":"purchasable","17":"product-type-simple"},"acf":[],"_links":{"self":[{"href":"https:\/\/www.cnxiangfu.com\/fr\/wp-json\/wp\/v2\/product\/29166","targetHints":{"allow":["GET"]}}],"collection":[{"href":"https:\/\/www.cnxiangfu.com\/fr\/wp-json\/wp\/v2\/product"}],"about":[{"href":"https:\/\/www.cnxiangfu.com\/fr\/wp-json\/wp\/v2\/types\/product"}],"replies":[{"embeddable":true,"href":"https:\/\/www.cnxiangfu.com\/fr\/wp-json\/wp\/v2\/comments?post=29166"}],"version-history":[{"count":2,"href":"https:\/\/www.cnxiangfu.com\/fr\/wp-json\/wp\/v2\/product\/29166\/revisions"}],"predecessor-version":[{"id":29612,"href":"https:\/\/www.cnxiangfu.com\/fr\/wp-json\/wp\/v2\/product\/29166\/revisions\/29612"}],"wp:featuredmedia":[{"embeddable":true,"href":"https:\/\/www.cnxiangfu.com\/fr\/wp-json\/wp\/v2\/media\/29617"}],"wp:attachment":[{"href":"https:\/\/www.cnxiangfu.com\/fr\/wp-json\/wp\/v2\/media?parent=29166"}],"wp:term":[{"taxonomy":"product_brand","embeddable":true,"href":"https:\/\/www.cnxiangfu.com\/fr\/wp-json\/wp\/v2\/product_brand?post=29166"},{"taxonomy":"product_cat","embeddable":true,"href":"https:\/\/www.cnxiangfu.com\/fr\/wp-json\/wp\/v2\/product_cat?post=29166"},{"taxonomy":"product_tag","embeddable":true,"href":"https:\/\/www.cnxiangfu.com\/fr\/wp-json\/wp\/v2\/product_tag?post=29166"}],"curies":[{"name":"wp","href":"https:\/\/api.w.org\/{rel}","templated":true}]}}