{"id":29189,"date":"2026-02-26T13:39:16","date_gmt":"2026-02-26T05:39:16","guid":{"rendered":"https:\/\/www.cnxiangfu.com\/product\/sac-dejeuner-world-lola-boite-a-dejeuner-isolante-mignonne-pour-femmes-et-adolescentes-heart-factory\/"},"modified":"2026-04-03T17:36:55","modified_gmt":"2026-04-03T09:36:55","slug":"sac-dejeuner-world-lola-boite-a-dejeuner-isolante-mignonne-pour-femmes-et-adolescentes-heart-factory","status":"publish","type":"product","link":"https:\/\/www.cnxiangfu.com\/fr\/produit\/sac-dejeuner-world-lola-boite-a-dejeuner-isolante-mignonne-pour-femmes-et-adolescentes-heart-factory\/","title":{"rendered":"Sac tout-tout isol\u00e9 personnalis\u00e9 \u2013 Sac glaci\u00e8re en toile premium pour la vente en gros et le branding"},"content":{"rendered":"<p dir=\"auto\">Xiangfu Handicrafts est un fabricant professionnel de sacs proposant <strong>des sacs fourre-tout isol\u00e9s sur<\/strong> mesure de haute qualit\u00e9. Notre s\u00e9rie Lola propose un charmant design Heart Factory qui peut \u00eatre enti\u00e8rement personnalis\u00e9 pour correspondre \u00e0 votre marque. <\/p>\n<p dir=\"auto\">Fabriqu\u00e9 en toile solide avec une \u00e9paisse couche isolante et une doublure en aluminium r\u00e9fl\u00e9chissante, ce bac d\u00e9jeuner garde les aliments chauds ou froids pendant des heures. L\u2019int\u00e9rieur spacieux de 35\u00d740\u00d712 cm peut facilement accueillir des bo\u00eetes \u00e0 lunch standard, des boissons, des fruits et des poches de glace. <\/p>\n<p dir=\"auto\"><strong>Caract\u00e9ristiques cl\u00e9s pour les commandes personnalis\u00e9es :<\/strong><\/p>\n<ul dir=\"auto\">\n<li><strong>Mat\u00e9riau<\/strong> : ext\u00e9rieur en toile haute densit\u00e9 + doublure isolante \u00e9tanche<\/li>\n<li><strong>Performance de l\u2019isolation<\/strong> : une couche thermique avanc\u00e9e maintient efficacement la temp\u00e9rature<\/li>\n<li><strong>Design pratique<\/strong> : poche avant zipp\u00e9e pour ustensiles\/t\u00e9l\u00e9phone, porte-bouteille d\u2019eau lat\u00e9ral, poign\u00e9es renforc\u00e9es<\/li>\n<li><strong>Options de personnalisation<\/strong> : Impression de logo en couleur, motifs personnalis\u00e9s (y compris Heart Factory), broderie, ajustements de taille\/couleur\/mat\u00e9riau, marque propre<\/li>\n<li><strong>MOQ<\/strong> : Flexible \u2013 parfait pour les commandes promotionnelles en petites quantit\u00e9s ou les gros gros<\/li>\n<\/ul>\n<p dir=\"auto\">Id\u00e9al pour les cadeaux d\u2019entreprise, les uniformes scolaires, les campagnes promotionnelles, les marques de d\u00e9tail ou les entreprises de livraison de nourriture. Que vous ayez besoin de jolis sacs \u00e0 lunch pour femmes, de sacs \u00e0 lunch de travail durables ou de sacs de r\u00e9frig\u00e9rance de marque, nous assurons une production de qualit\u00e9 constante et ponctuelle depuis notre usine du Zhejiang. <\/p>\n<p dir=\"auto\"><strong>Pourquoi nous choisir comme partenaire OEM ?<\/strong><\/p>\n<ul dir=\"auto\">\n<li>15+ ans d\u2019exp\u00e9rience dans la fabrication de sacs en toile<\/li>\n<li>Contr\u00f4le qualit\u00e9 strict et mat\u00e9riaux \u00e9cologiques disponibles<\/li>\n<li>\u00c9chantillonnage rapide + prix comp\u00e9titif en usine direct<\/li>\n<li>Solution tout-en-un, de la conception \u00e0 l\u2019exp\u00e9dition en vrac<\/li>\n<\/ul>\n<p dir=\"auto\">Pr\u00eat \u00e0 cr\u00e9er votre propre bac isolant sur mesure ? Contactez-nous d\u00e8s aujourd\u2019hui pour un devis ! <\/p>\n","protected":false},"excerpt":{"rendered":"<p>Xiangfu Handicrafts est un fabricant professionnel de sacs proposant des sacs fourre-tout isol\u00e9s sur mesure de haute qualit\u00e9. Notre s\u00e9rie Lola propose un charmant design Heart Factory qui peut \u00eatre enti\u00e8rement personnalis\u00e9 pour correspondre \u00e0 votre marque. Fabriqu\u00e9 en toile solide avec une \u00e9paisse couche isolante et une doublure en aluminium r\u00e9fl\u00e9chissante, ce bac d\u00e9jeuner [&hellip;]<\/p>\n","protected":false},"featured_media":29502,"comment_status":"closed","ping_status":"closed","template":"","meta":{"_acf_changed":false},"product_brand":[],"product_cat":[16],"product_tag":[3280,3281,3282,3278,3279],"class_list":{"0":"post-29189","1":"product","2":"type-product","3":"status-publish","4":"has-post-thumbnail","6":"product_cat-canvas-bag","7":"product_tag-best-lunch-tote-bag-for-women","8":"product_tag-lunch-tote-bag-for-women-sale","9":"product_tag-world-lola-lunch-tote-bag","10":"product_tag-lola-insulated-lunch-tote-bag","11":"product_tag-lola-insulated-lunch-tote-bag-sale","13":"first","14":"onbackorder","15":"shipping-taxable","16":"product-type-simple"},"acf":[],"_links":{"self":[{"href":"https:\/\/www.cnxiangfu.com\/fr\/wp-json\/wp\/v2\/product\/29189","targetHints":{"allow":["GET"]}}],"collection":[{"href":"https:\/\/www.cnxiangfu.com\/fr\/wp-json\/wp\/v2\/product"}],"about":[{"href":"https:\/\/www.cnxiangfu.com\/fr\/wp-json\/wp\/v2\/types\/product"}],"replies":[{"embeddable":true,"href":"https:\/\/www.cnxiangfu.com\/fr\/wp-json\/wp\/v2\/comments?post=29189"}],"version-history":[{"count":4,"href":"https:\/\/www.cnxiangfu.com\/fr\/wp-json\/wp\/v2\/product\/29189\/revisions"}],"predecessor-version":[{"id":29496,"href":"https:\/\/www.cnxiangfu.com\/fr\/wp-json\/wp\/v2\/product\/29189\/revisions\/29496"}],"wp:featuredmedia":[{"embeddable":true,"href":"https:\/\/www.cnxiangfu.com\/fr\/wp-json\/wp\/v2\/media\/29502"}],"wp:attachment":[{"href":"https:\/\/www.cnxiangfu.com\/fr\/wp-json\/wp\/v2\/media?parent=29189"}],"wp:term":[{"taxonomy":"product_brand","embeddable":true,"href":"https:\/\/www.cnxiangfu.com\/fr\/wp-json\/wp\/v2\/product_brand?post=29189"},{"taxonomy":"product_cat","embeddable":true,"href":"https:\/\/www.cnxiangfu.com\/fr\/wp-json\/wp\/v2\/product_cat?post=29189"},{"taxonomy":"product_tag","embeddable":true,"href":"https:\/\/www.cnxiangfu.com\/fr\/wp-json\/wp\/v2\/product_tag?post=29189"}],"curies":[{"name":"wp","href":"https:\/\/api.w.org\/{rel}","templated":true}]}}