{"id":2984,"date":"2025-11-06T16:22:51","date_gmt":"2025-11-06T08:22:51","guid":{"rendered":"https:\/\/www.cnxiangfu.com\/?post_type=product&#038;p=2984"},"modified":"2025-11-06T16:32:41","modified_gmt":"2025-11-06T08:32:41","slug":"sac-en-toile-%e5%a4%8d%e5%88%b6-5","status":"publish","type":"product","link":"https:\/\/www.cnxiangfu.com\/fr\/produit\/sac-en-toile-%e5%a4%8d%e5%88%b6-5\/","title":{"rendered":"Sac fourre-tout fraise, sac fourre-tout mignon en velours c\u00f4tel\u00e9 pour les femmes filles, sacs r\u00e9utilisables en velours c\u00f4tel\u00e9 avec fermeture \u00e9clair et poche lat\u00e9rale"},"content":{"rendered":"\t\t<div data-elementor-type=\"product-post\" data-elementor-id=\"2984\" class=\"elementor elementor-2984 elementor-2982\" data-elementor-post-type=\"product\">\n\t\t\t\t<div class=\"elementor-element elementor-element-31f5d34 e-flex e-con-boxed e-con e-parent\" data-id=\"31f5d34\" data-element_type=\"container\" data-e-type=\"container\">\n\t\t\t\t\t<div class=\"e-con-inner\">\n\t\t\t\t<div class=\"elementor-element elementor-element-8de0144 elementor-widget elementor-widget-image\" data-id=\"8de0144\" data-element_type=\"widget\" data-e-type=\"widget\" data-widget_type=\"image.default\">\n\t\t\t\t\t\t\t\t\t\t\t\t\t\t\t<img fetchpriority=\"high\" decoding=\"async\" width=\"1148\" height=\"1165\" src=\"https:\/\/www.cnxiangfu.com\/wp-content\/uploads\/2025\/11\/A1-2.jpg\" class=\"attachment-full size-full wp-image-3018\" alt=\"\" srcset=\"https:\/\/www.cnxiangfu.com\/wp-content\/uploads\/2025\/11\/A1-2.jpg 1148w, https:\/\/www.cnxiangfu.com\/wp-content\/uploads\/2025\/11\/A1-2-296x300.jpg 296w, https:\/\/www.cnxiangfu.com\/wp-content\/uploads\/2025\/11\/A1-2-1009x1024.jpg 1009w, https:\/\/www.cnxiangfu.com\/wp-content\/uploads\/2025\/11\/A1-2-768x779.jpg 768w, https:\/\/www.cnxiangfu.com\/wp-content\/uploads\/2025\/11\/A1-2-600x609.jpg 600w, https:\/\/www.cnxiangfu.com\/wp-content\/uploads\/2025\/11\/A1-2-100x100.jpg 100w\" sizes=\"(max-width: 1148px) 100vw, 1148px\" title=\"\">\t\t\t\t\t\t\t\t\t\t\t\t\t\t\t<\/div>\n\t\t\t\t<div class=\"elementor-element elementor-element-c0ce038 elementor-widget elementor-widget-image\" data-id=\"c0ce038\" data-element_type=\"widget\" data-e-type=\"widget\" data-widget_type=\"image.default\">\n\t\t\t\t\t\t\t\t\t\t\t\t\t\t\t<img decoding=\"async\" width=\"1165\" height=\"1167\" src=\"https:\/\/www.cnxiangfu.com\/wp-content\/uploads\/2025\/11\/A2-2.jpg\" class=\"attachment-full size-full wp-image-3019\" alt=\"\" srcset=\"https:\/\/www.cnxiangfu.com\/wp-content\/uploads\/2025\/11\/A2-2.jpg 1165w, https:\/\/www.cnxiangfu.com\/wp-content\/uploads\/2025\/11\/A2-2-300x300.jpg 300w, https:\/\/www.cnxiangfu.com\/wp-content\/uploads\/2025\/11\/A2-2-1022x1024.jpg 1022w, https:\/\/www.cnxiangfu.com\/wp-content\/uploads\/2025\/11\/A2-2-150x150.jpg 150w, https:\/\/www.cnxiangfu.com\/wp-content\/uploads\/2025\/11\/A2-2-768x769.jpg 768w, https:\/\/www.cnxiangfu.com\/wp-content\/uploads\/2025\/11\/A2-2-650x650.jpg 650w, https:\/\/www.cnxiangfu.com\/wp-content\/uploads\/2025\/11\/A2-2-600x601.jpg 600w, https:\/\/www.cnxiangfu.com\/wp-content\/uploads\/2025\/11\/A2-2-100x100.jpg 100w\" sizes=\"(max-width: 1165px) 100vw, 1165px\" title=\"\">\t\t\t\t\t\t\t\t\t\t\t\t\t\t\t<\/div>\n\t\t\t\t<div class=\"elementor-element elementor-element-94d938f elementor-widget elementor-widget-image\" data-id=\"94d938f\" data-element_type=\"widget\" data-e-type=\"widget\" data-widget_type=\"image.default\">\n\t\t\t\t\t\t\t\t\t\t\t\t\t\t\t<img decoding=\"async\" width=\"1500\" height=\"1116\" src=\"https:\/\/www.cnxiangfu.com\/wp-content\/uploads\/2025\/11\/A3-2.jpg\" class=\"attachment-full size-full wp-image-3020\" alt=\"\" srcset=\"https:\/\/www.cnxiangfu.com\/wp-content\/uploads\/2025\/11\/A3-2.jpg 1500w, https:\/\/www.cnxiangfu.com\/wp-content\/uploads\/2025\/11\/A3-2-300x223.jpg 300w, https:\/\/www.cnxiangfu.com\/wp-content\/uploads\/2025\/11\/A3-2-1024x762.jpg 1024w, https:\/\/www.cnxiangfu.com\/wp-content\/uploads\/2025\/11\/A3-2-768x571.jpg 768w, https:\/\/www.cnxiangfu.com\/wp-content\/uploads\/2025\/11\/A3-2-600x446.jpg 600w\" sizes=\"(max-width: 1500px) 100vw, 1500px\" title=\"\">\t\t\t\t\t\t\t\t\t\t\t\t\t\t\t<\/div>\n\t\t\t\t<div class=\"elementor-element elementor-element-ca76c3a elementor-widget elementor-widget-image\" data-id=\"ca76c3a\" data-element_type=\"widget\" data-e-type=\"widget\" data-widget_type=\"image.default\">\n\t\t\t\t\t\t\t\t\t\t\t\t\t\t\t<img loading=\"lazy\" decoding=\"async\" width=\"616\" height=\"804\" src=\"https:\/\/www.cnxiangfu.com\/wp-content\/uploads\/2025\/11\/A4-1.jpg\" class=\"attachment-full size-full wp-image-3022\" alt=\"\" srcset=\"https:\/\/www.cnxiangfu.com\/wp-content\/uploads\/2025\/11\/A4-1.jpg 616w, https:\/\/www.cnxiangfu.com\/wp-content\/uploads\/2025\/11\/A4-1-230x300.jpg 230w, https:\/\/www.cnxiangfu.com\/wp-content\/uploads\/2025\/11\/A4-1-600x783.jpg 600w\" sizes=\"(max-width: 616px) 100vw, 616px\" title=\"\">\t\t\t\t\t\t\t\t\t\t\t\t\t\t\t<\/div>\n\t\t\t\t<div class=\"elementor-element elementor-element-c55fcd3 elementor-widget elementor-widget-image\" data-id=\"c55fcd3\" data-element_type=\"widget\" data-e-type=\"widget\" data-widget_type=\"image.default\">\n\t\t\t\t\t\t\t\t\t\t\t\t\t\t\t<img loading=\"lazy\" decoding=\"async\" width=\"1148\" height=\"1162\" src=\"https:\/\/www.cnxiangfu.com\/wp-content\/uploads\/2025\/11\/A5-1.jpg\" class=\"attachment-full size-full wp-image-3023\" alt=\"\" srcset=\"https:\/\/www.cnxiangfu.com\/wp-content\/uploads\/2025\/11\/A5-1.jpg 1148w, https:\/\/www.cnxiangfu.com\/wp-content\/uploads\/2025\/11\/A5-1-296x300.jpg 296w, https:\/\/www.cnxiangfu.com\/wp-content\/uploads\/2025\/11\/A5-1-1012x1024.jpg 1012w, https:\/\/www.cnxiangfu.com\/wp-content\/uploads\/2025\/11\/A5-1-768x777.jpg 768w, https:\/\/www.cnxiangfu.com\/wp-content\/uploads\/2025\/11\/A5-1-600x607.jpg 600w, https:\/\/www.cnxiangfu.com\/wp-content\/uploads\/2025\/11\/A5-1-100x100.jpg 100w\" sizes=\"(max-width: 1148px) 100vw, 1148px\" title=\"\">\t\t\t\t\t\t\t\t\t\t\t\t\t\t\t<\/div>\n\t\t\t\t<div class=\"elementor-element elementor-element-bdf7d3c elementor-widget elementor-widget-image\" data-id=\"bdf7d3c\" data-element_type=\"widget\" data-e-type=\"widget\" data-widget_type=\"image.default\">\n\t\t\t\t\t\t\t\t\t\t\t\t\t\t\t<img loading=\"lazy\" decoding=\"async\" width=\"1500\" height=\"1115\" src=\"https:\/\/www.cnxiangfu.com\/wp-content\/uploads\/2025\/11\/A6-1.jpg\" class=\"attachment-full size-full wp-image-3024\" alt=\"\" srcset=\"https:\/\/www.cnxiangfu.com\/wp-content\/uploads\/2025\/11\/A6-1.jpg 1500w, https:\/\/www.cnxiangfu.com\/wp-content\/uploads\/2025\/11\/A6-1-300x223.jpg 300w, https:\/\/www.cnxiangfu.com\/wp-content\/uploads\/2025\/11\/A6-1-1024x761.jpg 1024w, https:\/\/www.cnxiangfu.com\/wp-content\/uploads\/2025\/11\/A6-1-768x571.jpg 768w, https:\/\/www.cnxiangfu.com\/wp-content\/uploads\/2025\/11\/A6-1-600x446.jpg 600w\" sizes=\"(max-width: 1500px) 100vw, 1500px\" title=\"\">\t\t\t\t\t\t\t\t\t\t\t\t\t\t\t<\/div>\n\t\t\t\t<div class=\"elementor-element elementor-element-b5a4ffd elementor-widget elementor-widget-image\" data-id=\"b5a4ffd\" data-element_type=\"widget\" data-e-type=\"widget\" data-widget_type=\"image.default\">\n\t\t\t\t\t\t\t\t\t\t\t\t\t\t\t<img loading=\"lazy\" decoding=\"async\" width=\"1500\" height=\"1116\" src=\"https:\/\/www.cnxiangfu.com\/wp-content\/uploads\/2025\/11\/A8.jpg\" class=\"attachment-full size-full wp-image-3026\" alt=\"\" srcset=\"https:\/\/www.cnxiangfu.com\/wp-content\/uploads\/2025\/11\/A8.jpg 1500w, https:\/\/www.cnxiangfu.com\/wp-content\/uploads\/2025\/11\/A8-300x223.jpg 300w, https:\/\/www.cnxiangfu.com\/wp-content\/uploads\/2025\/11\/A8-1024x762.jpg 1024w, https:\/\/www.cnxiangfu.com\/wp-content\/uploads\/2025\/11\/A8-768x571.jpg 768w, https:\/\/www.cnxiangfu.com\/wp-content\/uploads\/2025\/11\/A8-600x446.jpg 600w\" sizes=\"(max-width: 1500px) 100vw, 1500px\" title=\"\">\t\t\t\t\t\t\t\t\t\t\t\t\t\t\t<\/div>\n\t\t\t\t\t<\/div>\n\t\t\t\t<\/div>\n\t\t\t\t<\/div>\n\t\t","protected":false},"excerpt":{"rendered":"<p>Nom du produit&nbsp;: Sac<\/p>\n<p>en toile Taille du produit&nbsp;: Largeur 32cm x Hauteur 30cm x Largeur inf\u00e9rieure 19cm (unit\u00e9&nbsp;: centim\u00e8tres)<\/p>\n<p> Tissu du sac&nbsp;: Toile<\/p>\n<p>Poign\u00e9e&nbsp;: Sangle en coton \u00e9pais, avec une forte capacit\u00e9<\/p>\n<p>de charge Utilisation&nbsp;: Voyage, Shopping, Utilisation quotidienne<\/p>\n","protected":false},"featured_media":3001,"comment_status":"open","ping_status":"closed","template":"","meta":{"_acf_changed":false},"product_brand":[],"product_cat":[67],"product_tag":[],"class_list":{"0":"post-2984","1":"product","2":"type-product","3":"status-publish","4":"has-post-thumbnail","6":"product_cat-non-categorise","8":"first","9":"instock","10":"shipping-taxable","11":"product-type-simple"},"acf":[],"_links":{"self":[{"href":"https:\/\/www.cnxiangfu.com\/fr\/wp-json\/wp\/v2\/product\/2984","targetHints":{"allow":["GET"]}}],"collection":[{"href":"https:\/\/www.cnxiangfu.com\/fr\/wp-json\/wp\/v2\/product"}],"about":[{"href":"https:\/\/www.cnxiangfu.com\/fr\/wp-json\/wp\/v2\/types\/product"}],"replies":[{"embeddable":true,"href":"https:\/\/www.cnxiangfu.com\/fr\/wp-json\/wp\/v2\/comments?post=2984"}],"version-history":[{"count":5,"href":"https:\/\/www.cnxiangfu.com\/fr\/wp-json\/wp\/v2\/product\/2984\/revisions"}],"predecessor-version":[{"id":3064,"href":"https:\/\/www.cnxiangfu.com\/fr\/wp-json\/wp\/v2\/product\/2984\/revisions\/3064"}],"wp:featuredmedia":[{"embeddable":true,"href":"https:\/\/www.cnxiangfu.com\/fr\/wp-json\/wp\/v2\/media\/3001"}],"wp:attachment":[{"href":"https:\/\/www.cnxiangfu.com\/fr\/wp-json\/wp\/v2\/media?parent=2984"}],"wp:term":[{"taxonomy":"product_brand","embeddable":true,"href":"https:\/\/www.cnxiangfu.com\/fr\/wp-json\/wp\/v2\/product_brand?post=2984"},{"taxonomy":"product_cat","embeddable":true,"href":"https:\/\/www.cnxiangfu.com\/fr\/wp-json\/wp\/v2\/product_cat?post=2984"},{"taxonomy":"product_tag","embeddable":true,"href":"https:\/\/www.cnxiangfu.com\/fr\/wp-json\/wp\/v2\/product_tag?post=2984"}],"curies":[{"name":"wp","href":"https:\/\/api.w.org\/{rel}","templated":true}]}}