{"id":3068,"date":"2025-11-06T16:54:32","date_gmt":"2025-11-06T08:54:32","guid":{"rendered":"https:\/\/www.cnxiangfu.com\/?post_type=product&#038;p=3068"},"modified":"2025-11-06T17:07:06","modified_gmt":"2025-11-06T09:07:06","slug":"sac-en-toile-%e5%a4%8d%e5%88%b6-6","status":"publish","type":"product","link":"https:\/\/www.cnxiangfu.com\/fr\/produit\/sac-en-toile-%e5%a4%8d%e5%88%b6-6\/","title":{"rendered":"Sac de voyage en plein air personnalis\u00e9,sac de plage double face en"},"content":{"rendered":"\t\t<div data-elementor-type=\"product-post\" data-elementor-id=\"3068\" class=\"elementor elementor-3068 elementor-3066\" data-elementor-post-type=\"product\">\n\t\t\t\t<div class=\"elementor-element elementor-element-31f5d34 e-flex e-con-boxed e-con e-parent\" data-id=\"31f5d34\" data-element_type=\"container\" data-e-type=\"container\">\n\t\t\t\t\t<div class=\"e-con-inner\">\n\t\t\t\t<div class=\"elementor-element elementor-element-8de0144 elementor-widget elementor-widget-image\" data-id=\"8de0144\" data-element_type=\"widget\" data-e-type=\"widget\" data-widget_type=\"image.default\">\n\t\t\t\t\t\t\t\t\t\t\t\t\t\t\t<img fetchpriority=\"high\" decoding=\"async\" width=\"1500\" height=\"1500\" src=\"https:\/\/www.cnxiangfu.com\/wp-content\/uploads\/2025\/11\/A7-2.jpg\" class=\"attachment-full size-full wp-image-3093\" alt=\"\" srcset=\"https:\/\/www.cnxiangfu.com\/wp-content\/uploads\/2025\/11\/A7-2.jpg 1500w, https:\/\/www.cnxiangfu.com\/wp-content\/uploads\/2025\/11\/A7-2-300x300.jpg 300w, https:\/\/www.cnxiangfu.com\/wp-content\/uploads\/2025\/11\/A7-2-1024x1024.jpg 1024w, https:\/\/www.cnxiangfu.com\/wp-content\/uploads\/2025\/11\/A7-2-150x150.jpg 150w, https:\/\/www.cnxiangfu.com\/wp-content\/uploads\/2025\/11\/A7-2-768x768.jpg 768w, https:\/\/www.cnxiangfu.com\/wp-content\/uploads\/2025\/11\/A7-2-650x650.jpg 650w, https:\/\/www.cnxiangfu.com\/wp-content\/uploads\/2025\/11\/A7-2-1300x1300.jpg 1300w, https:\/\/www.cnxiangfu.com\/wp-content\/uploads\/2025\/11\/A7-2-600x600.jpg 600w, https:\/\/www.cnxiangfu.com\/wp-content\/uploads\/2025\/11\/A7-2-100x100.jpg 100w\" sizes=\"(max-width: 1500px) 100vw, 1500px\" title=\"\">\t\t\t\t\t\t\t\t\t\t\t\t\t\t\t<\/div>\n\t\t\t\t<div class=\"elementor-element elementor-element-c0ce038 elementor-widget elementor-widget-image\" data-id=\"c0ce038\" data-element_type=\"widget\" data-e-type=\"widget\" data-widget_type=\"image.default\">\n\t\t\t\t\t\t\t\t\t\t\t\t\t\t\t<img decoding=\"async\" width=\"1262\" height=\"1500\" src=\"https:\/\/www.cnxiangfu.com\/wp-content\/uploads\/2025\/11\/A6.png\" class=\"attachment-full size-full wp-image-3092\" alt=\"\" srcset=\"https:\/\/www.cnxiangfu.com\/wp-content\/uploads\/2025\/11\/A6.png 1262w, https:\/\/www.cnxiangfu.com\/wp-content\/uploads\/2025\/11\/A6-252x300.png 252w, https:\/\/www.cnxiangfu.com\/wp-content\/uploads\/2025\/11\/A6-862x1024.png 862w, https:\/\/www.cnxiangfu.com\/wp-content\/uploads\/2025\/11\/A6-768x913.png 768w, https:\/\/www.cnxiangfu.com\/wp-content\/uploads\/2025\/11\/A6-600x713.png 600w\" sizes=\"(max-width: 1262px) 100vw, 1262px\" title=\"\">\t\t\t\t\t\t\t\t\t\t\t\t\t\t\t<\/div>\n\t\t\t\t<div class=\"elementor-element elementor-element-94d938f elementor-widget elementor-widget-image\" data-id=\"94d938f\" data-element_type=\"widget\" data-e-type=\"widget\" data-widget_type=\"image.default\">\n\t\t\t\t\t\t\t\t\t\t\t\t\t\t\t<img decoding=\"async\" width=\"1500\" height=\"1499\" src=\"https:\/\/www.cnxiangfu.com\/wp-content\/uploads\/2025\/11\/A8.png\" class=\"attachment-full size-full wp-image-3094\" alt=\"Sacs tiss\u00e9s sur mesure\" srcset=\"https:\/\/www.cnxiangfu.com\/wp-content\/uploads\/2025\/11\/A8.png 1500w, https:\/\/www.cnxiangfu.com\/wp-content\/uploads\/2025\/11\/A8-300x300.png 300w, https:\/\/www.cnxiangfu.com\/wp-content\/uploads\/2025\/11\/A8-1024x1024.png 1024w, https:\/\/www.cnxiangfu.com\/wp-content\/uploads\/2025\/11\/A8-150x150.png 150w, https:\/\/www.cnxiangfu.com\/wp-content\/uploads\/2025\/11\/A8-768x767.png 768w, https:\/\/www.cnxiangfu.com\/wp-content\/uploads\/2025\/11\/A8-650x650.png 650w, https:\/\/www.cnxiangfu.com\/wp-content\/uploads\/2025\/11\/A8-1300x1300.png 1300w, https:\/\/www.cnxiangfu.com\/wp-content\/uploads\/2025\/11\/A8-600x600.png 600w, https:\/\/www.cnxiangfu.com\/wp-content\/uploads\/2025\/11\/A8-100x100.png 100w\" sizes=\"(max-width: 1500px) 100vw, 1500px\" title=\"\">\t\t\t\t\t\t\t\t\t\t\t\t\t\t\t<\/div>\n\t\t\t\t<div class=\"elementor-element elementor-element-ca76c3a elementor-widget elementor-widget-image\" data-id=\"ca76c3a\" data-element_type=\"widget\" data-e-type=\"widget\" data-widget_type=\"image.default\">\n\t\t\t\t\t\t\t\t\t\t\t\t\t\t\t<img loading=\"lazy\" decoding=\"async\" width=\"1423\" height=\"1417\" src=\"https:\/\/www.cnxiangfu.com\/wp-content\/uploads\/2025\/11\/A9.png\" class=\"attachment-full size-full wp-image-3095\" alt=\"custom woven bags\" srcset=\"https:\/\/www.cnxiangfu.com\/wp-content\/uploads\/2025\/11\/A9.png 1423w, https:\/\/www.cnxiangfu.com\/wp-content\/uploads\/2025\/11\/A9-300x300.png 300w, https:\/\/www.cnxiangfu.com\/wp-content\/uploads\/2025\/11\/A9-1024x1020.png 1024w, https:\/\/www.cnxiangfu.com\/wp-content\/uploads\/2025\/11\/A9-150x150.png 150w, https:\/\/www.cnxiangfu.com\/wp-content\/uploads\/2025\/11\/A9-768x765.png 768w, https:\/\/www.cnxiangfu.com\/wp-content\/uploads\/2025\/11\/A9-600x597.png 600w, https:\/\/www.cnxiangfu.com\/wp-content\/uploads\/2025\/11\/A9-100x100.png 100w\" sizes=\"(max-width: 1423px) 100vw, 1423px\" title=\"\">\t\t\t\t\t\t\t\t\t\t\t\t\t\t\t<\/div>\n\t\t\t\t<div class=\"elementor-element elementor-element-c55fcd3 elementor-widget elementor-widget-image\" data-id=\"c55fcd3\" data-element_type=\"widget\" data-e-type=\"widget\" data-widget_type=\"image.default\">\n\t\t\t\t\t\t\t\t\t\t\t\t\t\t\t<img loading=\"lazy\" decoding=\"async\" width=\"1414\" height=\"1437\" src=\"https:\/\/www.cnxiangfu.com\/wp-content\/uploads\/2025\/11\/A10.png\" class=\"attachment-full size-full wp-image-3096\" alt=\"\" srcset=\"https:\/\/www.cnxiangfu.com\/wp-content\/uploads\/2025\/11\/A10.png 1414w, https:\/\/www.cnxiangfu.com\/wp-content\/uploads\/2025\/11\/A10-295x300.png 295w, https:\/\/www.cnxiangfu.com\/wp-content\/uploads\/2025\/11\/A10-1008x1024.png 1008w, https:\/\/www.cnxiangfu.com\/wp-content\/uploads\/2025\/11\/A10-768x780.png 768w, https:\/\/www.cnxiangfu.com\/wp-content\/uploads\/2025\/11\/A10-600x610.png 600w\" sizes=\"(max-width: 1414px) 100vw, 1414px\" title=\"\">\t\t\t\t\t\t\t\t\t\t\t\t\t\t\t<\/div>\n\t\t\t\t<div class=\"elementor-element elementor-element-bdf7d3c elementor-widget elementor-widget-image\" data-id=\"bdf7d3c\" data-element_type=\"widget\" data-e-type=\"widget\" data-widget_type=\"image.default\">\n\t\t\t\t\t\t\t\t\t\t\t\t\t\t\t<img loading=\"lazy\" decoding=\"async\" width=\"1428\" height=\"1437\" src=\"https:\/\/www.cnxiangfu.com\/wp-content\/uploads\/2025\/11\/A11.png\" class=\"attachment-full size-full wp-image-3097\" alt=\"\" srcset=\"https:\/\/www.cnxiangfu.com\/wp-content\/uploads\/2025\/11\/A11.png 1428w, https:\/\/www.cnxiangfu.com\/wp-content\/uploads\/2025\/11\/A11-298x300.png 298w, https:\/\/www.cnxiangfu.com\/wp-content\/uploads\/2025\/11\/A11-1018x1024.png 1018w, https:\/\/www.cnxiangfu.com\/wp-content\/uploads\/2025\/11\/A11-150x150.png 150w, https:\/\/www.cnxiangfu.com\/wp-content\/uploads\/2025\/11\/A11-768x773.png 768w, https:\/\/www.cnxiangfu.com\/wp-content\/uploads\/2025\/11\/A11-600x604.png 600w, https:\/\/www.cnxiangfu.com\/wp-content\/uploads\/2025\/11\/A11-100x100.png 100w\" sizes=\"(max-width: 1428px) 100vw, 1428px\" title=\"\">\t\t\t\t\t\t\t\t\t\t\t\t\t\t\t<\/div>\n\t\t\t\t\t<\/div>\n\t\t\t\t<\/div>\n\t\t\t\t<\/div>\n\t\t","protected":false},"excerpt":{"rendered":"<p>Nom du produit&nbsp;: Sac<\/p>\n<p>tiss\u00e9 Taille du produit&nbsp;: Largeur 54cm x Hauteur 43cm x Largeur lat\u00e9rale 28cm (unit\u00e9&nbsp;: centim\u00e8tres)<\/p>\n<p>Tissu du sac&nbsp;: Tiss\u00e9<\/p>\n<p>Poign\u00e9e&nbsp;: Sangle en coton \u00e9pais, avec une forte capacit\u00e9<\/p>\n<p>de charge Utilisation&nbsp;: Voyage, Shopping, Utilisation quotidienne<\/p>\n","protected":false},"featured_media":3085,"comment_status":"open","ping_status":"closed","template":"","meta":{"_acf_changed":false},"product_brand":[],"product_cat":[101],"product_tag":[],"class_list":{"0":"post-3068","1":"product","2":"type-product","3":"status-publish","4":"has-post-thumbnail","6":"product_cat-sac-tisse-personnalise","8":"first","9":"instock","10":"shipping-taxable","11":"product-type-simple"},"acf":[],"_links":{"self":[{"href":"https:\/\/www.cnxiangfu.com\/fr\/wp-json\/wp\/v2\/product\/3068","targetHints":{"allow":["GET"]}}],"collection":[{"href":"https:\/\/www.cnxiangfu.com\/fr\/wp-json\/wp\/v2\/product"}],"about":[{"href":"https:\/\/www.cnxiangfu.com\/fr\/wp-json\/wp\/v2\/types\/product"}],"replies":[{"embeddable":true,"href":"https:\/\/www.cnxiangfu.com\/fr\/wp-json\/wp\/v2\/comments?post=3068"}],"version-history":[{"count":4,"href":"https:\/\/www.cnxiangfu.com\/fr\/wp-json\/wp\/v2\/product\/3068\/revisions"}],"predecessor-version":[{"id":3131,"href":"https:\/\/www.cnxiangfu.com\/fr\/wp-json\/wp\/v2\/product\/3068\/revisions\/3131"}],"wp:featuredmedia":[{"embeddable":true,"href":"https:\/\/www.cnxiangfu.com\/fr\/wp-json\/wp\/v2\/media\/3085"}],"wp:attachment":[{"href":"https:\/\/www.cnxiangfu.com\/fr\/wp-json\/wp\/v2\/media?parent=3068"}],"wp:term":[{"taxonomy":"product_brand","embeddable":true,"href":"https:\/\/www.cnxiangfu.com\/fr\/wp-json\/wp\/v2\/product_brand?post=3068"},{"taxonomy":"product_cat","embeddable":true,"href":"https:\/\/www.cnxiangfu.com\/fr\/wp-json\/wp\/v2\/product_cat?post=3068"},{"taxonomy":"product_tag","embeddable":true,"href":"https:\/\/www.cnxiangfu.com\/fr\/wp-json\/wp\/v2\/product_tag?post=3068"}],"curies":[{"name":"wp","href":"https:\/\/api.w.org\/{rel}","templated":true}]}}