{"id":3135,"date":"2025-11-06T17:39:28","date_gmt":"2025-11-06T09:39:28","guid":{"rendered":"https:\/\/www.cnxiangfu.com\/?post_type=product&#038;p=3135"},"modified":"2025-11-08T13:01:07","modified_gmt":"2025-11-08T05:01:07","slug":"sac-fourre-tout-fraise-sac-fourre-tout-mignon-en-velours-cotele-pour-les-femmes-filles-sacs-reutilisables-en-velours-cotele-avec-fermeture-eclair-et-poche-laterale-%e5%a4%8d%e5%88%b6","status":"publish","type":"product","link":"https:\/\/www.cnxiangfu.com\/fr\/produit\/sac-fourre-tout-fraise-sac-fourre-tout-mignon-en-velours-cotele-pour-les-femmes-filles-sacs-reutilisables-en-velours-cotele-avec-fermeture-eclair-et-poche-laterale-%e5%a4%8d%e5%88%b6\/","title":{"rendered":"Sac de plage pour femmes, sac fourre-tout de plage en paille avec poign\u00e9e de pompon de poche doublure imperm\u00e9able, pour cadeau de piscine de vacances d\u2019\u00e9t\u00e9"},"content":{"rendered":"\t\t<div data-elementor-type=\"product-post\" data-elementor-id=\"3135\" class=\"elementor elementor-3135 elementor-3133\" data-elementor-post-type=\"product\">\n\t\t\t\t<div class=\"elementor-element elementor-element-31f5d34 e-flex e-con-boxed e-con e-parent\" data-id=\"31f5d34\" data-element_type=\"container\" data-e-type=\"container\">\n\t\t\t\t\t<div class=\"e-con-inner\">\n\t\t\t\t<div class=\"elementor-element elementor-element-8de0144 elementor-widget elementor-widget-image\" data-id=\"8de0144\" data-element_type=\"widget\" data-e-type=\"widget\" data-widget_type=\"image.default\">\n\t\t\t\t\t\t\t\t\t\t\t\t\t\t\t<img fetchpriority=\"high\" decoding=\"async\" width=\"569\" height=\"569\" src=\"https:\/\/www.cnxiangfu.com\/wp-content\/uploads\/2025\/11\/31.jpg\" class=\"attachment-full size-full wp-image-3192\" alt=\"\" srcset=\"https:\/\/www.cnxiangfu.com\/wp-content\/uploads\/2025\/11\/31.jpg 569w, https:\/\/www.cnxiangfu.com\/wp-content\/uploads\/2025\/11\/31-300x300.jpg 300w, https:\/\/www.cnxiangfu.com\/wp-content\/uploads\/2025\/11\/31-150x150.jpg 150w, https:\/\/www.cnxiangfu.com\/wp-content\/uploads\/2025\/11\/31-100x100.jpg 100w\" sizes=\"(max-width: 569px) 100vw, 569px\" title=\"\">\t\t\t\t\t\t\t\t\t\t\t\t\t\t\t<\/div>\n\t\t\t\t<div class=\"elementor-element elementor-element-c0ce038 elementor-widget elementor-widget-image\" data-id=\"c0ce038\" data-element_type=\"widget\" data-e-type=\"widget\" data-widget_type=\"image.default\">\n\t\t\t\t\t\t\t\t\t\t\t\t\t\t\t<img decoding=\"async\" width=\"569\" height=\"569\" src=\"https:\/\/www.cnxiangfu.com\/wp-content\/uploads\/2025\/11\/32.jpg\" class=\"attachment-full size-full wp-image-3193\" alt=\"\" srcset=\"https:\/\/www.cnxiangfu.com\/wp-content\/uploads\/2025\/11\/32.jpg 569w, https:\/\/www.cnxiangfu.com\/wp-content\/uploads\/2025\/11\/32-300x300.jpg 300w, https:\/\/www.cnxiangfu.com\/wp-content\/uploads\/2025\/11\/32-150x150.jpg 150w, https:\/\/www.cnxiangfu.com\/wp-content\/uploads\/2025\/11\/32-100x100.jpg 100w\" sizes=\"(max-width: 569px) 100vw, 569px\" title=\"\">\t\t\t\t\t\t\t\t\t\t\t\t\t\t\t<\/div>\n\t\t\t\t<div class=\"elementor-element elementor-element-94d938f elementor-widget elementor-widget-image\" data-id=\"94d938f\" data-element_type=\"widget\" data-e-type=\"widget\" data-widget_type=\"image.default\">\n\t\t\t\t\t\t\t\t\t\t\t\t\t\t\t<img decoding=\"async\" width=\"569\" height=\"565\" src=\"https:\/\/www.cnxiangfu.com\/wp-content\/uploads\/2025\/11\/33.jpg\" class=\"attachment-full size-full wp-image-3194\" alt=\"\" srcset=\"https:\/\/www.cnxiangfu.com\/wp-content\/uploads\/2025\/11\/33.jpg 569w, https:\/\/www.cnxiangfu.com\/wp-content\/uploads\/2025\/11\/33-300x298.jpg 300w, https:\/\/www.cnxiangfu.com\/wp-content\/uploads\/2025\/11\/33-150x150.jpg 150w, https:\/\/www.cnxiangfu.com\/wp-content\/uploads\/2025\/11\/33-100x100.jpg 100w\" sizes=\"(max-width: 569px) 100vw, 569px\" title=\"\">\t\t\t\t\t\t\t\t\t\t\t\t\t\t\t<\/div>\n\t\t\t\t<div class=\"elementor-element elementor-element-ca76c3a elementor-widget elementor-widget-image\" data-id=\"ca76c3a\" data-element_type=\"widget\" data-e-type=\"widget\" data-widget_type=\"image.default\">\n\t\t\t\t\t\t\t\t\t\t\t\t\t\t\t<img loading=\"lazy\" decoding=\"async\" width=\"569\" height=\"565\" src=\"https:\/\/www.cnxiangfu.com\/wp-content\/uploads\/2025\/11\/34.jpg\" class=\"attachment-full size-full wp-image-3195\" alt=\"\" srcset=\"https:\/\/www.cnxiangfu.com\/wp-content\/uploads\/2025\/11\/34.jpg 569w, https:\/\/www.cnxiangfu.com\/wp-content\/uploads\/2025\/11\/34-300x298.jpg 300w, https:\/\/www.cnxiangfu.com\/wp-content\/uploads\/2025\/11\/34-150x150.jpg 150w, https:\/\/www.cnxiangfu.com\/wp-content\/uploads\/2025\/11\/34-100x100.jpg 100w\" sizes=\"(max-width: 569px) 100vw, 569px\" title=\"\">\t\t\t\t\t\t\t\t\t\t\t\t\t\t\t<\/div>\n\t\t\t\t<div class=\"elementor-element elementor-element-c55fcd3 elementor-widget elementor-widget-image\" data-id=\"c55fcd3\" data-element_type=\"widget\" data-e-type=\"widget\" data-widget_type=\"image.default\">\n\t\t\t\t\t\t\t\t\t\t\t\t\t\t\t<img loading=\"lazy\" decoding=\"async\" width=\"569\" height=\"569\" src=\"https:\/\/www.cnxiangfu.com\/wp-content\/uploads\/2025\/11\/35.jpg\" class=\"attachment-full size-full wp-image-3196\" alt=\"\" srcset=\"https:\/\/www.cnxiangfu.com\/wp-content\/uploads\/2025\/11\/35.jpg 569w, https:\/\/www.cnxiangfu.com\/wp-content\/uploads\/2025\/11\/35-300x300.jpg 300w, https:\/\/www.cnxiangfu.com\/wp-content\/uploads\/2025\/11\/35-150x150.jpg 150w, https:\/\/www.cnxiangfu.com\/wp-content\/uploads\/2025\/11\/35-100x100.jpg 100w\" sizes=\"(max-width: 569px) 100vw, 569px\" title=\"\">\t\t\t\t\t\t\t\t\t\t\t\t\t\t\t<\/div>\n\t\t\t\t<div class=\"elementor-element elementor-element-bdf7d3c elementor-widget elementor-widget-image\" data-id=\"bdf7d3c\" data-element_type=\"widget\" data-e-type=\"widget\" data-widget_type=\"image.default\">\n\t\t\t\t\t\t\t\t\t\t\t\t\t\t\t<img loading=\"lazy\" decoding=\"async\" width=\"569\" height=\"540\" src=\"https:\/\/www.cnxiangfu.com\/wp-content\/uploads\/2025\/11\/36.jpg\" class=\"attachment-full size-full wp-image-3197\" alt=\"\" srcset=\"https:\/\/www.cnxiangfu.com\/wp-content\/uploads\/2025\/11\/36.jpg 569w, https:\/\/www.cnxiangfu.com\/wp-content\/uploads\/2025\/11\/36-300x285.jpg 300w\" sizes=\"(max-width: 569px) 100vw, 569px\" title=\"\">\t\t\t\t\t\t\t\t\t\t\t\t\t\t\t<\/div>\n\t\t\t\t\t<\/div>\n\t\t\t\t<\/div>\n\t\t\t\t<\/div>\n\t\t","protected":false},"excerpt":{"rendered":"<p>Nom du produit&nbsp;: Sac de<\/p>\n<p>jute Taille du produit&nbsp;: Largeur 45cm x Hauteur 32cm x Largeur inf\u00e9rieure 14cm (unit\u00e9&nbsp;: centim\u00e8tres)<\/p>\n<p> Tissu du sac&nbsp;: Toile de jute<\/p>\n<p>Poign\u00e9e&nbsp;: Sangle de coton \u00e9paisse, avec une forte capacit\u00e9<\/p>\n<p>de charge Utilisation&nbsp;: Voyage, Shopping, Utilisation quotidienne<\/p>\n","protected":false},"featured_media":3001,"comment_status":"open","ping_status":"closed","template":"","meta":{"_acf_changed":false},"product_brand":[],"product_cat":[106],"product_tag":[],"class_list":{"0":"post-3135","1":"product","2":"type-product","3":"status-publish","4":"has-post-thumbnail","6":"product_cat-sac-en-jute-personnalise","8":"first","9":"onbackorder","10":"shipping-taxable","11":"product-type-simple"},"acf":[],"_links":{"self":[{"href":"https:\/\/www.cnxiangfu.com\/fr\/wp-json\/wp\/v2\/product\/3135","targetHints":{"allow":["GET"]}}],"collection":[{"href":"https:\/\/www.cnxiangfu.com\/fr\/wp-json\/wp\/v2\/product"}],"about":[{"href":"https:\/\/www.cnxiangfu.com\/fr\/wp-json\/wp\/v2\/types\/product"}],"replies":[{"embeddable":true,"href":"https:\/\/www.cnxiangfu.com\/fr\/wp-json\/wp\/v2\/comments?post=3135"}],"version-history":[{"count":5,"href":"https:\/\/www.cnxiangfu.com\/fr\/wp-json\/wp\/v2\/product\/3135\/revisions"}],"predecessor-version":[{"id":4149,"href":"https:\/\/www.cnxiangfu.com\/fr\/wp-json\/wp\/v2\/product\/3135\/revisions\/4149"}],"wp:featuredmedia":[{"embeddable":true,"href":"https:\/\/www.cnxiangfu.com\/fr\/wp-json\/wp\/v2\/media\/3001"}],"wp:attachment":[{"href":"https:\/\/www.cnxiangfu.com\/fr\/wp-json\/wp\/v2\/media?parent=3135"}],"wp:term":[{"taxonomy":"product_brand","embeddable":true,"href":"https:\/\/www.cnxiangfu.com\/fr\/wp-json\/wp\/v2\/product_brand?post=3135"},{"taxonomy":"product_cat","embeddable":true,"href":"https:\/\/www.cnxiangfu.com\/fr\/wp-json\/wp\/v2\/product_cat?post=3135"},{"taxonomy":"product_tag","embeddable":true,"href":"https:\/\/www.cnxiangfu.com\/fr\/wp-json\/wp\/v2\/product_tag?post=3135"}],"curies":[{"name":"wp","href":"https:\/\/api.w.org\/{rel}","templated":true}]}}